{"id":1616,"date":"2022-11-22T12:37:45","date_gmt":"2022-11-22T11:37:45","guid":{"rendered":"https:\/\/site.nord.no\/studorg\/?page_id=1616"},"modified":"2025-09-01T13:37:02","modified_gmt":"2025-09-01T11:37:02","slug":"bestill-stand","status":"publish","type":"page","link":"https:\/\/site.nord.no\/studorg\/sob\/bestill-stand\/","title":{"rendered":"Bestill stand"},"content":{"rendered":"\n<h2 class=\"wp-block-heading has-black-color has-text-color\">Generell informasjon:<\/h2>\n\n\n\n<p class=\"has-black-color has-text-color\">Dette er skjemaet for booking av standplass i Nord universitet sitt mingleomr\u00e5de, Gr\u00e5sona. F\u00f8r du booker stand, ber vi deg vennligst om \u00e5 lese all informasjon og regelverket.<\/p>\n\n\n\n<p class=\"has-black-color has-text-color\">Dersom du \u00f8nsker \u00e5 avholde en stand p\u00e5 universitetet, fyller du ut dette skjemaet og du vil etter kort tid f\u00e5 bekreftelse p\u00e5 om vi har ledig plass den dagen dere \u00f8nsker \u00e5 st\u00e5 p\u00e5 stand. Studentorganisasjonen i Bod\u00f8 forbeholder seg retten til \u00e5 prioritere og avgj\u00f8re hvilke akt\u00f8rer som innvilges standplass.<\/p>\n\n\n\n<p class=\"has-black-color has-text-color\">S\u00f8knad om stand m\u00e5 sendes inn minst <strong>48 timer f\u00f8r \u00f8nsket booking<\/strong>. Du vil etter kort tid motta svar p\u00e5 din foresp\u00f8rsel om standplass.<\/p>\n\n\n\n<p class=\"has-black-color has-text-color\">Dersom du har \u00f8nsker eller behov til standen, ta kontakt med <a href=\"mailto:campusservice@nord.no\">campusservice@nord.no<\/a>&nbsp;for hjelp. Dette gjelder ogs\u00e5 for l\u00e5n av praktisk utstyr, som bord o.l.<\/p>\n\n\n\n<p class=\"has-black-color has-text-color\">For sp\u00f8rsm\u00e5l, ta kontakt med <a href=\"mailto:leder.sob@so.nord.no\">nestleder.sob@so.nord.no<\/a><\/p>\n\n\n\n<h2 class=\"wp-block-heading has-black-color has-text-color\">Priser:<\/h2>\n\n\n\n<p class=\"has-black-color has-text-color\">Studentforening\/undergruppe\/andre organiserte studentgrupper: 0,- kr<br>Frivillige organisasjoner: 0,- kr \/ 500,- kr ved salg av medlemskap<br>Aksjeselskaper \/ Fagforeninger : 2.000,- kr<br>Offentlig sektor: 1.000,- kr<br>Samarbeidspartner: 0,- kr<br><\/p>\n\n\n\n<h2 class=\"wp-block-heading has-black-color has-text-color\">Regelverk:<\/h2>\n\n\n\n<p class=\"has-black-color has-text-color\">1. Vis hensyn p\u00e5 stand. P\u00e5g\u00e5ende oppf\u00f8rsel er ikke tillatt, og det m\u00e5 respekteres dersom noen ikke er interessert.<\/p>\n\n\n\n<p class=\"has-black-color has-text-color\"><br>2. Vi ber alle stands om \u00e5 rydde opp etter seg. Dersom bord o.l har blitt flyttet p\u00e5, m\u00e5 det settes p\u00e5 plass igjen. Husk \u00e5 ta med alt medbrakt materiell n\u00e5r standen forlates.<\/p>\n\n\n\n<p class=\"has-black-color has-text-color\"><br>3. Stand m\u00e5 ikke plasseres foran n\u00f8dutganger. <\/p>\n\n\n\n<p class=\"has-black-color has-text-color\">4. Ikke tillat med politisk partier, med unntak at de har f\u00e5tt invitasjon fra Studentorganisasjon Bod\u00f8 (SOB)<\/p>\n\n\n\n<h3 class=\"wp-block-heading has-black-color has-text-color\">Standbookingsskjema:<\/h3>\n\n\n\n<div class=\"wp-block-buttons is-layout-flex wp-block-buttons-is-layout-flex\">\n<div class=\"wp-block-button\"><a class=\"wp-block-button__link wp-element-button\" href=\"https:\/\/docs.google.com\/forms\/d\/e\/1FAIpQLSd6dtYn4fKtWk0QDZamg2MzCwHjgqimSbJkAyZ-w-wnAWISaQ\/viewform?usp=header\"><strong>Book stand<\/strong><\/a><\/div>\n<\/div>\n\n\n\n<p class=\"has-black-color has-text-color\"><\/p>\n\n\n\n<div style=\"height:17px\" aria-hidden=\"true\" class=\"wp-block-spacer\"><\/div>\n\n\n\n<h2 class=\"wp-block-heading has-black-color has-text-color\">English:<\/h2>\n\n\n\n<h3 class=\"wp-block-heading has-black-color has-text-color\">General instructions:<\/h3>\n\n\n\n<p class=\"has-black-color has-text-color\">If you want to book a stand in the grey area at Nord university, you are required to fill out this form. We kindly ask you to read all the information and rules before booking.<\/p>\n\n\n\n<p class=\"has-black-color has-text-color\">By filling out this form, the student organization will receive your application for having a stand. After a short period you will receive an answer, confirming that the grey area is available at the time you wish to have a stand. The student organization reserves its right to prioritize and determine who is granted a stand. &nbsp;<\/p>\n\n\n\n<p class=\"has-black-color has-text-color\">Your application must be sent <strong>48 hours in advance<\/strong>, for us to be able to process it. After a short period you will receive an answer to your request.<\/p>\n\n\n\n<p class=\"has-black-color has-text-color\">If you have any practical needs for your stand like tables, please contact <a href=\"mailto:campusservice@nord.no\">campusservice@nord.no<\/a>&nbsp;for help.<\/p>\n\n\n\n<p class=\"has-black-color has-text-color\">For any further questions, please contact <a href=\"mailto:leder.sob@so.nord.no\">nestleder.sob@so.nord.no<\/a><\/p>\n\n\n\n<h3 class=\"wp-block-heading has-black-color has-text-color\">Prices:<\/h3>\n\n\n\n<p class=\"has-black-color has-text-color\">Student unions\/organizations associated with the student organization or university\/other organized student groups: 0,- kr<br>Volunteer organizations; 0,- kr \/ 500,- kr by membership sales<br>Corporations \/ Workers union: 2000,- kr<br>Public sector: 1000,- kr<br>Collaborators: 0,- kr<\/p>\n\n\n\n<p class=\"has-black-color has-text-color\"><\/p>\n\n\n\n<h3 class=\"wp-block-heading has-black-color has-text-color\">Application form:<\/h3>\n\n\n\n<div class=\"wp-block-buttons is-layout-flex wp-block-buttons-is-layout-flex\">\n<div class=\"wp-block-button\"><a class=\"wp-block-button__link wp-element-button\" href=\"https:\/\/docs.google.com\/forms\/d\/e\/1FAIpQLSd6dtYn4fKtWk0QDZamg2MzCwHjgqimSbJkAyZ-w-wnAWISaQ\/viewform?usp=header\"><strong>Book stand<\/strong><\/a><\/div>\n<\/div>\n\n\n\n<div style=\"height:19px\" aria-hidden=\"true\" class=\"wp-block-spacer\"><\/div>\n\n\n\n<p class=\"has-black-color has-text-color\"><\/p>\n\n\n\n<p><\/p>\n","protected":false},"excerpt":{"rendered":"<p>Generell informasjon: Dette er skjemaet for booking av standplass i Nord universitet sitt mingleomr\u00e5de, Gr\u00e5sona. F\u00f8r du booker stand, ber vi deg vennligst om \u00e5 lese all informasjon og regelverket. Dersom du \u00f8nsker \u00e5 avholde en stand p\u00e5 universitetet, fyller du ut dette skjemaet og du vil etter kort tid f\u00e5 bekreftelse p\u00e5 om vi [&hellip;]<\/p>\n","protected":false},"author":124,"featured_media":1625,"parent":215,"menu_order":0,"comment_status":"closed","ping_status":"closed","template":"","meta":{"footnotes":""},"coauthors":[22],"class_list":["post-1616","page","type-page","status-publish","has-post-thumbnail","hentry"],"_links":{"self":[{"href":"https:\/\/site.nord.no\/studorg\/wp-json\/wp\/v2\/pages\/1616","targetHints":{"allow":["GET"]}}],"collection":[{"href":"https:\/\/site.nord.no\/studorg\/wp-json\/wp\/v2\/pages"}],"about":[{"href":"https:\/\/site.nord.no\/studorg\/wp-json\/wp\/v2\/types\/page"}],"author":[{"embeddable":true,"href":"https:\/\/site.nord.no\/studorg\/wp-json\/wp\/v2\/users\/124"}],"replies":[{"embeddable":true,"href":"https:\/\/site.nord.no\/studorg\/wp-json\/wp\/v2\/comments?post=1616"}],"version-history":[{"count":36,"href":"https:\/\/site.nord.no\/studorg\/wp-json\/wp\/v2\/pages\/1616\/revisions"}],"predecessor-version":[{"id":4810,"href":"https:\/\/site.nord.no\/studorg\/wp-json\/wp\/v2\/pages\/1616\/revisions\/4810"}],"up":[{"embeddable":true,"href":"https:\/\/site.nord.no\/studorg\/wp-json\/wp\/v2\/pages\/215"}],"wp:featuredmedia":[{"embeddable":true,"href":"https:\/\/site.nord.no\/studorg\/wp-json\/wp\/v2\/media\/1625"}],"wp:attachment":[{"href":"https:\/\/site.nord.no\/studorg\/wp-json\/wp\/v2\/media?parent=1616"}],"wp:term":[{"taxonomy":"author","embeddable":true,"href":"https:\/\/site.nord.no\/studorg\/wp-json\/wp\/v2\/coauthors?post=1616"}],"curies":[{"name":"wp","href":"https:\/\/api.w.org\/{rel}","templated":true}]}}