{"id":1664,"date":"2022-11-29T09:53:18","date_gmt":"2022-11-29T08:53:18","guid":{"rendered":"https:\/\/site.nord.no\/studorg\/?page_id=1664"},"modified":"2026-04-15T17:58:48","modified_gmt":"2026-04-15T15:58:48","slug":"dokumenter","status":"publish","type":"page","link":"https:\/\/site.nord.no\/studorg\/soh\/dokumenter\/","title":{"rendered":"Dokumenter"},"content":{"rendered":"\n<div style=\"height:11px\" aria-hidden=\"true\" class=\"wp-block-spacer\"><\/div>\n\n\n\n<div class=\"wp-block-columns is-layout-flex wp-container-core-columns-is-layout-28f84493 wp-block-columns-is-layout-flex\">\n<div class=\"wp-block-column is-layout-flow wp-block-column-is-layout-flow\">\n<h2 class=\"wp-block-heading\">Styrem\u00f8ter<\/h2>\n\n\n\n<ul id=\"block-9b66c4a1-22a3-4b6d-bc1d-9139a460680e\" class=\"wp-block-list\">\n<li><a href=\"https:\/\/site.nord.no\/studorg\/wp-content\/uploads\/sites\/28\/2025\/11\/Styremote-1-SOH-referat.pdf\">Styrem\u00f8te 1 25.09.2025<\/a> (pdf)<\/li>\n\n\n\n<li><a href=\"https:\/\/site.nord.no\/studorg\/wp-content\/uploads\/sites\/28\/2025\/11\/Styremote-2-SOH-Referat.pdf\">Styrem\u00f8te 2 22.10.2025<\/a> (pdf)<\/li>\n\n\n\n<li><a href=\"https:\/\/site.nord.no\/studorg\/wp-content\/uploads\/sites\/28\/2026\/01\/Styremote-3-SOH-2025-2026.pdf\" data-type=\"link\" data-id=\"https:\/\/site.nord.no\/studorg\/wp-content\/uploads\/sites\/28\/2026\/01\/Styremote-3-SOH-2025-2026.pdf\">Styrem\u00f8te 3<\/a> 15.11.2025 (pdf)<\/li>\n\n\n\n<li>Styrem\u00f8te 4 11.12.2025 (pdf)<\/li>\n\n\n\n<li>Styrem\u00f8te 5 (pdf)<\/li>\n\n\n\n<li>Styrem\u00f8te 6 (pdf)<\/li>\n\n\n\n<li>Styrem\u00f8te 7 (pdf)<\/li>\n\n\n\n<li>Styrem\u00f8te 8 (pdf)<\/li>\n<\/ul>\n<\/div>\n<\/div>\n\n\n\n<div class=\"wp-block-columns is-layout-flex wp-container-core-columns-is-layout-28f84493 wp-block-columns-is-layout-flex\">\n<div class=\"wp-block-column is-layout-flow wp-block-column-is-layout-flow\">\n<h2 class=\"wp-block-heading\">\u00c5rsm\u00f8ter<\/h2>\n\n\n\n<ul class=\"wp-block-list\">\n<li>\u00c5rsm\u00f8te 2024<\/li>\n\n\n\n<li><a href=\"https:\/\/site.nord.no\/studorg\/wp-content\/uploads\/sites\/28\/2022\/11\/Protokoll-ekstraord.-arsmote-SOH-2022-signert-1.pdf\">Ekstraordin\u00e6rt \u00e5rsm\u00f8te 2022<\/a><\/li>\n<\/ul>\n<\/div>\n<\/div>\n\n\n\n<div class=\"wp-block-columns is-layout-flex wp-container-core-columns-is-layout-28f84493 wp-block-columns-is-layout-flex\">\n<div class=\"wp-block-column is-layout-flow wp-block-column-is-layout-flow\">\n<h2 class=\"wp-block-heading\">Styringsdokumenter<\/h2>\n\n\n\n<ul class=\"wp-block-list\">\n<li><a href=\"https:\/\/site.nord.no\/studorg\/wp-content\/uploads\/sites\/28\/2022\/11\/Forskrifter-SOH-2022.docx\">Forskrifter 2022\/2023<\/a> (utdatert)<\/li>\n\n\n\n<li><a href=\"https:\/\/site.nord.no\/studorg\/wp-content\/uploads\/sites\/28\/2022\/11\/Vedtekter-SOH-2022.docx\">Vedtekter 2022\/2023<\/a> (utdatert)<\/li>\n\n\n\n<li><a href=\"https:\/\/site.nord.no\/studorg\/wp-content\/uploads\/sites\/28\/2026\/04\/Vedteker-SOH-2026.pdf\" data-type=\"link\" data-id=\"https:\/\/site.nord.no\/studorg\/wp-content\/uploads\/sites\/28\/2026\/04\/Vedteker-SOH-2026.pdf\">Vedtekter 2026\/2027<\/a> (PDF)<\/li>\n\n\n\n<li>Forskrifter 2026\/2027 (PDF)<\/li>\n<\/ul>\n<\/div>\n\n\n\n<div class=\"wp-block-column is-layout-flow wp-block-column-is-layout-flow\"><\/div>\n<\/div>\n\n\n\n<p><\/p>\n\n\n\n<h2 class=\"wp-block-heading\">\u00d8konomi<\/h2>\n\n\n\n<p><a href=\"https:\/\/site.nord.no\/studorg\/wp-content\/uploads\/sites\/28\/2026\/01\/Budsjett-SOH-25-26.xlsx\" data-type=\"link\" data-id=\"https:\/\/site.nord.no\/studorg\/wp-content\/uploads\/sites\/28\/2026\/01\/Budsjett-SOH-25-26.xlsx\">Budsjett 25\/26<\/a> (revidert 22.10.2025) (Excel)<\/p>\n\n\n\n<p><\/p>\n","protected":false},"excerpt":{"rendered":"<p>Styrem\u00f8ter \u00c5rsm\u00f8ter Styringsdokumenter \u00d8konomi Budsjett 25\/26 (revidert 22.10.2025) (Excel)<\/p>\n","protected":false},"author":126,"featured_media":0,"parent":224,"menu_order":0,"comment_status":"closed","ping_status":"closed","template":"","meta":{"footnotes":""},"coauthors":[23],"class_list":["post-1664","page","type-page","status-publish","hentry"],"_links":{"self":[{"href":"https:\/\/site.nord.no\/studorg\/wp-json\/wp\/v2\/pages\/1664","targetHints":{"allow":["GET"]}}],"collection":[{"href":"https:\/\/site.nord.no\/studorg\/wp-json\/wp\/v2\/pages"}],"about":[{"href":"https:\/\/site.nord.no\/studorg\/wp-json\/wp\/v2\/types\/page"}],"author":[{"embeddable":true,"href":"https:\/\/site.nord.no\/studorg\/wp-json\/wp\/v2\/users\/126"}],"replies":[{"embeddable":true,"href":"https:\/\/site.nord.no\/studorg\/wp-json\/wp\/v2\/comments?post=1664"}],"version-history":[{"count":22,"href":"https:\/\/site.nord.no\/studorg\/wp-json\/wp\/v2\/pages\/1664\/revisions"}],"predecessor-version":[{"id":5245,"href":"https:\/\/site.nord.no\/studorg\/wp-json\/wp\/v2\/pages\/1664\/revisions\/5245"}],"up":[{"embeddable":true,"href":"https:\/\/site.nord.no\/studorg\/wp-json\/wp\/v2\/pages\/224"}],"wp:attachment":[{"href":"https:\/\/site.nord.no\/studorg\/wp-json\/wp\/v2\/media?parent=1664"}],"wp:term":[{"taxonomy":"author","embeddable":true,"href":"https:\/\/site.nord.no\/studorg\/wp-json\/wp\/v2\/coauthors?post=1664"}],"curies":[{"name":"wp","href":"https:\/\/api.w.org\/{rel}","templated":true}]}}