{"id":1670,"date":"2022-11-29T09:57:29","date_gmt":"2022-11-29T08:57:29","guid":{"rendered":"https:\/\/site.nord.no\/studorg\/?page_id=1670"},"modified":"2025-12-01T11:18:38","modified_gmt":"2025-12-01T10:18:38","slug":"studenttilbud","status":"publish","type":"page","link":"https:\/\/site.nord.no\/studorg\/soh\/studenttilbud\/","title":{"rendered":"Studenttilbud"},"content":{"rendered":"\n<p>Her finner du informasjon om studenttilbud p\u00e5 Helgeland, n\u00e6rt studiested Mo i Rana og Nesna.<\/p>\n\n\n\n<div style=\"height:22px\" aria-hidden=\"true\" class=\"wp-block-spacer\"><\/div>\n\n\n\n<div class=\"wp-block-columns is-layout-flex wp-container-core-columns-is-layout-28f84493 wp-block-columns-is-layout-flex\">\n<div class=\"wp-block-column is-layout-flow wp-block-column-is-layout-flow\">\n<h4 class=\"wp-block-heading\">Mat og drikke<\/h4>\n\n\n\n<ul class=\"wp-block-list\">\n<li>Gyda &#8211; 10%<\/li>\n\n\n\n<li>Tanjas kj\u00f8kken &#8211; 10%<\/li>\n\n\n\n<li>Pizzabakeren &#8211; 20% p\u00e5 pizza<\/li>\n<\/ul>\n\n\n\n<ul class=\"wp-block-list\">\n<li>Niveau<\/li>\n\n\n\n<li>Park 22<\/li>\n\n\n\n<li>Munin<\/li>\n<\/ul>\n\n\n\n<div style=\"height:8px\" aria-hidden=\"true\" class=\"wp-block-spacer\"><\/div>\n\n\n\n<h4 class=\"wp-block-heading\">Overnatting<\/h4>\n\n\n\n<ul class=\"wp-block-list\">\n<li>Informasjon kommer\n<ul class=\"wp-block-list\">\n<li>Tilbud kommer<\/li>\n<\/ul>\n<\/li>\n<\/ul>\n\n\n\n<h4 class=\"wp-block-heading\">Diverse<\/h4>\n\n\n\n<ul class=\"wp-block-list\">\n<li>Synspunkt Stensland\n<ul class=\"wp-block-list\">\n<li>20% p\u00e5 komplett brille<\/li>\n<\/ul>\n<\/li>\n<\/ul>\n<\/div>\n\n\n\n<div class=\"wp-block-column is-layout-flow wp-block-column-is-layout-flow\">\n<h4 class=\"wp-block-heading\">Aktiviteter<\/h4>\n\n\n\n<ul class=\"wp-block-list\">\n<li>Rana Kino: \n<ul class=\"wp-block-list\">\n<li>Studentbillett 120kr<\/li>\n\n\n\n<li>Popkorn-meny 55kr<br><\/li>\n<\/ul>\n<\/li>\n<\/ul>\n\n\n\n<ul class=\"wp-block-list\">\n<li>Klippekort p\u00e5 klatring hos Max Arena\n<ul class=\"wp-block-list\">\n<li>Gratis klatring for studenter mot fremvisning av studentbevis<\/li>\n<\/ul>\n<\/li>\n<\/ul>\n<\/div>\n<\/div>\n\n\n\n<p><strong>Fris\u00f8r<\/strong><\/p>\n\n\n\n<ul class=\"wp-block-list\">\n<li>Zikk-Zaks &#8211; 20% p\u00e5 alt av klipp inkludert styling (mot fremvisning av studentbevis)<\/li>\n<\/ul>\n\n\n\n<p><\/p>\n","protected":false},"excerpt":{"rendered":"<p>Her finner du informasjon om studenttilbud p\u00e5 Helgeland, n\u00e6rt studiested Mo i Rana og Nesna. Mat og drikke Overnatting Diverse Aktiviteter Fris\u00f8r<\/p>\n","protected":false},"author":126,"featured_media":0,"parent":224,"menu_order":0,"comment_status":"closed","ping_status":"closed","template":"","meta":{"footnotes":""},"coauthors":[23],"class_list":["post-1670","page","type-page","status-publish","hentry"],"_links":{"self":[{"href":"https:\/\/site.nord.no\/studorg\/wp-json\/wp\/v2\/pages\/1670","targetHints":{"allow":["GET"]}}],"collection":[{"href":"https:\/\/site.nord.no\/studorg\/wp-json\/wp\/v2\/pages"}],"about":[{"href":"https:\/\/site.nord.no\/studorg\/wp-json\/wp\/v2\/types\/page"}],"author":[{"embeddable":true,"href":"https:\/\/site.nord.no\/studorg\/wp-json\/wp\/v2\/users\/126"}],"replies":[{"embeddable":true,"href":"https:\/\/site.nord.no\/studorg\/wp-json\/wp\/v2\/comments?post=1670"}],"version-history":[{"count":21,"href":"https:\/\/site.nord.no\/studorg\/wp-json\/wp\/v2\/pages\/1670\/revisions"}],"predecessor-version":[{"id":5049,"href":"https:\/\/site.nord.no\/studorg\/wp-json\/wp\/v2\/pages\/1670\/revisions\/5049"}],"up":[{"embeddable":true,"href":"https:\/\/site.nord.no\/studorg\/wp-json\/wp\/v2\/pages\/224"}],"wp:attachment":[{"href":"https:\/\/site.nord.no\/studorg\/wp-json\/wp\/v2\/media?parent=1670"}],"wp:term":[{"taxonomy":"author","embeddable":true,"href":"https:\/\/site.nord.no\/studorg\/wp-json\/wp\/v2\/coauthors?post=1670"}],"curies":[{"name":"wp","href":"https:\/\/api.w.org\/{rel}","templated":true}]}}