{"id":1738,"date":"2022-11-30T11:03:42","date_gmt":"2022-11-30T10:03:42","guid":{"rendered":"https:\/\/site.nord.no\/studorg\/?page_id=1738"},"modified":"2023-02-02T13:57:58","modified_gmt":"2023-02-02T12:57:58","slug":"levanger","status":"publish","type":"page","link":"https:\/\/site.nord.no\/studorg\/sot\/levanger\/","title":{"rendered":"Studentaktiviteter"},"content":{"rendered":"\n<p>Ved campus Levanger kan du engasjere deg i studentforeningene du vil! Finn din interesse du allerede har eller hiv deg ut i noe helt nytt. <\/p>\n\n\n\n<div class=\"wp-block-columns is-layout-flex wp-container-core-columns-is-layout-28f84493 wp-block-columns-is-layout-flex\">\n<div class=\"wp-block-column is-layout-flow wp-block-column-is-layout-flow\">\n<p><a href=\"https:\/\/www.facebook.com\/profile.php?id=100063574781251\">R\u00f8stad Studentkor<\/a><\/p>\n\n\n\n<figure class=\"wp-block-image size-full is-style-rounded\"><img fetchpriority=\"high\" decoding=\"async\" width=\"1080\" height=\"1073\" src=\"https:\/\/site.nord.no\/studorg\/wp-content\/uploads\/sites\/28\/2022\/12\/318452715_482090420697647_3603726735129274417_n.jpg\" alt=\"\" class=\"wp-image-1930\" \/><\/figure>\n<\/div>\n\n\n\n<div class=\"wp-block-column is-layout-flow wp-block-column-is-layout-flow\">\n<p><a href=\"https:\/\/www.facebook.com\/roestadscene\">R\u00f8stad Scene<\/a><\/p>\n\n\n\n<figure class=\"wp-block-image size-full is-style-rounded\"><img decoding=\"async\" width=\"300\" height=\"300\" src=\"https:\/\/site.nord.no\/studorg\/wp-content\/uploads\/sites\/28\/2022\/11\/rs.jpeg\" alt=\"\" class=\"wp-image-1763\" \/><\/figure>\n<\/div>\n\n\n\n<div class=\"wp-block-column is-layout-flow wp-block-column-is-layout-flow\">\n<p><a href=\"https:\/\/www.facebook.com\/Levangerstudentenesi\">LSI<\/a><\/p>\n\n\n\n<figure class=\"wp-block-image size-full is-resized is-style-rounded\"><img decoding=\"async\" src=\"https:\/\/site.nord.no\/studorg\/wp-content\/uploads\/sites\/28\/2022\/11\/LSI.jpeg\" alt=\"\" class=\"wp-image-1762\" width=\"210\" height=\"295\" \/><\/figure>\n\n\n\n<p><\/p>\n<\/div>\n<\/div>\n\n\n\n<div class=\"wp-block-columns is-layout-flex wp-container-core-columns-is-layout-28f84493 wp-block-columns-is-layout-flex\">\n<div class=\"wp-block-column is-layout-flow wp-block-column-is-layout-flow\">\n<p><a href=\"https:\/\/www.facebook.com\/nord.indevelopment\">In Development<\/a><\/p>\n<\/div>\n\n\n\n<div class=\"wp-block-column is-layout-flow wp-block-column-is-layout-flow\">\n<p><a href=\"https:\/\/www.instagram.com\/saad_noerhte\/\">STUDEENTH \u00c5ARJELDAJVESNE (S\u00c5D)<\/a><\/p>\n<\/div>\n\n\n\n<div class=\"wp-block-column is-layout-flow wp-block-column-is-layout-flow\">\n<p><a href=\"https:\/\/www.instagram.com\/queer_student_club_nord\/?igshid=YmMyMTA2M2Y%3D\">The Queer Club<\/a><\/p>\n<\/div>\n<\/div>\n\n\n\n<div class=\"wp-block-columns is-layout-flex wp-container-core-columns-is-layout-28f84493 wp-block-columns-is-layout-flex\">\n<div class=\"wp-block-column is-layout-flow wp-block-column-is-layout-flow\">\n<figure class=\"wp-block-image size-full is-resized is-style-rounded\"><img loading=\"lazy\" decoding=\"async\" src=\"https:\/\/site.nord.no\/studorg\/wp-content\/uploads\/sites\/28\/2022\/12\/in-development.png\" alt=\"\" class=\"wp-image-1806\" width=\"255\" height=\"371\" \/><\/figure>\n<\/div>\n\n\n\n<div class=\"wp-block-column is-vertically-aligned-top is-layout-flow wp-block-column-is-layout-flow\"><\/div>\n\n\n\n<div class=\"wp-block-column is-layout-flow wp-block-column-is-layout-flow\">\n<figure class=\"wp-block-image size-full is-resized is-style-rounded\"><img loading=\"lazy\" decoding=\"async\" src=\"https:\/\/site.nord.no\/studorg\/wp-content\/uploads\/sites\/28\/2022\/12\/pride.jpg\" alt=\"\" class=\"wp-image-1836\" width=\"253\" height=\"142\" \/><\/figure>\n<\/div>\n<\/div>\n\n\n\n<div class=\"wp-block-columns is-layout-flex wp-container-core-columns-is-layout-28f84493 wp-block-columns-is-layout-flex\">\n<div class=\"wp-block-column is-layout-flow wp-block-column-is-layout-flow\">\n<p><a href=\"https:\/\/www.facebook.com\/pslevanger\/about?ref=page_internal\">Pedagogstudentene Nord, Levanger<\/a><\/p>\n<\/div>\n\n\n\n<div class=\"wp-block-column is-layout-flow wp-block-column-is-layout-flow\">\n<p><a href=\"https:\/\/www.facebook.com\/linjeforeningendeadline\/?fref=ts\">Deadline<\/a><\/p>\n<\/div>\n\n\n\n<div class=\"wp-block-column is-layout-flow wp-block-column-is-layout-flow\"><\/div>\n<\/div>\n\n\n\n<div class=\"wp-block-columns is-layout-flex wp-container-core-columns-is-layout-28f84493 wp-block-columns-is-layout-flex\">\n<div class=\"wp-block-column is-layout-flow wp-block-column-is-layout-flow\">\n<figure class=\"wp-block-image size-full is-style-rounded\"><img loading=\"lazy\" decoding=\"async\" width=\"1024\" height=\"1024\" src=\"https:\/\/site.nord.no\/studorg\/wp-content\/uploads\/sites\/28\/2022\/12\/pedagogstudentene.jpeg\" alt=\"\" class=\"wp-image-1809\" \/><\/figure>\n<\/div>\n\n\n\n<div class=\"wp-block-column is-layout-flow wp-block-column-is-layout-flow\">\n<figure class=\"wp-block-image size-full\"><img loading=\"lazy\" decoding=\"async\" width=\"312\" height=\"312\" src=\"https:\/\/site.nord.no\/studorg\/wp-content\/uploads\/sites\/28\/2022\/12\/Dedline.png\" alt=\"\" class=\"wp-image-1811\" \/><\/figure>\n<\/div>\n\n\n\n<div class=\"wp-block-column is-layout-flow wp-block-column-is-layout-flow\"><\/div>\n<\/div>\n\n\n\n<figure class=\"wp-block-table has-small-font-size\"><table><tbody><tr><td><img loading=\"lazy\" decoding=\"async\" width=\"1080\" height=\"1073\" class=\"wp-image-1930\" style=\"width: 150px\" src=\"https:\/\/site.nord.no\/studorg\/wp-content\/uploads\/sites\/28\/2022\/12\/318452715_482090420697647_3603726735129274417_n.jpg\" alt=\"\"><\/td><td>R\u00f8stad Studentkor er et kor der det sosiale er like viktig som det \u00e5 synge i kor. Her er alle studenter og unge voksne velkommen til \u00e5 v\u00e6re med \u00e5 ta en trall i lystig lag. Her kreves ingen erfaringer innen sang, da dette er et lavterskel kor.<\/td><td>Facebook<br>Instagram<br>E-post: <\/td><\/tr><tr><td><img loading=\"lazy\" decoding=\"async\" width=\"300\" height=\"300\" class=\"wp-image-1763\" style=\"width: 150px\" src=\"https:\/\/site.nord.no\/studorg\/wp-content\/uploads\/sites\/28\/2022\/11\/rs.jpeg\" alt=\"\"><\/td><td>R\u00f8stad Scene er en forening der du kan v\u00e6re med i en del ulike undergrupper:<br><strong>Bargruppa<\/strong>, <strong>Teknisk<\/strong> (lyd og lys), <strong>RAVE<\/strong>(Backstageansvarlig og events), <strong>Revygruppa<\/strong>, <strong>REOL<\/strong>(Husbandet) og <strong>bookingansvarlige<\/strong>. Her trengs ingen forkunnskaper, og du f\u00e5r god oppl\u00e6ring og oppf\u00f8lging.<\/td><td>Facebook<br>Instagram E-post<\/td><\/tr><tr><td><img loading=\"lazy\" decoding=\"async\" width=\"1240\" height=\"1748\" class=\"wp-image-1762\" style=\"width: 150px\" src=\"https:\/\/site.nord.no\/studorg\/wp-content\/uploads\/sites\/28\/2022\/11\/LSI.jpeg\" alt=\"\"><\/td><td>Levangerstudentenes idrettslag har et stort utvalg av ulike aktiviteter man kan delta p\u00e5. <strong>Volleyball,<\/strong> <strong>Fotball<\/strong> og <strong>h\u00e5ndball<\/strong> har b\u00e5de (spilling for g\u00f8y, og om du \u00f8nsker \u00e5 spille for \u00e5 bli bedre). <strong>klatring<\/strong> og <strong>turgruppa<\/strong> har ogs\u00e5 arrangement som passer b\u00e5de for nybegynnere og erfarne klatrere og turg\u00e5ere.<\/td><td>Facebook<br>Instagram<br>E-post<\/td><\/tr><tr><td><img loading=\"lazy\" decoding=\"async\" width=\"1704\" height=\"959\" class=\"wp-image-1836\" style=\"width: 150px\" src=\"https:\/\/site.nord.no\/studorg\/wp-content\/uploads\/sites\/28\/2022\/12\/pride.jpg\" alt=\"\"><\/td><td>Queerclub er <\/td><td><\/td><\/tr><tr><td><img loading=\"lazy\" decoding=\"async\" width=\"1024\" height=\"1024\" class=\"wp-image-1809\" style=\"width: 150px\" src=\"https:\/\/site.nord.no\/studorg\/wp-content\/uploads\/sites\/28\/2022\/12\/pedagogstudentene.jpeg\" alt=\"\"><\/td><td><\/td><td><\/td><\/tr><tr><td><img loading=\"lazy\" decoding=\"async\" width=\"312\" height=\"312\" class=\"wp-image-1811\" style=\"width: 150px\" src=\"https:\/\/site.nord.no\/studorg\/wp-content\/uploads\/sites\/28\/2022\/12\/Dedline.png\" alt=\"\"><\/td><td><\/td><td><\/td><\/tr><tr><td><img loading=\"lazy\" decoding=\"async\" width=\"228\" height=\"331\" class=\"wp-image-1806\" style=\"width: 150px\" src=\"https:\/\/site.nord.no\/studorg\/wp-content\/uploads\/sites\/28\/2022\/12\/in-development.png\" alt=\"\"><\/td><td><\/td><td><\/td><\/tr><tr><td><img loading=\"lazy\" decoding=\"async\" width=\"225\" height=\"225\" class=\"wp-image-2686\" style=\"width: 150px\" src=\"https:\/\/site.nord.no\/studorg\/wp-content\/uploads\/sites\/28\/2023\/02\/amesty.jpg\" alt=\"\"><\/td><td><\/td><td><\/td><\/tr><tr><td><img loading=\"lazy\" decoding=\"async\" width=\"400\" height=\"400\" class=\"wp-image-2687\" style=\"width: 150px\" src=\"https:\/\/site.nord.no\/studorg\/wp-content\/uploads\/sites\/28\/2023\/02\/299107475_582433830240930_8916903331417329707_n.jpg\" alt=\"\"><\/td><td><\/td><td><\/td><\/tr><\/tbody><\/table><\/figure>\n","protected":false},"excerpt":{"rendered":"<p>Ved campus Levanger kan du engasjere deg i studentforeningene du vil! Finn din interesse du allerede har eller hiv deg ut i noe helt nytt. R\u00f8stad Studentkor R\u00f8stad Scene LSI In Development STUDEENTH \u00c5ARJELDAJVESNE (S\u00c5D) The Queer Club Pedagogstudentene Nord, Levanger Deadline R\u00f8stad Studentkor er et kor der det sosiale er like viktig som det [&hellip;]<\/p>\n","protected":false},"author":67,"featured_media":0,"parent":213,"menu_order":0,"comment_status":"closed","ping_status":"closed","template":"","meta":{"footnotes":""},"coauthors":[24],"class_list":["post-1738","page","type-page","status-publish","hentry"],"_links":{"self":[{"href":"https:\/\/site.nord.no\/studorg\/wp-json\/wp\/v2\/pages\/1738","targetHints":{"allow":["GET"]}}],"collection":[{"href":"https:\/\/site.nord.no\/studorg\/wp-json\/wp\/v2\/pages"}],"about":[{"href":"https:\/\/site.nord.no\/studorg\/wp-json\/wp\/v2\/types\/page"}],"author":[{"embeddable":true,"href":"https:\/\/site.nord.no\/studorg\/wp-json\/wp\/v2\/users\/67"}],"replies":[{"embeddable":true,"href":"https:\/\/site.nord.no\/studorg\/wp-json\/wp\/v2\/comments?post=1738"}],"version-history":[{"count":9,"href":"https:\/\/site.nord.no\/studorg\/wp-json\/wp\/v2\/pages\/1738\/revisions"}],"predecessor-version":[{"id":2685,"href":"https:\/\/site.nord.no\/studorg\/wp-json\/wp\/v2\/pages\/1738\/revisions\/2685"}],"up":[{"embeddable":true,"href":"https:\/\/site.nord.no\/studorg\/wp-json\/wp\/v2\/pages\/213"}],"wp:attachment":[{"href":"https:\/\/site.nord.no\/studorg\/wp-json\/wp\/v2\/media?parent=1738"}],"wp:term":[{"taxonomy":"author","embeddable":true,"href":"https:\/\/site.nord.no\/studorg\/wp-json\/wp\/v2\/coauthors?post=1738"}],"curies":[{"name":"wp","href":"https:\/\/api.w.org\/{rel}","templated":true}]}}