{"id":1773,"date":"2022-12-12T10:31:03","date_gmt":"2022-12-12T09:31:03","guid":{"rendered":"https:\/\/site.nord.no\/studorg\/?page_id=1773"},"modified":"2023-01-05T17:12:13","modified_gmt":"2023-01-05T16:12:13","slug":"ditt-studiested","status":"publish","type":"page","link":"https:\/\/site.nord.no\/studorg\/sot\/ditt-studiested\/","title":{"rendered":""},"content":{"rendered":"\n<figure class=\"wp-block-image size-full is-resized\"><img fetchpriority=\"high\" decoding=\"async\" src=\"https:\/\/site.nord.no\/studorg\/wp-content\/uploads\/sites\/28\/2023\/01\/ditt-studiested.png\" alt=\"\" class=\"wp-image-2114\" width=\"978\" height=\"178\" \/><\/figure>\n\n\n\n<p>Lurer du p\u00e5 hva det er \u00e5 gj\u00f8re p\u00e5 ditt studiested? Hvilke student aktiviteter du kan ta del i? Hvem som sitter i studentr\u00e5det? Alt dette finner du her om du klikker deg inn p\u00e5 ditt studiested.<\/p>\n\n\n\n<p>Du trenger ingen forkunnskaper for \u00e5 delta p\u00e5 de ulike aktivitetene. Pr\u00f8v noe nytt! F\u00e5 nye, eller flere venner. Du l\u00e6rer utrolig mye av \u00e5 delta i ulike verv, og engasjere du deg litt ekstra i ditt verv, kan du skrive det p\u00e5 akkurat din CV. <\/p>\n\n\n\n<div class=\"wp-block-columns is-layout-flex wp-container-core-columns-is-layout-28f84493 wp-block-columns-is-layout-flex\">\n<div class=\"wp-block-column is-layout-flow wp-block-column-is-layout-flow\">\n<div class=\"wp-block-columns is-layout-flex wp-container-core-columns-is-layout-28f84493 wp-block-columns-is-layout-flex\">\n<div class=\"wp-block-column is-layout-flow wp-block-column-is-layout-flow\">\n<p><a href=\"https:\/\/site.nord.no\/studorg\/sot\/levanger-3\/\" data-type=\"URL\" data-id=\"https:\/\/site.nord.no\/studorg\/sot\/levanger-3\/\">Levanger<\/a><\/p>\n\n\n\n<ul class=\"wp-block-list\">\n<li><a href=\"https:\/\/site.nord.no\/studorg\/sot\/levanger\/\" data-type=\"URL\" data-id=\"https:\/\/site.nord.no\/studorg\/sot\/levanger\/\">Studentaktiviteter<\/a><\/li>\n\n\n\n<li><a href=\"https:\/\/site.nord.no\/studorg\/sot\/ditt-studentrad\/\" data-type=\"URL\" data-id=\"https:\/\/site.nord.no\/studorg\/sot\/ditt-studentrad\/\">Ditt studentr\u00e5d<\/a><\/li>\n<\/ul>\n<\/div>\n\n\n\n<div class=\"wp-block-column is-layout-flow wp-block-column-is-layout-flow\">\n<p><a href=\"https:\/\/site.nord.no\/studorg\/sot\/steinkjer\/\" data-type=\"URL\" data-id=\"https:\/\/site.nord.no\/studorg\/sot\/steinkjer\/\">Steinkjer<\/a><\/p>\n\n\n\n<ul class=\"wp-block-list\">\n<li><a href=\"https:\/\/site.nord.no\/studorg\/sot\/studentaktiviteter\/\" data-type=\"URL\" data-id=\"https:\/\/site.nord.no\/studorg\/sot\/studentaktiviteter\/\">Studentaktiviteter<\/a><\/li>\n\n\n\n<li><a href=\"https:\/\/site.nord.no\/studorg\/sot\/ditt-studentrad-4\/\" data-type=\"URL\" data-id=\"https:\/\/site.nord.no\/studorg\/sot\/ditt-studentrad-4\/\">Ditt studentr\u00e5d<\/a><\/li>\n<\/ul>\n<\/div>\n<\/div>\n<\/div>\n\n\n\n<div class=\"wp-block-column is-layout-flow wp-block-column-is-layout-flow\">\n<div class=\"wp-block-columns is-layout-flex wp-container-core-columns-is-layout-28f84493 wp-block-columns-is-layout-flex\">\n<div class=\"wp-block-column is-layout-flow wp-block-column-is-layout-flow\">\n<p><a href=\"https:\/\/site.nord.no\/studorg\/sot\/ditt-studiested\/namsos\/\" data-type=\"URL\" data-id=\"https:\/\/site.nord.no\/studorg\/sot\/ditt-studiested\/namsos\/\">Namsos<\/a><\/p>\n\n\n\n<ul class=\"wp-block-list\">\n<li><a href=\"https:\/\/site.nord.no\/studorg\/sot\/studentaktiviteter-2\/\">Studentaktiviteter<\/a><\/li>\n\n\n\n<li><a href=\"https:\/\/site.nord.no\/studorg\/sot\/ditt-studentrad-3\/\" data-type=\"URL\" data-id=\"https:\/\/site.nord.no\/studorg\/sot\/ditt-studentrad-3\/\">Ditt studentr\u00e5d<\/a><\/li>\n<\/ul>\n<\/div>\n\n\n\n<div class=\"wp-block-column is-layout-flow wp-block-column-is-layout-flow\">\n<p><a href=\"https:\/\/site.nord.no\/studorg\/sot\/stjordal\/\" data-type=\"URL\" data-id=\"https:\/\/site.nord.no\/studorg\/sot\/stjordal\/\">Stj\u00f8rdal<\/a><\/p>\n\n\n\n<ul class=\"wp-block-list\">\n<li><a href=\"https:\/\/site.nord.no\/studorg\/sot\/studentaktiviteter-4\/\" data-type=\"URL\" data-id=\"https:\/\/site.nord.no\/studorg\/sot\/studentaktiviteter-4\/\">Studentaktiviteter<\/a><\/li>\n\n\n\n<li><a href=\"https:\/\/site.nord.no\/studorg\/sot\/ditt-studentrad-2\/\" data-type=\"URL\" data-id=\"https:\/\/site.nord.no\/studorg\/sot\/ditt-studentrad-2\/\">Ditt studentr\u00e5d<\/a><\/li>\n<\/ul>\n<\/div>\n<\/div>\n<\/div>\n<\/div>\n","protected":false},"excerpt":{"rendered":"<p>Lurer du p\u00e5 hva det er \u00e5 gj\u00f8re p\u00e5 ditt studiested? Hvilke student aktiviteter du kan ta del i? Hvem som sitter i studentr\u00e5det? Alt dette finner du her om du klikker deg inn p\u00e5 ditt studiested. Du trenger ingen forkunnskaper for \u00e5 delta p\u00e5 de ulike aktivitetene. Pr\u00f8v noe nytt! F\u00e5 nye, eller flere [&hellip;]<\/p>\n","protected":false},"author":67,"featured_media":0,"parent":213,"menu_order":0,"comment_status":"closed","ping_status":"closed","template":"","meta":{"footnotes":""},"coauthors":[24],"class_list":["post-1773","page","type-page","status-publish","hentry"],"_links":{"self":[{"href":"https:\/\/site.nord.no\/studorg\/wp-json\/wp\/v2\/pages\/1773","targetHints":{"allow":["GET"]}}],"collection":[{"href":"https:\/\/site.nord.no\/studorg\/wp-json\/wp\/v2\/pages"}],"about":[{"href":"https:\/\/site.nord.no\/studorg\/wp-json\/wp\/v2\/types\/page"}],"author":[{"embeddable":true,"href":"https:\/\/site.nord.no\/studorg\/wp-json\/wp\/v2\/users\/67"}],"replies":[{"embeddable":true,"href":"https:\/\/site.nord.no\/studorg\/wp-json\/wp\/v2\/comments?post=1773"}],"version-history":[{"count":8,"href":"https:\/\/site.nord.no\/studorg\/wp-json\/wp\/v2\/pages\/1773\/revisions"}],"predecessor-version":[{"id":2348,"href":"https:\/\/site.nord.no\/studorg\/wp-json\/wp\/v2\/pages\/1773\/revisions\/2348"}],"up":[{"embeddable":true,"href":"https:\/\/site.nord.no\/studorg\/wp-json\/wp\/v2\/pages\/213"}],"wp:attachment":[{"href":"https:\/\/site.nord.no\/studorg\/wp-json\/wp\/v2\/media?parent=1773"}],"wp:term":[{"taxonomy":"author","embeddable":true,"href":"https:\/\/site.nord.no\/studorg\/wp-json\/wp\/v2\/coauthors?post=1773"}],"curies":[{"name":"wp","href":"https:\/\/api.w.org\/{rel}","templated":true}]}}