{"id":1775,"date":"2022-12-12T10:34:54","date_gmt":"2022-12-12T09:34:54","guid":{"rendered":"https:\/\/site.nord.no\/studorg\/?page_id=1775"},"modified":"2023-11-09T11:04:11","modified_gmt":"2023-11-09T10:04:11","slug":"din-studentby","status":"publish","type":"page","link":"https:\/\/site.nord.no\/studorg\/sot\/din-studentby\/","title":{"rendered":""},"content":{"rendered":"\n<div class=\"wp-block-columns is-layout-flex wp-container-core-columns-is-layout-28f84493 wp-block-columns-is-layout-flex\">\n<div class=\"wp-block-column is-layout-flow wp-block-column-is-layout-flow\">\n<figure class=\"wp-block-image size-full is-resized\"><img fetchpriority=\"high\" decoding=\"async\" width=\"1231\" height=\"188\" src=\"https:\/\/site.nord.no\/studorg\/wp-content\/uploads\/sites\/28\/2023\/01\/DIN-STUDENTBY-4-1.png\" alt=\"\" class=\"wp-image-2042\" style=\"width:1450px;height:221px\"\/><\/figure>\n<\/div>\n<\/div>\n\n\n\n<p class=\"has-very-light-gray-to-cyan-bluish-gray-gradient-background has-background\">Er du nysgjerrig p\u00e5 hva det er \u00e5 gj\u00f8re i din studentby? Hvilke studentrabatter du kan f\u00e5 om du beveger deg rundt i byen? Hvilke aktiviteter finnes i regi av kommunen og andre organisasjoner, eller hvordan du kommer deg ut av din studie by og inn til Trondheim eller flyplassen. Alt dette og mer finner du om du klikker deg inn p\u00e5 din studentby \ud83d\ude09<\/p>\n\n\n\n<div class=\"wp-block-columns is-layout-flex wp-container-core-columns-is-layout-28f84493 wp-block-columns-is-layout-flex\">\n<div class=\"wp-block-column is-layout-flow wp-block-column-is-layout-flow\">\n<div class=\"wp-block-columns is-layout-flex wp-container-core-columns-is-layout-28f84493 wp-block-columns-is-layout-flex\">\n<div class=\"wp-block-column is-layout-flow wp-block-column-is-layout-flow\">\n<p><a href=\"https:\/\/site.nord.no\/studorg\/sot\/stjordal-2\/\" data-type=\"URL\" data-id=\"https:\/\/site.nord.no\/studorg\/sot\/stjordal-2\/\">Stj\u00f8rdal<\/a><\/p>\n\n\n\n<ul class=\"wp-block-list\">\n<li><a href=\"https:\/\/site.nord.no\/studorg\/sot\/aktiviteter\/\" data-type=\"URL\" data-id=\"https:\/\/site.nord.no\/studorg\/sot\/aktiviteter\/\">Aktiviteter<\/a><\/li>\n\n\n\n<li><a href=\"https:\/\/site.nord.no\/studorg\/sot\/studentrabatter\/\" data-type=\"URL\" data-id=\"https:\/\/site.nord.no\/studorg\/sot\/studentrabatter\/\">Studentrabatter<\/a><\/li>\n<\/ul>\n<\/div>\n\n\n\n<div class=\"wp-block-column is-layout-flow wp-block-column-is-layout-flow\">\n<p><a href=\"https:\/\/site.nord.no\/studorg\/sot\/ditt-studiested\/levanger\/\" data-type=\"URL\" data-id=\"https:\/\/site.nord.no\/studorg\/sot\/ditt-studiested\/levanger\/\">Levanger<\/a><\/p>\n\n\n\n<ul class=\"wp-block-list\">\n<li><a href=\"https:\/\/site.nord.no\/studorg\/sot\/studentaktiviteter-3\/\" data-type=\"URL\" data-id=\"https:\/\/site.nord.no\/studorg\/sot\/studentaktiviteter-3\/\">Aktiviteter<\/a><\/li>\n\n\n\n<li><a href=\"https:\/\/site.nord.no\/studorg\/sot\/studentrabatter-3\/\" data-type=\"URL\" data-id=\"https:\/\/site.nord.no\/studorg\/sot\/studentrabatter-3\/\">Studentrabatter<\/a><\/li>\n<\/ul>\n<\/div>\n<\/div>\n<\/div>\n\n\n\n<div class=\"wp-block-column is-layout-flow wp-block-column-is-layout-flow\">\n<div class=\"wp-block-columns is-layout-flex wp-container-core-columns-is-layout-28f84493 wp-block-columns-is-layout-flex\">\n<div class=\"wp-block-column is-layout-flow wp-block-column-is-layout-flow\">\n<p><a href=\"https:\/\/site.nord.no\/studorg\/sot\/steinkjer-2\/\" data-type=\"URL\" data-id=\"https:\/\/site.nord.no\/studorg\/sot\/steinkjer-2\/\">Steinkjer<\/a><\/p>\n\n\n\n<ul class=\"wp-block-list\">\n<li><a href=\"https:\/\/site.nord.no\/studorg\/sot\/studentaktiviteter-3\/\" data-type=\"URL\" data-id=\"https:\/\/site.nord.no\/studorg\/sot\/studentaktiviteter-3\/\">Aktiviteter<\/a><\/li>\n\n\n\n<li><a href=\"https:\/\/site.nord.no\/studorg\/sot\/studentrabatter-3\/\" data-type=\"URL\" data-id=\"https:\/\/site.nord.no\/studorg\/sot\/studentrabatter-3\/\">Studentrabatter<\/a><\/li>\n<\/ul>\n<\/div>\n\n\n\n<div class=\"wp-block-column is-layout-flow wp-block-column-is-layout-flow\">\n<p><a href=\"https:\/\/site.nord.no\/studorg\/sot\/namsos-2\/\">Namsos<\/a><\/p>\n\n\n\n<ul class=\"wp-block-list\">\n<li><a href=\"https:\/\/site.nord.no\/studorg\/sot\/aktiviteter-2\/\" data-type=\"URL\" data-id=\"https:\/\/site.nord.no\/studorg\/sot\/aktiviteter-2\/\">Aktiviteter<\/a><\/li>\n\n\n\n<li><a href=\"https:\/\/site.nord.no\/studorg\/sot\/studentrabatter-2\/\">Studentrabatter<\/a><\/li>\n<\/ul>\n<\/div>\n<\/div>\n<\/div>\n<\/div>\n\n\n\n<div class=\"wp-block-columns is-layout-flex wp-container-core-columns-is-layout-28f84493 wp-block-columns-is-layout-flex\">\n<div class=\"wp-block-column is-layout-flow wp-block-column-is-layout-flow\"><\/div>\n<\/div>\n\n\n\n<p><\/p>\n","protected":false},"excerpt":{"rendered":"<p>Er du nysgjerrig p\u00e5 hva det er \u00e5 gj\u00f8re i din studentby? Hvilke studentrabatter du kan f\u00e5 om du beveger deg rundt i byen? Hvilke aktiviteter finnes i regi av kommunen og andre organisasjoner, eller hvordan du kommer deg ut av din studie by og inn til Trondheim eller flyplassen. Alt dette og mer finner [&hellip;]<\/p>\n","protected":false},"author":67,"featured_media":0,"parent":213,"menu_order":0,"comment_status":"closed","ping_status":"closed","template":"","meta":{"footnotes":""},"coauthors":[24],"class_list":["post-1775","page","type-page","status-publish","hentry"],"_links":{"self":[{"href":"https:\/\/site.nord.no\/studorg\/wp-json\/wp\/v2\/pages\/1775","targetHints":{"allow":["GET"]}}],"collection":[{"href":"https:\/\/site.nord.no\/studorg\/wp-json\/wp\/v2\/pages"}],"about":[{"href":"https:\/\/site.nord.no\/studorg\/wp-json\/wp\/v2\/types\/page"}],"author":[{"embeddable":true,"href":"https:\/\/site.nord.no\/studorg\/wp-json\/wp\/v2\/users\/67"}],"replies":[{"embeddable":true,"href":"https:\/\/site.nord.no\/studorg\/wp-json\/wp\/v2\/comments?post=1775"}],"version-history":[{"count":12,"href":"https:\/\/site.nord.no\/studorg\/wp-json\/wp\/v2\/pages\/1775\/revisions"}],"predecessor-version":[{"id":3318,"href":"https:\/\/site.nord.no\/studorg\/wp-json\/wp\/v2\/pages\/1775\/revisions\/3318"}],"up":[{"embeddable":true,"href":"https:\/\/site.nord.no\/studorg\/wp-json\/wp\/v2\/pages\/213"}],"wp:attachment":[{"href":"https:\/\/site.nord.no\/studorg\/wp-json\/wp\/v2\/media?parent=1775"}],"wp:term":[{"taxonomy":"author","embeddable":true,"href":"https:\/\/site.nord.no\/studorg\/wp-json\/wp\/v2\/coauthors?post=1775"}],"curies":[{"name":"wp","href":"https:\/\/api.w.org\/{rel}","templated":true}]}}