{"id":1777,"date":"2022-12-12T10:37:29","date_gmt":"2022-12-12T09:37:29","guid":{"rendered":"https:\/\/site.nord.no\/studorg\/?page_id=1777"},"modified":"2023-10-13T13:25:10","modified_gmt":"2023-10-13T11:25:10","slug":"for-engasjerte","status":"publish","type":"page","link":"https:\/\/site.nord.no\/studorg\/sot\/for-engasjerte\/","title":{"rendered":""},"content":{"rendered":"\n<figure class=\"wp-block-image size-full is-resized\"><img fetchpriority=\"high\" decoding=\"async\" width=\"1476\" height=\"142\" src=\"https:\/\/site.nord.no\/studorg\/wp-content\/uploads\/sites\/28\/2023\/01\/engasjer-deg-u-skygge.png\" alt=\"\" class=\"wp-image-2088\" style=\"width:1447px;height:138px\" \/><\/figure>\n\n\n\n<p>Er du engasjert? Kanskje \u00f8nsker du \u00e5 starte en studentforening? <\/p>\n\n\n\n<p><em>Vi oppdaterer sidene fortl\u00f8pende, s\u00e5 f\u00f8lg n\u00f8ye med for ny og spennende info!<\/em><\/p>\n\n\n\n<div class=\"wp-block-columns is-layout-flex wp-container-core-columns-is-layout-28f84493 wp-block-columns-is-layout-flex\">\n<div class=\"wp-block-column is-layout-flow wp-block-column-is-layout-flow\">\n<p>Skap ditt studentmilj\u00f8:<\/p>\n\n\n\n<p>Vil du starte en ny forening? Som kan bidra til mer aktivitet p\u00e5 ditt studiested? Hva med et kor, eller et revy lag? Kanskje en sjakk-klubb, strikke-klubb, eller noe helt annet for \u00e5 skape et best mulig studentmilj\u00f8? Ta kontakt med en av oss i SOT styret! <\/p>\n<\/div>\n\n\n\n<div class=\"wp-block-column is-layout-flow wp-block-column-is-layout-flow\">\n<p><\/p>\n<\/div>\n<\/div>\n","protected":false},"excerpt":{"rendered":"<p>Er du engasjert? Kanskje \u00f8nsker du \u00e5 starte en studentforening? Vi oppdaterer sidene fortl\u00f8pende, s\u00e5 f\u00f8lg n\u00f8ye med for ny og spennende info! Skap ditt studentmilj\u00f8: Vil du starte en ny forening? Som kan bidra til mer aktivitet p\u00e5 ditt studiested? Hva med et kor, eller et revy lag? Kanskje en sjakk-klubb, strikke-klubb, eller noe [&hellip;]<\/p>\n","protected":false},"author":67,"featured_media":0,"parent":213,"menu_order":0,"comment_status":"closed","ping_status":"closed","template":"","meta":{"footnotes":""},"coauthors":[24],"class_list":["post-1777","page","type-page","status-publish","hentry"],"_links":{"self":[{"href":"https:\/\/site.nord.no\/studorg\/wp-json\/wp\/v2\/pages\/1777","targetHints":{"allow":["GET"]}}],"collection":[{"href":"https:\/\/site.nord.no\/studorg\/wp-json\/wp\/v2\/pages"}],"about":[{"href":"https:\/\/site.nord.no\/studorg\/wp-json\/wp\/v2\/types\/page"}],"author":[{"embeddable":true,"href":"https:\/\/site.nord.no\/studorg\/wp-json\/wp\/v2\/users\/67"}],"replies":[{"embeddable":true,"href":"https:\/\/site.nord.no\/studorg\/wp-json\/wp\/v2\/comments?post=1777"}],"version-history":[{"count":5,"href":"https:\/\/site.nord.no\/studorg\/wp-json\/wp\/v2\/pages\/1777\/revisions"}],"predecessor-version":[{"id":3232,"href":"https:\/\/site.nord.no\/studorg\/wp-json\/wp\/v2\/pages\/1777\/revisions\/3232"}],"up":[{"embeddable":true,"href":"https:\/\/site.nord.no\/studorg\/wp-json\/wp\/v2\/pages\/213"}],"wp:attachment":[{"href":"https:\/\/site.nord.no\/studorg\/wp-json\/wp\/v2\/media?parent=1777"}],"wp:term":[{"taxonomy":"author","embeddable":true,"href":"https:\/\/site.nord.no\/studorg\/wp-json\/wp\/v2\/coauthors?post=1777"}],"curies":[{"name":"wp","href":"https:\/\/api.w.org\/{rel}","templated":true}]}}