{"id":1790,"date":"2022-12-12T12:37:49","date_gmt":"2022-12-12T11:37:49","guid":{"rendered":"https:\/\/site.nord.no\/studorg\/?page_id=1790"},"modified":"2023-06-14T13:25:45","modified_gmt":"2023-06-14T11:25:45","slug":"organisasjon","status":"publish","type":"page","link":"https:\/\/site.nord.no\/studorg\/sob\/organisasjon\/","title":{"rendered":"Organisasjonen"},"content":{"rendered":"\n<figure class=\"wp-block-image size-full\"><img fetchpriority=\"high\" decoding=\"async\" width=\"1640\" height=\"924\" src=\"https:\/\/site.nord.no\/studorg\/wp-content\/uploads\/sites\/28\/2022\/11\/Org.kart_.png\" alt=\"\" class=\"wp-image-1653\"\/><\/figure>\n\n\n\n<h2 class=\"wp-block-heading has-black-color has-text-color\">Studentorganisasjonen i Bod\u00f8 (SOB) er studentene i Bod\u00f8 sin egen interesseorganisasjon. Studentstyret i SOB jobber hver dag for at du skal f\u00e5 en best mulig studenthverdag.<\/h2>\n\n\n\n<p class=\"has-black-color has-text-color\">Studentstyret er organisasjonens ut\u00f8vende organ, det vil si at det er de som har ansvar for \u00e5 gjennomf\u00f8re vedtak gjort av Studenttinget og \u00e5rsm\u00f8tet. Styret best\u00e5r av studentleder (ansatt i 100% stilling), nestleder (ansatt i 50% stilling) og fire frivillige styremedlemmer med hvert sitt ansvarsomr\u00e5de. <\/p>\n\n\n\n<p class=\"has-black-color has-text-color\">Studentstyret er organisasjonens ut\u00f8vende organ, det vil si at det er de som har ansvar for \u00e5 gjennomf\u00f8re vedtak gjort av Studenttinget og \u00e5rsm\u00f8tet.<\/p>\n\n\n\n<p class=\"has-black-color has-text-color\">Vi holder til rett ved kantinen Alexandria. Her har studentlederen eget kontor, i tillegg til at styret disponerer et kontor. Kontorene er godt markert med plakater p\u00e5 d\u00f8rene, i tillegg til en roll-up utenfor.<\/p>\n\n\n\n<p class=\"has-black-color has-text-color\">Kom gjerne innom, d\u00f8ren er alltid \u00e5pen for deg som student!<\/p>\n\n\n\n<p><\/p>\n\n\n\n<p><\/p>\n\n\n\n<p><\/p>\n\n\n\n<h2 class=\"wp-block-heading has-black-color has-text-color\">Studenttinget<\/h2>\n\n\n\n<p class=\"has-black-color has-text-color\">Studentorganisasjonen i Bod\u00f8 har ansvaret for \u00e5 arrangere Studenttinget fem ganger i l\u00f8pet av studie\u00e5ret. Her diskuteres saker som ang\u00e5r studentene, for eksempel hva SOB skal arbeide med, midler til arrangementer eller hvem som skal v\u00e6re ansvarlig for UKA eller fadderperioden. Studenttinget er \u00e5pent for alle studenter og hver studentforening har sine egne representanter med stemmerett.<\/p>\n\n\n\n<p class=\"has-black-color has-text-color\">\u200bHvis du \u00f8nsker \u00e5 v\u00e6re med \u00e5 p\u00e5virke \u2013 ikke n\u00f8l med \u00e5 ta kontakt med din <a href=\"https:\/\/site.nord.no\/studorg\/sob\/engasjer-deg\/\">studentforening<\/a>!\u200b\u200b\u200b<\/p>\n","protected":false},"excerpt":{"rendered":"<p>Studentorganisasjonen i Bod\u00f8 (SOB) er studentene i Bod\u00f8 sin egen interesseorganisasjon. Studentstyret i SOB jobber hver dag for at du skal f\u00e5 en best mulig studenthverdag. Studentstyret er organisasjonens ut\u00f8vende organ, det vil si at det er de som har ansvar for \u00e5 gjennomf\u00f8re vedtak gjort av Studenttinget og \u00e5rsm\u00f8tet. Styret best\u00e5r av studentleder (ansatt [&hellip;]<\/p>\n","protected":false},"author":124,"featured_media":0,"parent":215,"menu_order":0,"comment_status":"closed","ping_status":"closed","template":"","meta":{"footnotes":""},"coauthors":[22],"class_list":["post-1790","page","type-page","status-publish","hentry"],"_links":{"self":[{"href":"https:\/\/site.nord.no\/studorg\/wp-json\/wp\/v2\/pages\/1790","targetHints":{"allow":["GET"]}}],"collection":[{"href":"https:\/\/site.nord.no\/studorg\/wp-json\/wp\/v2\/pages"}],"about":[{"href":"https:\/\/site.nord.no\/studorg\/wp-json\/wp\/v2\/types\/page"}],"author":[{"embeddable":true,"href":"https:\/\/site.nord.no\/studorg\/wp-json\/wp\/v2\/users\/124"}],"replies":[{"embeddable":true,"href":"https:\/\/site.nord.no\/studorg\/wp-json\/wp\/v2\/comments?post=1790"}],"version-history":[{"count":13,"href":"https:\/\/site.nord.no\/studorg\/wp-json\/wp\/v2\/pages\/1790\/revisions"}],"predecessor-version":[{"id":2947,"href":"https:\/\/site.nord.no\/studorg\/wp-json\/wp\/v2\/pages\/1790\/revisions\/2947"}],"up":[{"embeddable":true,"href":"https:\/\/site.nord.no\/studorg\/wp-json\/wp\/v2\/pages\/215"}],"wp:attachment":[{"href":"https:\/\/site.nord.no\/studorg\/wp-json\/wp\/v2\/media?parent=1790"}],"wp:term":[{"taxonomy":"author","embeddable":true,"href":"https:\/\/site.nord.no\/studorg\/wp-json\/wp\/v2\/coauthors?post=1790"}],"curies":[{"name":"wp","href":"https:\/\/api.w.org\/{rel}","templated":true}]}}