{"id":1804,"date":"2022-12-12T13:03:03","date_gmt":"2022-12-12T12:03:03","guid":{"rendered":"https:\/\/site.nord.no\/studorg\/?page_id=1804"},"modified":"2023-01-04T10:31:42","modified_gmt":"2023-01-04T09:31:42","slug":"namsos","status":"publish","type":"page","link":"https:\/\/site.nord.no\/studorg\/sot\/ditt-studiested\/namsos\/","title":{"rendered":""},"content":{"rendered":"\n<figure class=\"wp-block-image aligncenter size-full is-resized\"><img fetchpriority=\"high\" decoding=\"async\" src=\"https:\/\/site.nord.no\/studorg\/wp-content\/uploads\/sites\/28\/2023\/01\/namsos-uni.png\" alt=\"\" class=\"wp-image-2207\" width=\"609\" height=\"191\" \/><\/figure>\n\n\n\n<p>Som student ved Namsos har du praksis plassen n\u00e6r deg. Det er kort vei til nydelig natur \u00e5 ta turen til eller bare v\u00e6re sosial med dine medstudenter. Det er et lite campus, men man f\u00e5r n\u00e6r kontakt med l\u00e6rerne sine og medstudenter. <\/p>\n\n\n\n<p><\/p>\n\n\n\n<p>Hvis du utenfor studiehverdagen \u00f8nsker \u00e5 v\u00e6re med p\u00e5 noen aktiviteter har Namsos egn&nbsp;<a href=\"https:\/\/site.nord.no\/studorg\/sot\/studentaktiviteter-2\/\" data-type=\"URL\" data-id=\"https:\/\/site.nord.no\/studorg\/sot\/studentaktiviteter-2\/\">studentforeninger<\/a>&nbsp;du kan ta del i samt et aktivt&nbsp;<a href=\"https:\/\/site.nord.no\/studorg\/sot\/ditt-studentrad-3\/\" data-type=\"URL\" data-id=\"https:\/\/site.nord.no\/studorg\/sot\/ditt-studentrad-3\/\">studentr\u00e5d<\/a>&nbsp;som jobber for \u00e5 skape engasjement. Namsos har variert natur og kulturliv med Tr\u00f8nder Rockens hovedstad, s\u00e5 det er heller ingen ting \u00e5 miste.<\/p>\n\n\n\n<p>Studentverten Lise Marie kommer innom campus i perioder \u00e5 informere og hjelpe studenter, og fungerer som en link mellom studentene, universitetet og Studentinord. Hun kan snakkes med om det meste og hjelper med \u00e5 veilede deg om du trenger hjelp til noe. Aktivitetskoordinator Yvonne Tvete Rekkebo arrangere mange aktiviteter gjennom din tid her som student. Har du noen forslag p\u00e5 hva som kunne blitt arrangert tar hun gjerne imot forslag. <\/p>\n\n\n\n<p>Trenger du noen \u00e5 snakke med har vi ogs\u00e5 gode studentr\u00e5dgivere p\u00e5 campus.<a href=\"https:\/\/outlook.office365.com\/owa\/calendar\/SisselRian@studentinord.onmicrosoft.com\/bookings\/\" data-type=\"URL\" data-id=\"https:\/\/outlook.office365.com\/owa\/calendar\/SisselRian@studentinord.onmicrosoft.com\/bookings\/\">&nbsp;Her&nbsp;<\/a>kan du booke deg time for \u00e5 en samtale hvor du kan lette p\u00e5 trykket i en stressende studie tid. Temaene er \u00e5pne og de har taushetsplikt og kan ogs\u00e5 hjelpe deg med \u00e5 komme i kontakt med andre instanser ved behov for dette. Du kan ha m\u00f8ter gjennom fysiske m\u00f8ter, teams eller p\u00e5 telefon om det skulle v\u00e6re til \u00f8nske. Sissel Rian er en viktige st\u00f8ttespiller for mange studenter og det er lavterskel for \u00e5 komme \u00e5 bli kjent.<\/p>\n","protected":false},"excerpt":{"rendered":"<p>Som student ved Namsos har du praksis plassen n\u00e6r deg. Det er kort vei til nydelig natur \u00e5 ta turen til eller bare v\u00e6re sosial med dine medstudenter. Det er et lite campus, men man f\u00e5r n\u00e6r kontakt med l\u00e6rerne sine og medstudenter. Hvis du utenfor studiehverdagen \u00f8nsker \u00e5 v\u00e6re med p\u00e5 noen aktiviteter har [&hellip;]<\/p>\n","protected":false},"author":67,"featured_media":0,"parent":1773,"menu_order":2,"comment_status":"closed","ping_status":"closed","template":"","meta":{"footnotes":""},"coauthors":[24],"class_list":["post-1804","page","type-page","status-publish","hentry"],"_links":{"self":[{"href":"https:\/\/site.nord.no\/studorg\/wp-json\/wp\/v2\/pages\/1804","targetHints":{"allow":["GET"]}}],"collection":[{"href":"https:\/\/site.nord.no\/studorg\/wp-json\/wp\/v2\/pages"}],"about":[{"href":"https:\/\/site.nord.no\/studorg\/wp-json\/wp\/v2\/types\/page"}],"author":[{"embeddable":true,"href":"https:\/\/site.nord.no\/studorg\/wp-json\/wp\/v2\/users\/67"}],"replies":[{"embeddable":true,"href":"https:\/\/site.nord.no\/studorg\/wp-json\/wp\/v2\/comments?post=1804"}],"version-history":[{"count":5,"href":"https:\/\/site.nord.no\/studorg\/wp-json\/wp\/v2\/pages\/1804\/revisions"}],"predecessor-version":[{"id":2209,"href":"https:\/\/site.nord.no\/studorg\/wp-json\/wp\/v2\/pages\/1804\/revisions\/2209"}],"up":[{"embeddable":true,"href":"https:\/\/site.nord.no\/studorg\/wp-json\/wp\/v2\/pages\/1773"}],"wp:attachment":[{"href":"https:\/\/site.nord.no\/studorg\/wp-json\/wp\/v2\/media?parent=1804"}],"wp:term":[{"taxonomy":"author","embeddable":true,"href":"https:\/\/site.nord.no\/studorg\/wp-json\/wp\/v2\/coauthors?post=1804"}],"curies":[{"name":"wp","href":"https:\/\/api.w.org\/{rel}","templated":true}]}}