{"id":1810,"date":"2022-12-12T13:06:19","date_gmt":"2022-12-12T12:06:19","guid":{"rendered":"https:\/\/site.nord.no\/studorg\/?page_id=1810"},"modified":"2024-09-17T13:27:16","modified_gmt":"2024-09-17T11:27:16","slug":"steinkjer","status":"publish","type":"page","link":"https:\/\/site.nord.no\/studorg\/sot\/steinkjer\/","title":{"rendered":"Steinkjer"},"content":{"rendered":"\n<figure class=\"wp-block-image aligncenter size-full is-resized\"><img fetchpriority=\"high\" decoding=\"async\" src=\"https:\/\/site.nord.no\/studorg\/wp-content\/uploads\/sites\/28\/2023\/01\/STEINKJER.png\" alt=\"\" class=\"wp-image-2197\" width=\"642\" height=\"233\" \/><\/figure>\n\n\n\n<p>Campus Steinkjer byr p\u00e5 en helt unik mulighet til \u00e5 stifte seg et tett forhold til n\u00e6ringslivet gjennom innocamp. Innocamp gir deg muligheter til \u00e5 stifte bekjentskap til samarbeidspartnere underveis i studietiden og ikke minst gir deg muligheten til videref\u00f8ring av bekjentskapet til din nye arbeidsplass. <\/p>\n\n\n\n<p><\/p>\n\n\n\n<p>Hvis du utenfor studiehverdagen \u00f8nsker \u00e5 v\u00e6re med p\u00e5 noen aktiviteter har Steinkjer egne <a href=\"https:\/\/site.nord.no\/studorg\/sot\/studentaktiviteter\/\" data-type=\"URL\" data-id=\"https:\/\/site.nord.no\/studorg\/sot\/studentaktiviteter\/\">studentforeninger<\/a> du kan ta del i samt et aktivt <a href=\"https:\/\/site.nord.no\/studorg\/sot\/ditt-studentrad-4\/\" data-type=\"URL\" data-id=\"https:\/\/site.nord.no\/studorg\/sot\/ditt-studentrad-4\/\">studentr\u00e5d<\/a> som jobber for \u00e5 skape engasjement. Steinkjer har et variert kulturliv s\u00e5 det er heller ingen ting \u00e5 miste.<\/p>\n\n\n\n<p><\/p>\n\n\n\n<p>Studentverten Lise Marie kommer innom campus tirsdag og fredager for \u00e5 informere og hjelpe studenter, og fungerer som en link mellom studentene, universitetet og Studentinord. Hun kan snakkes med om det meste og hjelper med \u00e5 veilede deg om du trenger hjelp til noe. Lise Marie kommer til \u00e5 arrangere mange aktiviteter gjennom din tid her som student. Har du noen forslag p\u00e5 hva som kunne blitt arrangert tar hun gjerne imot forslag \ud83d\ude09 <\/p>\n\n\n\n<p>Trenger du noen \u00e5 snakke med har vi ogs\u00e5 gode studentr\u00e5dgivere p\u00e5 campus.<a href=\"https:\/\/outlook.office365.com\/owa\/calendar\/SisselRian@studentinord.onmicrosoft.com\/bookings\/\" data-type=\"URL\" data-id=\"https:\/\/outlook.office365.com\/owa\/calendar\/SisselRian@studentinord.onmicrosoft.com\/bookings\/\">&nbsp;Her<\/a>&nbsp;kan du booke deg time for \u00e5 en samtale hvor du kan lette p\u00e5 trykket i en stressende studie tid. Temaene er \u00e5pne og de har taushetsplikt og kan ogs\u00e5 hjelpe deg med \u00e5 komme i kontakt med andre instanser ved behov for dette. Du kan ha m\u00f8ter gjennom fysiske m\u00f8ter, teams eller p\u00e5 telefon om det skulle v\u00e6re til \u00f8nske. Sissel Rian er en viktige st\u00f8ttespiller for mange studenter og det er lavterskel for \u00e5 komme \u00e5 bli kjent.<\/p>\n","protected":false},"excerpt":{"rendered":"<p>Campus Steinkjer byr p\u00e5 en helt unik mulighet til \u00e5 stifte seg et tett forhold til n\u00e6ringslivet gjennom innocamp. Innocamp gir deg muligheter til \u00e5 stifte bekjentskap til samarbeidspartnere underveis i studietiden og ikke minst gir deg muligheten til videref\u00f8ring av bekjentskapet til din nye arbeidsplass. Hvis du utenfor studiehverdagen \u00f8nsker \u00e5 v\u00e6re med p\u00e5 [&hellip;]<\/p>\n","protected":false},"author":67,"featured_media":0,"parent":213,"menu_order":0,"comment_status":"closed","ping_status":"closed","template":"","meta":{"footnotes":""},"coauthors":[24],"class_list":["post-1810","page","type-page","status-publish","hentry"],"_links":{"self":[{"href":"https:\/\/site.nord.no\/studorg\/wp-json\/wp\/v2\/pages\/1810","targetHints":{"allow":["GET"]}}],"collection":[{"href":"https:\/\/site.nord.no\/studorg\/wp-json\/wp\/v2\/pages"}],"about":[{"href":"https:\/\/site.nord.no\/studorg\/wp-json\/wp\/v2\/types\/page"}],"author":[{"embeddable":true,"href":"https:\/\/site.nord.no\/studorg\/wp-json\/wp\/v2\/users\/67"}],"replies":[{"embeddable":true,"href":"https:\/\/site.nord.no\/studorg\/wp-json\/wp\/v2\/comments?post=1810"}],"version-history":[{"count":9,"href":"https:\/\/site.nord.no\/studorg\/wp-json\/wp\/v2\/pages\/1810\/revisions"}],"predecessor-version":[{"id":3852,"href":"https:\/\/site.nord.no\/studorg\/wp-json\/wp\/v2\/pages\/1810\/revisions\/3852"}],"up":[{"embeddable":true,"href":"https:\/\/site.nord.no\/studorg\/wp-json\/wp\/v2\/pages\/213"}],"wp:attachment":[{"href":"https:\/\/site.nord.no\/studorg\/wp-json\/wp\/v2\/media?parent=1810"}],"wp:term":[{"taxonomy":"author","embeddable":true,"href":"https:\/\/site.nord.no\/studorg\/wp-json\/wp\/v2\/coauthors?post=1810"}],"curies":[{"name":"wp","href":"https:\/\/api.w.org\/{rel}","templated":true}]}}