{"id":1813,"date":"2022-12-12T13:06:56","date_gmt":"2022-12-12T12:06:56","guid":{"rendered":"https:\/\/site.nord.no\/studorg\/?page_id=1813"},"modified":"2023-01-03T14:12:21","modified_gmt":"2023-01-03T13:12:21","slug":"stjordal","status":"publish","type":"page","link":"https:\/\/site.nord.no\/studorg\/sot\/stjordal\/","title":{"rendered":"Stj\u00f8rdal"},"content":{"rendered":"\n<p>Som student ved Stj\u00f8rdal blir du godt kjent med alle som studerer med deg da det er et godt studentmilj\u00f8. Alle studerer til \u00e5 bli trafikkl\u00e6rer og med et aktivt <a href=\"https:\/\/site.nord.no\/studorg\/sot\/studentaktiviteter-4\/\" data-type=\"URL\" data-id=\"https:\/\/site.nord.no\/studorg\/sot\/studentaktiviteter-4\/\">studentr\u00e5d<\/a> som arrangerer quiz, bordtenninsturneringer og masse mer s\u00e5 har du mye \u00e5 engasjere deg i om du \u00f8nsker det! <\/p>\n\n\n\n<p>Studentverten Lise Marie kommer innom campus i perioder \u00e5 informere og hjelpe studenter, og fungerer som en link mellom studentene, universitetet og Studentinord. Hun kan snakkes med om det meste og hjelper med \u00e5 veilede deg om du trenger hjelp til noe. Har du noen forslag p\u00e5 hva som kunne blitt arrangert tar hun gjerne imot forslag.<\/p>\n\n\n\n<p>Trenger du noen \u00e5 snakke med har vi ogs\u00e5 gode studentr\u00e5dgivere p\u00e5 campus.\u00a0<a href=\"https:\/\/outlook.office365.com\/owa\/calendar\/IdaBhn@studentinord.onmicrosoft.com\/bookings\/\" data-type=\"URL\" data-id=\"https:\/\/outlook.office365.com\/owa\/calendar\/IdaBhn@studentinord.onmicrosoft.com\/bookings\/\">Her<\/a>\u00a0kan du booke deg time for \u00e5 en samtale hvor du kan lette p\u00e5 trykket i en stressende studie tid. Temaene er \u00e5pne og de har taushetsplikt og kan ogs\u00e5 hjelpe deg med \u00e5 komme i kontakt med andre instanser ved behov for dette. Du kan ha m\u00f8ter gjennom fysiske m\u00f8ter, teams eller p\u00e5 telefon om det skulle v\u00e6re til \u00f8nske. Ida Bohn er en viktige st\u00f8ttespiller for mange studenter og det er lavterskel for \u00e5 komme \u00e5 bli kjent.<\/p>\n","protected":false},"excerpt":{"rendered":"<p>Som student ved Stj\u00f8rdal blir du godt kjent med alle som studerer med deg da det er et godt studentmilj\u00f8. Alle studerer til \u00e5 bli trafikkl\u00e6rer og med et aktivt studentr\u00e5d som arrangerer quiz, bordtenninsturneringer og masse mer s\u00e5 har du mye \u00e5 engasjere deg i om du \u00f8nsker det! Studentverten Lise Marie kommer innom [&hellip;]<\/p>\n","protected":false},"author":67,"featured_media":1951,"parent":213,"menu_order":0,"comment_status":"closed","ping_status":"closed","template":"","meta":{"footnotes":""},"coauthors":[24],"class_list":["post-1813","page","type-page","status-publish","has-post-thumbnail","hentry"],"_links":{"self":[{"href":"https:\/\/site.nord.no\/studorg\/wp-json\/wp\/v2\/pages\/1813","targetHints":{"allow":["GET"]}}],"collection":[{"href":"https:\/\/site.nord.no\/studorg\/wp-json\/wp\/v2\/pages"}],"about":[{"href":"https:\/\/site.nord.no\/studorg\/wp-json\/wp\/v2\/types\/page"}],"author":[{"embeddable":true,"href":"https:\/\/site.nord.no\/studorg\/wp-json\/wp\/v2\/users\/67"}],"replies":[{"embeddable":true,"href":"https:\/\/site.nord.no\/studorg\/wp-json\/wp\/v2\/comments?post=1813"}],"version-history":[{"count":5,"href":"https:\/\/site.nord.no\/studorg\/wp-json\/wp\/v2\/pages\/1813\/revisions"}],"predecessor-version":[{"id":2155,"href":"https:\/\/site.nord.no\/studorg\/wp-json\/wp\/v2\/pages\/1813\/revisions\/2155"}],"up":[{"embeddable":true,"href":"https:\/\/site.nord.no\/studorg\/wp-json\/wp\/v2\/pages\/213"}],"wp:featuredmedia":[{"embeddable":true,"href":"https:\/\/site.nord.no\/studorg\/wp-json\/wp\/v2\/media\/1951"}],"wp:attachment":[{"href":"https:\/\/site.nord.no\/studorg\/wp-json\/wp\/v2\/media?parent=1813"}],"wp:term":[{"taxonomy":"author","embeddable":true,"href":"https:\/\/site.nord.no\/studorg\/wp-json\/wp\/v2\/coauthors?post=1813"}],"curies":[{"name":"wp","href":"https:\/\/api.w.org\/{rel}","templated":true}]}}