{"id":1818,"date":"2022-12-12T13:07:53","date_gmt":"2022-12-12T12:07:53","guid":{"rendered":"https:\/\/site.nord.no\/studorg\/?page_id=1818"},"modified":"2022-12-19T14:29:19","modified_gmt":"2022-12-19T13:29:19","slug":"stjordal-2","status":"publish","type":"page","link":"https:\/\/site.nord.no\/studorg\/sot\/stjordal-2\/","title":{"rendered":"Stj\u00f8rdal"},"content":{"rendered":"\n<p class=\"has-black-color has-text-color has-background\" style=\"background:linear-gradient(347deg,rgb(254,205,165) 21%,rgb(254,45,45) 100%,rgb(107,0,62) 100%)\">Som student p\u00e5 Stj\u00f8rdal er du bare et steinkast unna V\u00e6rnes flyplass, med gode kollektivforbindelser hvor du enn m\u00e5tte \u00f8nske \u00e5 reise. Det er et flust av gode veier for \u00e5 \u00f8velseskj\u00f8re p\u00e5. I tillegg er Trondheim bare en svipptur unna om du vil inn til storbyen for et lite avbrekk. Stj\u00f8rdal er en by med et flust av muligheter. Vil du vite mer om disse mulighetene, klikker du bare p\u00e5 Din studentby -&gt; Stj\u00f8rdal -&gt; Aktiviteter.<\/p>\n","protected":false},"excerpt":{"rendered":"<p>Som student p\u00e5 Stj\u00f8rdal er du bare et steinkast unna V\u00e6rnes flyplass, med gode kollektivforbindelser hvor du enn m\u00e5tte \u00f8nske \u00e5 reise. Det er et flust av gode veier for \u00e5 \u00f8velseskj\u00f8re p\u00e5. I tillegg er Trondheim bare en svipptur unna om du vil inn til storbyen for et lite avbrekk. Stj\u00f8rdal er en by [&hellip;]<\/p>\n","protected":false},"author":67,"featured_media":1998,"parent":213,"menu_order":0,"comment_status":"closed","ping_status":"closed","template":"","meta":{"footnotes":""},"coauthors":[24],"class_list":["post-1818","page","type-page","status-publish","has-post-thumbnail","hentry"],"_links":{"self":[{"href":"https:\/\/site.nord.no\/studorg\/wp-json\/wp\/v2\/pages\/1818","targetHints":{"allow":["GET"]}}],"collection":[{"href":"https:\/\/site.nord.no\/studorg\/wp-json\/wp\/v2\/pages"}],"about":[{"href":"https:\/\/site.nord.no\/studorg\/wp-json\/wp\/v2\/types\/page"}],"author":[{"embeddable":true,"href":"https:\/\/site.nord.no\/studorg\/wp-json\/wp\/v2\/users\/67"}],"replies":[{"embeddable":true,"href":"https:\/\/site.nord.no\/studorg\/wp-json\/wp\/v2\/comments?post=1818"}],"version-history":[{"count":7,"href":"https:\/\/site.nord.no\/studorg\/wp-json\/wp\/v2\/pages\/1818\/revisions"}],"predecessor-version":[{"id":2002,"href":"https:\/\/site.nord.no\/studorg\/wp-json\/wp\/v2\/pages\/1818\/revisions\/2002"}],"up":[{"embeddable":true,"href":"https:\/\/site.nord.no\/studorg\/wp-json\/wp\/v2\/pages\/213"}],"wp:featuredmedia":[{"embeddable":true,"href":"https:\/\/site.nord.no\/studorg\/wp-json\/wp\/v2\/media\/1998"}],"wp:attachment":[{"href":"https:\/\/site.nord.no\/studorg\/wp-json\/wp\/v2\/media?parent=1818"}],"wp:term":[{"taxonomy":"author","embeddable":true,"href":"https:\/\/site.nord.no\/studorg\/wp-json\/wp\/v2\/coauthors?post=1818"}],"curies":[{"name":"wp","href":"https:\/\/api.w.org\/{rel}","templated":true}]}}