{"id":1841,"date":"2022-12-12T13:26:31","date_gmt":"2022-12-12T12:26:31","guid":{"rendered":"https:\/\/site.nord.no\/studorg\/?page_id=1841"},"modified":"2022-12-12T15:07:43","modified_gmt":"2022-12-12T14:07:43","slug":"studentaktiviteter","status":"publish","type":"page","link":"https:\/\/site.nord.no\/studorg\/sot\/studentaktiviteter\/","title":{"rendered":"Studentaktiviteter"},"content":{"rendered":"\n<p>Det er masser av ting \u00e5 bli en del av n\u00e5r du er student p\u00e5 Steinkjer! Her er v\u00e5re studentorganisasjoner som er \u00e5 finne i dag. Har du lyst til \u00e5 starte en forening m\u00e5 du bare sette i gang s\u00e5 hjelper vi deg hvis du trenger hjelp! Engasjerer deg! <\/p>\n\n\n\n<p><\/p>\n\n\n\n<div class=\"wp-block-columns is-layout-flex wp-container-core-columns-is-layout-28f84493 wp-block-columns-is-layout-flex\">\n<div class=\"wp-block-column is-layout-flow wp-block-column-is-layout-flow\">\n<p><a href=\"https:\/\/www.facebook.com\/liquidsNord\" data-type=\"URL\" data-id=\"https:\/\/www.facebook.com\/liquidsNord\">Liquids<\/a><\/p>\n<\/div>\n\n\n\n<div class=\"wp-block-column is-layout-flow wp-block-column-is-layout-flow\">\n<p><a href=\"https:\/\/www.facebook.com\/collegium.animalis\/?fref=ts\" data-type=\"URL\" data-id=\"https:\/\/www.facebook.com\/collegium.animalis\/?fref=ts\">Collegium Animalis<\/a><\/p>\n<\/div>\n\n\n\n<div class=\"wp-block-column is-layout-flow wp-block-column-is-layout-flow\">\n<p><a href=\"https:\/\/www.facebook.com\/Brunstgropa\" data-type=\"URL\" data-id=\"https:\/\/www.facebook.com\/Brunstgropa\">Brunsgropa &#8211; Jeger og fiskeforening<\/a><\/p>\n<\/div>\n<\/div>\n\n\n\n<div class=\"wp-block-columns is-layout-flex wp-container-core-columns-is-layout-28f84493 wp-block-columns-is-layout-flex\">\n<div class=\"wp-block-column is-layout-flow wp-block-column-is-layout-flow\">\n<figure class=\"wp-block-image aligncenter size-full is-style-default\"><img fetchpriority=\"high\" decoding=\"async\" width=\"591\" height=\"333\" src=\"https:\/\/site.nord.no\/studorg\/wp-content\/uploads\/sites\/28\/2022\/12\/Liquids.jpeg\" alt=\"\" class=\"wp-image-1925\" \/><\/figure>\n<\/div>\n\n\n\n<div class=\"wp-block-column is-layout-flow wp-block-column-is-layout-flow\">\n<figure class=\"wp-block-image aligncenter size-full\"><img decoding=\"async\" width=\"960\" height=\"720\" src=\"https:\/\/site.nord.no\/studorg\/wp-content\/uploads\/sites\/28\/2022\/12\/Collegium-anumalis.jpeg\" alt=\"\" class=\"wp-image-1926\" \/><\/figure>\n<\/div>\n\n\n\n<div class=\"wp-block-column is-layout-flow wp-block-column-is-layout-flow\">\n<figure class=\"wp-block-image size-full is-resized\"><img decoding=\"async\" src=\"https:\/\/site.nord.no\/studorg\/wp-content\/uploads\/sites\/28\/2022\/12\/Brunsgropa.jpeg\" alt=\"\" class=\"wp-image-1927\" width=\"192\" height=\"192\" \/><\/figure>\n<\/div>\n<\/div>\n","protected":false},"excerpt":{"rendered":"<p>Det er masser av ting \u00e5 bli en del av n\u00e5r du er student p\u00e5 Steinkjer! Her er v\u00e5re studentorganisasjoner som er \u00e5 finne i dag. Har du lyst til \u00e5 starte en forening m\u00e5 du bare sette i gang s\u00e5 hjelper vi deg hvis du trenger hjelp! Engasjerer deg! Liquids Collegium Animalis Brunsgropa &#8211; [&hellip;]<\/p>\n","protected":false},"author":67,"featured_media":0,"parent":213,"menu_order":0,"comment_status":"closed","ping_status":"closed","template":"","meta":{"footnotes":""},"coauthors":[24],"class_list":["post-1841","page","type-page","status-publish","hentry"],"_links":{"self":[{"href":"https:\/\/site.nord.no\/studorg\/wp-json\/wp\/v2\/pages\/1841","targetHints":{"allow":["GET"]}}],"collection":[{"href":"https:\/\/site.nord.no\/studorg\/wp-json\/wp\/v2\/pages"}],"about":[{"href":"https:\/\/site.nord.no\/studorg\/wp-json\/wp\/v2\/types\/page"}],"author":[{"embeddable":true,"href":"https:\/\/site.nord.no\/studorg\/wp-json\/wp\/v2\/users\/67"}],"replies":[{"embeddable":true,"href":"https:\/\/site.nord.no\/studorg\/wp-json\/wp\/v2\/comments?post=1841"}],"version-history":[{"count":2,"href":"https:\/\/site.nord.no\/studorg\/wp-json\/wp\/v2\/pages\/1841\/revisions"}],"predecessor-version":[{"id":1928,"href":"https:\/\/site.nord.no\/studorg\/wp-json\/wp\/v2\/pages\/1841\/revisions\/1928"}],"up":[{"embeddable":true,"href":"https:\/\/site.nord.no\/studorg\/wp-json\/wp\/v2\/pages\/213"}],"wp:attachment":[{"href":"https:\/\/site.nord.no\/studorg\/wp-json\/wp\/v2\/media?parent=1841"}],"wp:term":[{"taxonomy":"author","embeddable":true,"href":"https:\/\/site.nord.no\/studorg\/wp-json\/wp\/v2\/coauthors?post=1841"}],"curies":[{"name":"wp","href":"https:\/\/api.w.org\/{rel}","templated":true}]}}