{"id":1845,"date":"2022-12-12T13:27:18","date_gmt":"2022-12-12T12:27:18","guid":{"rendered":"https:\/\/site.nord.no\/studorg\/?page_id=1845"},"modified":"2023-01-03T15:21:38","modified_gmt":"2023-01-03T14:21:38","slug":"studentaktiviteter-2","status":"publish","type":"page","link":"https:\/\/site.nord.no\/studorg\/sot\/studentaktiviteter-2\/","title":{"rendered":"Studentaktiviteter"},"content":{"rendered":"\n<p>Som student ved Namsos er det i dag bare en linjeforening \u00e5 ta del i, men har du en spire i magen \u00e5 \u00f8nsker \u00e5 starte et idrettslag, sjakklubb, strikkeklubb eller hva det no enn m\u00e5tte v\u00e6re er det bare \u00e5 ta kontakt! <\/p>\n\n\n\n<div class=\"wp-block-columns is-layout-flex wp-container-core-columns-is-layout-28f84493 wp-block-columns-is-layout-flex\">\n<div class=\"wp-block-column is-layout-flow wp-block-column-is-layout-flow\">\n<p><a href=\"https:\/\/www.facebook.com\/prodruglinjeforening\" data-type=\"URL\" data-id=\"https:\/\/www.facebook.com\/prodruglinjeforening\">Linjeforeningen Prodrug<\/a><\/p>\n<\/div>\n\n\n\n<div class=\"wp-block-column is-layout-flow wp-block-column-is-layout-flow\"><\/div>\n<\/div>\n\n\n\n<div class=\"wp-block-columns is-layout-flex wp-container-core-columns-is-layout-28f84493 wp-block-columns-is-layout-flex\">\n<div class=\"wp-block-column is-layout-flow wp-block-column-is-layout-flow\">\n<figure class=\"wp-block-image size-full is-style-rounded\"><img fetchpriority=\"high\" decoding=\"async\" width=\"919\" height=\"908\" src=\"https:\/\/site.nord.no\/studorg\/wp-content\/uploads\/sites\/28\/2022\/12\/prodrug.jpeg\" alt=\"\" class=\"wp-image-1947\" \/><\/figure>\n<\/div>\n\n\n\n<div class=\"wp-block-column is-layout-flow wp-block-column-is-layout-flow\"><\/div>\n<\/div>\n","protected":false},"excerpt":{"rendered":"<p>Som student ved Namsos er det i dag bare en linjeforening \u00e5 ta del i, men har du en spire i magen \u00e5 \u00f8nsker \u00e5 starte et idrettslag, sjakklubb, strikkeklubb eller hva det no enn m\u00e5tte v\u00e6re er det bare \u00e5 ta kontakt! Linjeforeningen Prodrug<\/p>\n","protected":false},"author":67,"featured_media":0,"parent":213,"menu_order":0,"comment_status":"closed","ping_status":"closed","template":"","meta":{"footnotes":""},"coauthors":[24],"class_list":["post-1845","page","type-page","status-publish","hentry"],"_links":{"self":[{"href":"https:\/\/site.nord.no\/studorg\/wp-json\/wp\/v2\/pages\/1845","targetHints":{"allow":["GET"]}}],"collection":[{"href":"https:\/\/site.nord.no\/studorg\/wp-json\/wp\/v2\/pages"}],"about":[{"href":"https:\/\/site.nord.no\/studorg\/wp-json\/wp\/v2\/types\/page"}],"author":[{"embeddable":true,"href":"https:\/\/site.nord.no\/studorg\/wp-json\/wp\/v2\/users\/67"}],"replies":[{"embeddable":true,"href":"https:\/\/site.nord.no\/studorg\/wp-json\/wp\/v2\/comments?post=1845"}],"version-history":[{"count":3,"href":"https:\/\/site.nord.no\/studorg\/wp-json\/wp\/v2\/pages\/1845\/revisions"}],"predecessor-version":[{"id":2201,"href":"https:\/\/site.nord.no\/studorg\/wp-json\/wp\/v2\/pages\/1845\/revisions\/2201"}],"up":[{"embeddable":true,"href":"https:\/\/site.nord.no\/studorg\/wp-json\/wp\/v2\/pages\/213"}],"wp:attachment":[{"href":"https:\/\/site.nord.no\/studorg\/wp-json\/wp\/v2\/media?parent=1845"}],"wp:term":[{"taxonomy":"author","embeddable":true,"href":"https:\/\/site.nord.no\/studorg\/wp-json\/wp\/v2\/coauthors?post=1845"}],"curies":[{"name":"wp","href":"https:\/\/api.w.org\/{rel}","templated":true}]}}