{"id":1852,"date":"2022-12-12T13:30:38","date_gmt":"2022-12-12T12:30:38","guid":{"rendered":"https:\/\/site.nord.no\/studorg\/?page_id=1852"},"modified":"2023-01-03T15:27:47","modified_gmt":"2023-01-03T14:27:47","slug":"ditt-studentrad","status":"publish","type":"page","link":"https:\/\/site.nord.no\/studorg\/sot\/ditt-studentrad\/","title":{"rendered":"Ditt studentr\u00e5d"},"content":{"rendered":"\n<p>P\u00e5 Levanger har du et aktivt studentr\u00e5d som jobber for at akkurat du skal ha ei stuper studietid. Du kan n\u00e5 studentr\u00e5det p\u00e5 mail studentradetlevanger@gmail.com eller ofte i 2. etagen oppe p\u00e5 lesesalen i Nyl\u00e5na. Velkommen inn!<\/p>\n","protected":false},"excerpt":{"rendered":"<p>P\u00e5 Levanger har du et aktivt studentr\u00e5d som jobber for at akkurat du skal ha ei stuper studietid. Du kan n\u00e5 studentr\u00e5det p\u00e5 mail studentradetlevanger@gmail.com eller ofte i 2. etagen oppe p\u00e5 lesesalen i Nyl\u00e5na. Velkommen inn!<\/p>\n","protected":false},"author":67,"featured_media":0,"parent":213,"menu_order":0,"comment_status":"closed","ping_status":"closed","template":"","meta":{"footnotes":""},"coauthors":[24],"class_list":["post-1852","page","type-page","status-publish","hentry"],"_links":{"self":[{"href":"https:\/\/site.nord.no\/studorg\/wp-json\/wp\/v2\/pages\/1852","targetHints":{"allow":["GET"]}}],"collection":[{"href":"https:\/\/site.nord.no\/studorg\/wp-json\/wp\/v2\/pages"}],"about":[{"href":"https:\/\/site.nord.no\/studorg\/wp-json\/wp\/v2\/types\/page"}],"author":[{"embeddable":true,"href":"https:\/\/site.nord.no\/studorg\/wp-json\/wp\/v2\/users\/67"}],"replies":[{"embeddable":true,"href":"https:\/\/site.nord.no\/studorg\/wp-json\/wp\/v2\/comments?post=1852"}],"version-history":[{"count":2,"href":"https:\/\/site.nord.no\/studorg\/wp-json\/wp\/v2\/pages\/1852\/revisions"}],"predecessor-version":[{"id":2203,"href":"https:\/\/site.nord.no\/studorg\/wp-json\/wp\/v2\/pages\/1852\/revisions\/2203"}],"up":[{"embeddable":true,"href":"https:\/\/site.nord.no\/studorg\/wp-json\/wp\/v2\/pages\/213"}],"wp:attachment":[{"href":"https:\/\/site.nord.no\/studorg\/wp-json\/wp\/v2\/media?parent=1852"}],"wp:term":[{"taxonomy":"author","embeddable":true,"href":"https:\/\/site.nord.no\/studorg\/wp-json\/wp\/v2\/coauthors?post=1852"}],"curies":[{"name":"wp","href":"https:\/\/api.w.org\/{rel}","templated":true}]}}