{"id":1871,"date":"2022-12-12T13:43:24","date_gmt":"2022-12-12T12:43:24","guid":{"rendered":"https:\/\/site.nord.no\/studorg\/?page_id=1871"},"modified":"2025-08-20T09:31:02","modified_gmt":"2025-08-20T07:31:02","slug":"levanger-3","status":"publish","type":"page","link":"https:\/\/site.nord.no\/studorg\/sot\/levanger-3\/","title":{"rendered":""},"content":{"rendered":"\n<figure class=\"wp-block-image aligncenter size-full is-resized\"><img fetchpriority=\"high\" decoding=\"async\" src=\"https:\/\/site.nord.no\/studorg\/wp-content\/uploads\/sites\/28\/2023\/01\/levanger-stud-sted.png\" alt=\"\" class=\"wp-image-2190\" width=\"749\" height=\"248\" \/><\/figure>\n\n\n\n<p>I Levanger ligger Nord Universitets st\u00f8rste campus i Tr\u00f8ndelag. Her er det noe for alle, hvis det er av interesse kan du ta del i student demokratiet p\u00e5 flere niv\u00e5. I tillegg til dette har vi <a href=\"https:\/\/site.nord.no\/studorg\/sot\/levanger\/\" data-type=\"URL\" data-id=\"https:\/\/site.nord.no\/studorg\/sot\/levanger\/\">studentforeninger<\/a> som blant annet R\u00f8stad studentkor og Levanger Studentenes Idrettsforening (LSI). Vi vil gj\u00f8re v\u00e5rt beste slik at du f\u00e5r en god studietid her i Levanger. <\/p>\n\n\n\n<p><\/p>\n\n\n\n<p> <a href=\"https:\/\/site.nord.no\/studorg\/sot\/ditt-studentrad\/\" data-type=\"URL\" data-id=\"https:\/\/site.nord.no\/studorg\/sot\/ditt-studentrad\/\">Studentr\u00e5det<\/a> i Levanger er aktivt og arrangerer mye spennende. Har du forslag til aktiviteter som \u00f8nskes  at studentr\u00e5det skal arrangere, et givende engasjement for \u00e5 gj\u00f8re studiehverdagen best mulig for alle, er det bare \u00e5 ta kontakt med studentr\u00e5det som holder til i 2. etg. ved lesesalen i Nyl\u00e5na.  <\/p>\n\n\n\n<p>Utenfor kontoret til studentr\u00e5det finner du studentvert Lise Marie, som jobber med \u00e5 hjelpe studenter til \u00e5 finne seg til rette p\u00e5 studiestedet. Hun er ogs\u00e5 en st\u00f8tte for studenter og studentforeninger. Lise Marie vil arrangere ulike aktiviteter gjennom din tid her som student. <\/p>\n\n\n\n<p><\/p>\n\n\n\n<p>Har du behov for en samtalepartner? Studentinord tilbyr gode studentr\u00e5dgivere p\u00e5 campus Levanger. Trykk <a href=\"https:\/\/www.studentinord.no\/book-direkte-levanger\" data-type=\"URL\" data-id=\"https:\/\/www.studentinord.no\/book-direkte-levanger\">her<\/a> for \u00e5 booke time for en samtale hvor du kan lette p\u00e5 trykket i en stressende studie tid. Her kan du ta opp hva som helst, alt fra studiehverdag til privatliv. R\u00e5dgiverne har taushetsplikt. Dette er et lavterskeltilbud som alle studenter kan benytte seg av. Studentr\u00e5dgiverne heter Ida B\u00f8hn og Kirsti Gr\u00f8tan. <\/p>\n","protected":false},"excerpt":{"rendered":"<p>I Levanger ligger Nord Universitets st\u00f8rste campus i Tr\u00f8ndelag. Her er det noe for alle, hvis det er av interesse kan du ta del i student demokratiet p\u00e5 flere niv\u00e5. I tillegg til dette har vi studentforeninger som blant annet R\u00f8stad studentkor og Levanger Studentenes Idrettsforening (LSI). Vi vil gj\u00f8re v\u00e5rt beste slik at du [&hellip;]<\/p>\n","protected":false},"author":67,"featured_media":0,"parent":213,"menu_order":0,"comment_status":"closed","ping_status":"closed","template":"","meta":{"footnotes":""},"coauthors":[24],"class_list":["post-1871","page","type-page","status-publish","hentry"],"_links":{"self":[{"href":"https:\/\/site.nord.no\/studorg\/wp-json\/wp\/v2\/pages\/1871","targetHints":{"allow":["GET"]}}],"collection":[{"href":"https:\/\/site.nord.no\/studorg\/wp-json\/wp\/v2\/pages"}],"about":[{"href":"https:\/\/site.nord.no\/studorg\/wp-json\/wp\/v2\/types\/page"}],"author":[{"embeddable":true,"href":"https:\/\/site.nord.no\/studorg\/wp-json\/wp\/v2\/users\/67"}],"replies":[{"embeddable":true,"href":"https:\/\/site.nord.no\/studorg\/wp-json\/wp\/v2\/comments?post=1871"}],"version-history":[{"count":12,"href":"https:\/\/site.nord.no\/studorg\/wp-json\/wp\/v2\/pages\/1871\/revisions"}],"predecessor-version":[{"id":4766,"href":"https:\/\/site.nord.no\/studorg\/wp-json\/wp\/v2\/pages\/1871\/revisions\/4766"}],"up":[{"embeddable":true,"href":"https:\/\/site.nord.no\/studorg\/wp-json\/wp\/v2\/pages\/213"}],"wp:attachment":[{"href":"https:\/\/site.nord.no\/studorg\/wp-json\/wp\/v2\/media?parent=1871"}],"wp:term":[{"taxonomy":"author","embeddable":true,"href":"https:\/\/site.nord.no\/studorg\/wp-json\/wp\/v2\/coauthors?post=1871"}],"curies":[{"name":"wp","href":"https:\/\/api.w.org\/{rel}","templated":true}]}}