{"id":1883,"date":"2022-12-12T13:58:34","date_gmt":"2022-12-12T12:58:34","guid":{"rendered":"https:\/\/site.nord.no\/studorg\/?page_id=1883"},"modified":"2023-02-21T10:21:01","modified_gmt":"2023-02-21T09:21:01","slug":"studentrabatter-3","status":"publish","type":"page","link":"https:\/\/site.nord.no\/studorg\/sot\/studentrabatter-3\/","title":{"rendered":""},"content":{"rendered":"\n<figure class=\"wp-block-image size-full is-resized\"><img fetchpriority=\"high\" decoding=\"async\" src=\"https:\/\/site.nord.no\/studorg\/wp-content\/uploads\/sites\/28\/2023\/01\/studentrabatter-skalerrrrt.png\" alt=\"\" class=\"wp-image-2048\" width=\"1466\" height=\"269\" \/><\/figure>\n\n\n\n<h2 class=\"wp-block-heading\">dgs<\/h2>\n\n\n\n<figure class=\"wp-block-table\"><table><tbody><tr><td><\/td><td><\/td><td><\/td><\/tr><tr><td><\/td><td><\/td><td><\/td><\/tr><tr><td><\/td><td><\/td><td><\/td><\/tr><tr><td><\/td><td><\/td><td><\/td><\/tr><tr><td><\/td><td><\/td><td><\/td><\/tr><tr><td><\/td><td><\/td><td><\/td><\/tr><tr><td><\/td><td><\/td><td><\/td><\/tr><\/tbody><\/table><\/figure>\n\n\n\n<h2 class=\"wp-block-heading\">Kultur<\/h2>\n\n\n\n<figure class=\"wp-block-table has-small-font-size\"><table><tbody><tr><td><img decoding=\"async\" width=\"231\" height=\"231\" class=\"wp-image-2715\" style=\"width: 500px\" src=\"https:\/\/site.nord.no\/studorg\/wp-content\/uploads\/sites\/28\/2023\/02\/Bilde1.jpg\" alt=\"\"><\/td><td>Hos kultar.no finner du opplevelser fra Stj\u00f8rdal til Lierne. Mange har studentrabatt! Her er et lite eksempel<\/td><td><\/td><\/tr><tr><td><img decoding=\"async\" width=\"231\" height=\"231\" class=\"wp-image-2716\" style=\"width: 150px\" src=\"https:\/\/site.nord.no\/studorg\/wp-content\/uploads\/sites\/28\/2023\/02\/Bilde2.jpg\" alt=\"\"><\/td><td>Da f\u00e5r du Hilmar \u00e5ret rundt med minst 10 ulike folkemusikk-konsertar p\u00e5 unike og sm\u00e5 spelestader i heile Tr\u00f8ndelag, og Hilmarfestivalen med 70 arrangement med konsertar, dansefestar, forteljing og kunstprogram i veke 45 p\u00e5 Steinkjer.<\/td><td> 825,-<\/td><\/tr><tr><td><img loading=\"lazy\" decoding=\"async\" width=\"231\" height=\"231\" class=\"wp-image-2717\" style=\"width: 150px\" src=\"https:\/\/site.nord.no\/studorg\/wp-content\/uploads\/sites\/28\/2023\/02\/Bilde3.jpg\" alt=\"\"><\/td><td>Riksteatret, Verdal \u2013 Ungdomsbillett under 30 \u00e5r\u00a0 kr. 180,- (ordin\u00e6r pris kr. 460,-)<\/td><td>Kr. 190,-<\/td><\/tr><tr><td><img loading=\"lazy\" decoding=\"async\" width=\"231\" height=\"231\" class=\"wp-image-2718\" style=\"width: 150px\" src=\"https:\/\/site.nord.no\/studorg\/wp-content\/uploads\/sites\/28\/2023\/02\/Bilde4.jpg\" alt=\"\"><\/td><td>Riksteatret, Verdal \u2013 Ungdomsbillett under 30 \u00e5r\u00a0 kr. 180,- (ordin\u00e6r pris kr. 460,-)<\/td><td>Kr. 190,-<\/td><\/tr><tr><td><img loading=\"lazy\" decoding=\"async\" width=\"328\" height=\"90\" class=\"wp-image-2719\" style=\"width: 150px\" src=\"https:\/\/site.nord.no\/studorg\/wp-content\/uploads\/sites\/28\/2023\/02\/Bilde5.png\" alt=\"\"><\/td><td>Billetter til Levanger Kirkes mange arrangementer finner du p\u00e5 kultar.no<\/td><td>tudent og barn gratis, men m\u00e5 ha plassbillett.<\/td><\/tr><tr><td><img loading=\"lazy\" decoding=\"async\" width=\"109\" height=\"98\" class=\"wp-image-2720\" style=\"width: 109px\" src=\"https:\/\/site.nord.no\/studorg\/wp-content\/uploads\/sites\/28\/2023\/02\/Bilde6.png\" alt=\"\"><\/td><td>Billetter til Falstadsenterets arrangementer finner du p\u00e5 kultar.no<br>Falstadsentret er museum, minnested og senter for menneskerettigheter og ligger p\u00e5 Ekne like utenfor Levanger sentrum<br>Falstadsenteret er en engasjerende m\u00f8teplass med en sterk historie. Her kan du l\u00e6re om fangehistorie fra andre verdenskrig og om demokrati, menneskerettigheter og dagsaktuelle samfunnssp\u00f8rsm\u00e5l. Pr\u00f8v v\u00e5r digitale rekonstruksjon av fangeleiren anno 1945, bes\u00f8k utstillingene v\u00e5re og bli med p\u00e5 gode samtaler i meningsfulle omgivelser<\/td><td>Student kr. 100,-<\/td><\/tr><tr><td><img loading=\"lazy\" decoding=\"async\" width=\"273\" height=\"273\" class=\"wp-image-2721\" style=\"width: 150px\" src=\"https:\/\/site.nord.no\/studorg\/wp-content\/uploads\/sites\/28\/2023\/02\/Bilde7.jpg\" alt=\"\"><\/td><td>Kickstart student\u00e5ret med festival p\u00e5 Levanger 18. og 19. august 2023<\/td><td>Studentpris kommer!<\/td><\/tr><\/tbody><\/table><\/figure>\n\n\n\n<p class=\"has-medium-font-size\">Her er det selvsagt \u00e5pent for \u00e5 f\u00e5 inn flere studentrabatter. <\/p>\n\n\n\n<p class=\"has-vivid-cyan-blue-color has-pale-ocean-gradient-background has-text-color has-background has-small-font-size\">Bare ta kontakt p\u00e5 mail: leder.sot@so.nord.no<\/p>\n","protected":false},"excerpt":{"rendered":"<p>dgs Kultur Hos kultar.no finner du opplevelser fra Stj\u00f8rdal til Lierne. Mange har studentrabatt! Her er et lite eksempel Da f\u00e5r du Hilmar \u00e5ret rundt med minst 10 ulike folkemusikk-konsertar p\u00e5 unike og sm\u00e5 spelestader i heile Tr\u00f8ndelag, og Hilmarfestivalen med 70 arrangement med konsertar, dansefestar, forteljing og kunstprogram i veke 45 p\u00e5 Steinkjer. 825,- [&hellip;]<\/p>\n","protected":false},"author":67,"featured_media":0,"parent":213,"menu_order":0,"comment_status":"closed","ping_status":"closed","template":"","meta":{"footnotes":""},"coauthors":[24],"class_list":["post-1883","page","type-page","status-publish","hentry"],"_links":{"self":[{"href":"https:\/\/site.nord.no\/studorg\/wp-json\/wp\/v2\/pages\/1883","targetHints":{"allow":["GET"]}}],"collection":[{"href":"https:\/\/site.nord.no\/studorg\/wp-json\/wp\/v2\/pages"}],"about":[{"href":"https:\/\/site.nord.no\/studorg\/wp-json\/wp\/v2\/types\/page"}],"author":[{"embeddable":true,"href":"https:\/\/site.nord.no\/studorg\/wp-json\/wp\/v2\/users\/67"}],"replies":[{"embeddable":true,"href":"https:\/\/site.nord.no\/studorg\/wp-json\/wp\/v2\/comments?post=1883"}],"version-history":[{"count":5,"href":"https:\/\/site.nord.no\/studorg\/wp-json\/wp\/v2\/pages\/1883\/revisions"}],"predecessor-version":[{"id":2725,"href":"https:\/\/site.nord.no\/studorg\/wp-json\/wp\/v2\/pages\/1883\/revisions\/2725"}],"up":[{"embeddable":true,"href":"https:\/\/site.nord.no\/studorg\/wp-json\/wp\/v2\/pages\/213"}],"wp:attachment":[{"href":"https:\/\/site.nord.no\/studorg\/wp-json\/wp\/v2\/media?parent=1883"}],"wp:term":[{"taxonomy":"author","embeddable":true,"href":"https:\/\/site.nord.no\/studorg\/wp-json\/wp\/v2\/coauthors?post=1883"}],"curies":[{"name":"wp","href":"https:\/\/api.w.org\/{rel}","templated":true}]}}