{"id":1885,"date":"2022-12-12T13:59:02","date_gmt":"2022-12-12T12:59:02","guid":{"rendered":"https:\/\/site.nord.no\/studorg\/?page_id=1885"},"modified":"2023-02-21T13:33:20","modified_gmt":"2023-02-21T12:33:20","slug":"studentrabatter-4","status":"publish","type":"page","link":"https:\/\/site.nord.no\/studorg\/sot\/studentrabatter-4\/","title":{"rendered":""},"content":{"rendered":"\n<figure class=\"wp-block-image size-full is-resized\"><img fetchpriority=\"high\" decoding=\"async\" src=\"https:\/\/site.nord.no\/studorg\/wp-content\/uploads\/sites\/28\/2023\/01\/studentrabatter-skalerrrrt.png\" alt=\"\" class=\"wp-image-2048\" width=\"1437\" height=\"263\" \/><\/figure>\n\n\n\n<p class=\"has-medium-font-size\"><strong>G\u00e5 p\u00e5 kaf\u00e8<\/strong><\/p>\n\n\n\n<figure class=\"wp-block-table has-small-font-size\"><table><tbody><tr><td class=\"has-text-align-center\" data-align=\"center\"><img decoding=\"async\" width=\"743\" height=\"960\" class=\"wp-image-2050\" style=\"width: 150px\" src=\"https:\/\/site.nord.no\/studorg\/wp-content\/uploads\/sites\/28\/2023\/01\/kirkens-bymisjon.png\" alt=\"\"><\/td><td>I den hyggelige kafeen til Kirkens Bymisjon i Brugata f\u00e5r du gratis kaffe og te <br>hele \u00e5ret gjennom! Studentforeninger kan ogs\u00e5 f\u00e5 l\u00e5ne lokalet gratis hele \u00e5ret.<\/td><td>Gratis kaffe<\/td><\/tr><tr><td class=\"has-text-align-center\" data-align=\"center\"><img decoding=\"async\" width=\"300\" height=\"181\" class=\"wp-image-2052\" style=\"width: 150px\" src=\"https:\/\/site.nord.no\/studorg\/wp-content\/uploads\/sites\/28\/2023\/01\/petter-nervik-bakeri-logo.png\" alt=\"\"><\/td><td>Rett ved torget finner du baker Petter Nervik. Her f\u00e5r du 20% rabatt p\u00e5 alle<br>ordin\u00e6re varer! Bakern har nydelig kaffe, sm\u00e5bakst og deilige br\u00f8d, og er<br>\u00e5pen fra kl 08 om morgenen<\/td><td>20%<\/td><\/tr><\/tbody><\/table><\/figure>\n\n\n\n<p><strong>Spise ute<\/strong><\/p>\n\n\n\n<figure class=\"wp-block-table has-small-font-size\"><table><tbody><tr><td><img loading=\"lazy\" decoding=\"async\" width=\"225\" height=\"225\" class=\"wp-image-2054\" style=\"width: 150px\" src=\"https:\/\/site.nord.no\/studorg\/wp-content\/uploads\/sites\/28\/2023\/01\/last-ned.png\" alt=\"\"><\/td><td>Liker du eksotiske smaker? Det trivelige spisestedet Klinkekulene tilbyr wifi,<br>gratis kaffe hele \u00e5ret og 20% rabatt p\u00e5 alle retter; som h\u00e5ndlaget kebab med<br>naanbr\u00f8d, kylling korma med ris, linsesuppe til kr 40 og mangolassi. De har<br>alltid noe vegan. Kirkegata 38 (inngang Sverres Gate opp fra Stasjonen).<\/td><td>20% +<br>Gratis kaffe<\/td><\/tr><tr><td><img loading=\"lazy\" decoding=\"async\" width=\"375\" height=\"210\" class=\"wp-image-2057\" style=\"width: 150px\" src=\"https:\/\/site.nord.no\/studorg\/wp-content\/uploads\/sites\/28\/2023\/01\/san-sebastian.jpg\" alt=\"\"><\/td><td>Tapasrestauranten San Sebastian med regionens st\u00f8rste uteservering finner<br>du i H\u00e5kon den Godes gate 2A, nedover mot Stadionparken. Her g\u00e5r du for<br>gode opplevelser med spanskinspirert mat og stemning p\u00e5 tallerken og i<br>glass. Studenter f\u00e5r alltid 15% rabatt.<\/td><td>15%<\/td><\/tr><tr><td><img loading=\"lazy\" decoding=\"async\" width=\"1181\" height=\"709\" class=\"wp-image-2058\" style=\"width: 150px\" src=\"https:\/\/site.nord.no\/studorg\/wp-content\/uploads\/sites\/28\/2023\/01\/siciliano.jpg\" alt=\"\"><\/td><td>Siciliano restaurant og pizzeria finner du i Kirkegata 31. Her f\u00e5r du 15% fast<br>studentrabatt. Rawand og teamet hans har nydelig pizza, kebab, burger og<br>mye annet godt og har \u00e5pent til langt utover natten i helgene.<\/td><td>15%<\/td><\/tr><tr><td><img loading=\"lazy\" decoding=\"async\" width=\"343\" height=\"147\" class=\"wp-image-2055\" style=\"width: 150px\" src=\"https:\/\/site.nord.no\/studorg\/wp-content\/uploads\/sites\/28\/2023\/01\/orion.png\" alt=\"\"><\/td><td>Orion restaurant ligger midt i byen, ved Torget i Kirkegata 43. Her f\u00e5r du 15%<br>n\u00e5r du spiser og 20% p\u00e5 take-away. Orion serverer pizza, kebab, burger og<br>mye annet godt, og er ogs\u00e5 byens nattklubb i helgene.<\/td><td>15%<br>20%*<\/td><\/tr><\/tbody><\/table><\/figure>\n\n\n\n<p><strong>Butikker<\/strong><\/p>\n\n\n\n<figure class=\"wp-block-table has-small-font-size\"><table><tbody><tr><td><img loading=\"lazy\" decoding=\"async\" width=\"524\" height=\"236\" class=\"wp-image-2067\" style=\"width: 150px\" src=\"https:\/\/site.nord.no\/studorg\/wp-content\/uploads\/sites\/28\/2023\/01\/stakset-sport.jpg\" alt=\"\"><\/td><td>Stakset Sport er kjent langt utenfor Levangers grenser for godt utvalg, h\u00f8y<br>kvalitet, utmerket service og dyktig fagkunnskap. Her f\u00e5r du alltid 15% p\u00e5<br>varer til veiledende pris som student. Alt innenfor sport, friluftsliv og fiske<\/td><td>15%<\/td><\/tr><tr><td><img loading=\"lazy\" decoding=\"async\" width=\"2048\" height=\"2048\" class=\"wp-image-2068\" style=\"width: 150px\" src=\"https:\/\/site.nord.no\/studorg\/wp-content\/uploads\/sites\/28\/2023\/01\/kriz-me-zanz.jpg\" alt=\"\"><\/td><td>KRIZ ME ZANZ er den koselige butikken for mote og damekl\u00e6r i hjertet av<br>Levanger sentrum. Kristin startet butikken for 12 \u00e5r siden og har alltid noe<br>stilig for byens unge og livsglade kvinner. 10% p\u00e5 alle ordin\u00e6re varer.<\/td><td>10%<\/td><\/tr><tr><td><img loading=\"lazy\" decoding=\"async\" width=\"922\" height=\"220\" class=\"wp-image-2629\" style=\"width: 150px\" src=\"https:\/\/site.nord.no\/studorg\/wp-content\/uploads\/sites\/28\/2023\/01\/Dressmann_Logo.png\" alt=\"\"><\/td><td>Dressmann Magneten trekker fra 10% p\u00e5 ditt kj\u00f8p ved fremvisning av studentbevis i kassen. <\/td><td>10%<\/td><\/tr><tr><td><img loading=\"lazy\" decoding=\"async\" width=\"140\" height=\"60\" class=\"wp-image-2066\" style=\"width: 150px\" src=\"https:\/\/site.nord.no\/studorg\/wp-content\/uploads\/sites\/28\/2023\/01\/galleri-naloyet.gif\" alt=\"\"><\/td><td>Galleri N\u00e5l\u00f8yet i Kirkegata 29 er en spennende butikk i sentrum av Levanger<br>med et variert vareutvalg. Kom innom for en hyggelig handel. 10% fast<br>studentrabatt p\u00e5 garn, strikke- og sytilbeh\u00f8r, samt symaskiner.<\/td><td>10%<\/td><\/tr><\/tbody><\/table><\/figure>\n\n\n\n<p><strong>Fris\u00f8r og hudpleie<\/strong><\/p>\n\n\n\n<figure class=\"wp-block-table has-small-font-size\"><table><tbody><tr><td><img loading=\"lazy\" decoding=\"async\" width=\"1960\" height=\"1426\" class=\"wp-image-2059\" style=\"width: 150px\" src=\"https:\/\/site.nord.no\/studorg\/wp-content\/uploads\/sites\/28\/2023\/01\/capelli-frisor.jpg\" alt=\"\"><\/td><td>I krysset mellom H\u00e5kon den Godes gate og Sverres Gate finner du en av de<br>eldste fris\u00f8rsalongene i Levanger. Kapelli gir deg 10% fast studentrabatt og<br>er spesialist innen frisering, farge\/striping, permanent og brynsforming<\/td><td>10%<\/td><\/tr><tr><td><img loading=\"lazy\" decoding=\"async\" width=\"903\" height=\"234\" class=\"wp-image-2061\" style=\"width: 150px\" src=\"https:\/\/site.nord.no\/studorg\/wp-content\/uploads\/sites\/28\/2023\/01\/city-klippet.jpg\" alt=\"\"><\/td><td>P\u00e5 City Parfymeri og Hudpleieklinikk finner du alt av parfyme,<br>hudpleieprodukter, make-up, vesker og sko. Hudpleieklinikken gir deg som<br>student 10% p\u00e5 alle behandlinger<\/td><td>10%<\/td><\/tr><\/tbody><\/table><\/figure>\n\n\n\n<p><strong>Optikere<\/strong><\/p>\n\n\n\n<figure class=\"wp-block-table has-small-font-size\"><table><tbody><tr><td><img loading=\"lazy\" decoding=\"async\" width=\"960\" height=\"960\" class=\"wp-image-2060\" style=\"width: 150px\" src=\"https:\/\/site.nord.no\/studorg\/wp-content\/uploads\/sites\/28\/2023\/01\/c-bra-optikk.jpg\" alt=\"\"><\/td><td>Hos Christina og teamet p\u00e5 C-Bra i H\u00e5kon den Godes gate 21 f\u00e5r du som<br>student 25% rabatt p\u00e5 briller, linser og solbriller. Husk at det er viktig \u00e5 passe<br>godt p\u00e5 synet ditt i studietiden. Book synspr\u00f8ve p\u00e5 www.c-bra.no<\/td><td>25%<\/td><\/tr><tr><td><img loading=\"lazy\" decoding=\"async\" width=\"180\" height=\"180\" class=\"wp-image-2064\" style=\"width: 150px\" src=\"https:\/\/site.nord.no\/studorg\/wp-content\/uploads\/sites\/28\/2023\/01\/interoptik.jpg\" alt=\"\"><\/td><td>Midt i g\u00e5gata, i H\u00e5kon den Godes gate 16, finner du Interoptik Levanger.<br>Som student f\u00e5r du 30% p\u00e5 alle innfatninger og 15% p\u00e5 linser og solbriller.<br>P\u00e5 synssenteret deres f\u00e5r du god hjelp og p\u00e5 gata utenfor kan du spille sjakk.<\/td><td>15-30%<\/td><\/tr><\/tbody><\/table><\/figure>\n\n\n\n<p class=\"has-medium-font-size\"><strong>Annet<\/strong><\/p>\n\n\n\n<figure class=\"wp-block-table has-small-font-size\"><table><tbody><tr><td><img loading=\"lazy\" decoding=\"async\" width=\"484\" height=\"116\" class=\"wp-image-2065\" style=\"width: 150px\" src=\"https:\/\/site.nord.no\/studorg\/wp-content\/uploads\/sites\/28\/2023\/01\/galleri-fenka.jpg\" alt=\"\"><\/td><td>Kunst er kommunikasjon og f\u00f8lelser. Galleri Fenka skal v\u00e6re et fyrt\u00e5rn for<br>kunst og kunstopplevelser for bes\u00f8kende fra n\u00e6r og fjern. Galleri Fenka gir<br>deg 15% studentrabatt p\u00e5 alt utenom Pushwagnerbilder og tilbyr gode<br>avtaler for leie av lokale for intimkonserter.<\/td><td>15%<\/td><\/tr><tr><td><img loading=\"lazy\" decoding=\"async\" width=\"1200\" height=\"600\" class=\"wp-image-2063\" style=\"width: 150px\" src=\"https:\/\/site.nord.no\/studorg\/wp-content\/uploads\/sites\/28\/2023\/01\/innherred.png\" alt=\"\"><\/td><td>Avisa Innherred dekker Levanger og Verdal spesielt, med saker ogs\u00e5 fra<br>omliggende kommuner. Avisa har ca 15000 daglige brukere og gir tilbud for<br>nettavisen til alle under 34 \u00e5r for 1kr f\u00f8rste m\u00e5ned og s\u00e5 149kr\/m deretter.<\/td><td>1 kr<\/td><\/tr><tr><td><img loading=\"lazy\" decoding=\"async\" width=\"506\" height=\"99\" class=\"wp-image-2062\" style=\"width: 150px\" src=\"https:\/\/site.nord.no\/studorg\/wp-content\/uploads\/sites\/28\/2023\/01\/ilevanger.png\" alt=\"\"><\/td><td>iLevanger.no er nettavisen for Levanger. Her finner du det du trenger \u00e5 vite<br>om Levanger til en pris for 1kr f\u00f8rste m\u00e5ned og s\u00e5 79kr\/m deretter for deg<br>under 34. Abonnementet gir ogs\u00e5 tilgang til den tr\u00f8nderske n\u00e6ringslivsavisa<br>www.nt24.no og Amedias iLevanger.no er nettavisen for Levanger. Her finner du det du trenger \u00e5 vite<br>om Levanger til en pris for 1kr f\u00f8rste m\u00e5ned og s\u00e5 79kr\/m deretter for deg<br>under 34. Abonnementet gir ogs\u00e5 tilgang til den tr\u00f8nderske n\u00e6ringslivsavisa<br><a href=\"http:\/\/www.nt24.no\" data-type=\"URL\" data-id=\"www.nt24.no\">www.nt24.no<\/a> og Amedias <a href=\"http:\/\/www.direktesport.no\" data-type=\"URL\" data-id=\"www.direktesport.no\">www.direktesport.no<\/a>. Tips og frilansmuligheter. Tips og frilansmuligheter<\/td><td>1 kr<\/td><\/tr><\/tbody><\/table><\/figure>\n\n\n\n<h2 class=\"wp-block-heading\">Kultur<\/h2>\n\n\n\n<figure class=\"wp-block-table has-small-font-size\"><table><tbody><tr><td><img loading=\"lazy\" decoding=\"async\" width=\"231\" height=\"231\" class=\"wp-image-2715\" style=\"width: 500px\" src=\"https:\/\/site.nord.no\/studorg\/wp-content\/uploads\/sites\/28\/2023\/02\/Bilde1.jpg\" alt=\"\"><\/td><td>Hos kultar.no finner du opplevelser fra Stj\u00f8rdal til Lierne. Mange har studentrabatt! Her er et lite eksempel<\/td><td><\/td><\/tr><tr><td><img loading=\"lazy\" decoding=\"async\" width=\"231\" height=\"231\" class=\"wp-image-2716\" style=\"width: 150px\" src=\"https:\/\/site.nord.no\/studorg\/wp-content\/uploads\/sites\/28\/2023\/02\/Bilde2.jpg\" alt=\"\"><\/td><td>Da f\u00e5r du Hilmar \u00e5ret rundt med minst 10 ulike folkemusikk-konsertar p\u00e5 unike og sm\u00e5 spelestader i heile Tr\u00f8ndelag, og Hilmarfestivalen med 70 arrangement med konsertar, dansefestar, forteljing og kunstprogram i veke 45 p\u00e5 Steinkjer.<\/td><td> 825,-<\/td><\/tr><tr><td><img loading=\"lazy\" decoding=\"async\" width=\"231\" height=\"231\" class=\"wp-image-2717\" style=\"width: 150px\" src=\"https:\/\/site.nord.no\/studorg\/wp-content\/uploads\/sites\/28\/2023\/02\/Bilde3.jpg\" alt=\"\"><\/td><td>Riksteatret, Verdal \u2013 Ungdomsbillett under 30 \u00e5r&nbsp; kr. 180,- (ordin\u00e6r pris kr. 460,-)<\/td><td>Kr. 190,-<\/td><\/tr><tr><td><img loading=\"lazy\" decoding=\"async\" width=\"231\" height=\"231\" class=\"wp-image-2718\" style=\"width: 150px\" src=\"https:\/\/site.nord.no\/studorg\/wp-content\/uploads\/sites\/28\/2023\/02\/Bilde4.jpg\" alt=\"\"><\/td><td>Riksteatret, Verdal \u2013 Ungdomsbillett under 30 \u00e5r&nbsp; kr. 180,- (ordin\u00e6r pris kr. 460,-)<\/td><td>Kr. 190,-<\/td><\/tr><tr><td><img loading=\"lazy\" decoding=\"async\" width=\"328\" height=\"90\" class=\"wp-image-2719\" style=\"width: 150px\" src=\"https:\/\/site.nord.no\/studorg\/wp-content\/uploads\/sites\/28\/2023\/02\/Bilde5.png\" alt=\"\"><\/td><td>Billetter til Levanger Kirkes mange arrangementer finner du p\u00e5 kultar.no<\/td><td>tudent og barn gratis, men m\u00e5 ha plassbillett.<\/td><\/tr><tr><td><img loading=\"lazy\" decoding=\"async\" width=\"109\" height=\"98\" class=\"wp-image-2720\" style=\"width: 109px\" src=\"https:\/\/site.nord.no\/studorg\/wp-content\/uploads\/sites\/28\/2023\/02\/Bilde6.png\" alt=\"\"><\/td><td>Billetter til Falstadsenterets arrangementer finner du p\u00e5 kultar.no<br>Falstadsentret er museum, minnested og senter for menneskerettigheter og ligger p\u00e5 Ekne like utenfor Levanger sentrum<br>Falstadsenteret er en engasjerende m\u00f8teplass med en sterk historie. Her kan du l\u00e6re om fangehistorie fra andre verdenskrig og om demokrati, menneskerettigheter og dagsaktuelle samfunnssp\u00f8rsm\u00e5l. Pr\u00f8v v\u00e5r digitale rekonstruksjon av fangeleiren anno 1945, bes\u00f8k utstillingene v\u00e5re og bli med p\u00e5 gode samtaler i meningsfulle omgivelser<\/td><td>Student kr. 100,-<\/td><\/tr><tr><td><img loading=\"lazy\" decoding=\"async\" width=\"273\" height=\"273\" class=\"wp-image-2721\" style=\"width: 150px\" src=\"https:\/\/site.nord.no\/studorg\/wp-content\/uploads\/sites\/28\/2023\/02\/Bilde7.jpg\" alt=\"\"><\/td><td>Kickstart student\u00e5ret med festival p\u00e5 Levanger 18. og 19. august 2023<\/td><td>Studentpris kommer!<\/td><\/tr><\/tbody><\/table><\/figure>\n\n\n\n<p>Her er det selvsagt \u00e5pent for \u00e5 f\u00e5 inn flere studentrabatter. <\/p>\n\n\n\n<p class=\"has-vivid-cyan-blue-color has-pale-ocean-gradient-background has-text-color has-background\">Bare ta kontakt p\u00e5 mail: leder.sot@so.nord.no<\/p>\n","protected":false},"excerpt":{"rendered":"<p>G\u00e5 p\u00e5 kaf\u00e8 I den hyggelige kafeen til Kirkens Bymisjon i Brugata f\u00e5r du gratis kaffe og te hele \u00e5ret gjennom! Studentforeninger kan ogs\u00e5 f\u00e5 l\u00e5ne lokalet gratis hele \u00e5ret. Gratis kaffe Rett ved torget finner du baker Petter Nervik. Her f\u00e5r du 20% rabatt p\u00e5 alleordin\u00e6re varer! Bakern har nydelig kaffe, sm\u00e5bakst og deilige [&hellip;]<\/p>\n","protected":false},"author":67,"featured_media":0,"parent":213,"menu_order":0,"comment_status":"closed","ping_status":"closed","template":"","meta":{"footnotes":""},"coauthors":[24],"class_list":["post-1885","page","type-page","status-publish","hentry"],"_links":{"self":[{"href":"https:\/\/site.nord.no\/studorg\/wp-json\/wp\/v2\/pages\/1885","targetHints":{"allow":["GET"]}}],"collection":[{"href":"https:\/\/site.nord.no\/studorg\/wp-json\/wp\/v2\/pages"}],"about":[{"href":"https:\/\/site.nord.no\/studorg\/wp-json\/wp\/v2\/types\/page"}],"author":[{"embeddable":true,"href":"https:\/\/site.nord.no\/studorg\/wp-json\/wp\/v2\/users\/67"}],"replies":[{"embeddable":true,"href":"https:\/\/site.nord.no\/studorg\/wp-json\/wp\/v2\/comments?post=1885"}],"version-history":[{"count":13,"href":"https:\/\/site.nord.no\/studorg\/wp-json\/wp\/v2\/pages\/1885\/revisions"}],"predecessor-version":[{"id":2745,"href":"https:\/\/site.nord.no\/studorg\/wp-json\/wp\/v2\/pages\/1885\/revisions\/2745"}],"up":[{"embeddable":true,"href":"https:\/\/site.nord.no\/studorg\/wp-json\/wp\/v2\/pages\/213"}],"wp:attachment":[{"href":"https:\/\/site.nord.no\/studorg\/wp-json\/wp\/v2\/media?parent=1885"}],"wp:term":[{"taxonomy":"author","embeddable":true,"href":"https:\/\/site.nord.no\/studorg\/wp-json\/wp\/v2\/coauthors?post=1885"}],"curies":[{"name":"wp","href":"https:\/\/api.w.org\/{rel}","templated":true}]}}