{"id":1891,"date":"2022-12-12T14:02:24","date_gmt":"2022-12-12T13:02:24","guid":{"rendered":"https:\/\/site.nord.no\/studorg\/?page_id=1891"},"modified":"2023-01-03T14:21:56","modified_gmt":"2023-01-03T13:21:56","slug":"aktiviteter","status":"publish","type":"page","link":"https:\/\/site.nord.no\/studorg\/sot\/aktiviteter\/","title":{"rendered":"Aktiviteter"},"content":{"rendered":"\n<p> <p>Stj\u00f8rdal kommune har mang gode aktiviteter man kan delta p\u00e5.<\/p>      <p>For en fullstendig oversikt over hva du finner p\u00e5 stj\u00f8rdal, sjekk ut <a href=\"https:\/\/www.stjordal.kommune.no\/tjenester\/kultur-idrett-og-fritid\/\" data-type=\"URL\" data-id=\"https:\/\/www.stjordal.kommune.no\/tjenester\/kultur-idrett-og-fritid\/\">Stj\u00f8rdal kommunes nettside.<\/a><\/p> <\/p>\n","protected":false},"excerpt":{"rendered":"<p>Stj\u00f8rdal kommune har mang gode aktiviteter man kan delta p\u00e5. For en fullstendig oversikt over hva du finner p\u00e5 stj\u00f8rdal, sjekk ut Stj\u00f8rdal kommunes nettside.<\/p>\n","protected":false},"author":67,"featured_media":1998,"parent":213,"menu_order":0,"comment_status":"closed","ping_status":"closed","template":"","meta":{"footnotes":""},"coauthors":[24],"class_list":["post-1891","page","type-page","status-publish","has-post-thumbnail","hentry"],"_links":{"self":[{"href":"https:\/\/site.nord.no\/studorg\/wp-json\/wp\/v2\/pages\/1891","targetHints":{"allow":["GET"]}}],"collection":[{"href":"https:\/\/site.nord.no\/studorg\/wp-json\/wp\/v2\/pages"}],"about":[{"href":"https:\/\/site.nord.no\/studorg\/wp-json\/wp\/v2\/types\/page"}],"author":[{"embeddable":true,"href":"https:\/\/site.nord.no\/studorg\/wp-json\/wp\/v2\/users\/67"}],"replies":[{"embeddable":true,"href":"https:\/\/site.nord.no\/studorg\/wp-json\/wp\/v2\/comments?post=1891"}],"version-history":[{"count":2,"href":"https:\/\/site.nord.no\/studorg\/wp-json\/wp\/v2\/pages\/1891\/revisions"}],"predecessor-version":[{"id":2165,"href":"https:\/\/site.nord.no\/studorg\/wp-json\/wp\/v2\/pages\/1891\/revisions\/2165"}],"up":[{"embeddable":true,"href":"https:\/\/site.nord.no\/studorg\/wp-json\/wp\/v2\/pages\/213"}],"wp:featuredmedia":[{"embeddable":true,"href":"https:\/\/site.nord.no\/studorg\/wp-json\/wp\/v2\/media\/1998"}],"wp:attachment":[{"href":"https:\/\/site.nord.no\/studorg\/wp-json\/wp\/v2\/media?parent=1891"}],"wp:term":[{"taxonomy":"author","embeddable":true,"href":"https:\/\/site.nord.no\/studorg\/wp-json\/wp\/v2\/coauthors?post=1891"}],"curies":[{"name":"wp","href":"https:\/\/api.w.org\/{rel}","templated":true}]}}