{"id":1905,"date":"2022-12-12T14:26:07","date_gmt":"2022-12-12T13:26:07","guid":{"rendered":"https:\/\/site.nord.no\/studorg\/?page_id=1905"},"modified":"2023-10-13T13:51:35","modified_gmt":"2023-10-13T11:51:35","slug":"skap-ditt-studentmiljo","status":"publish","type":"page","link":"https:\/\/site.nord.no\/studorg\/sot\/skap-ditt-studentmiljo\/","title":{"rendered":"Skap ditt studentmilj\u00f8"},"content":{"rendered":"\n<p>Har du et brennende engasjement om \u00e5 starte en studentforening, aktiviteter eller noe annet som kan skape et bedre studentmilj\u00f8 p\u00e5 din campus? Vi er her for \u00e5 hjelpe deg \u00e5 gjennomf\u00f8re akkurat dette!<\/p>\n\n\n\n<p>Ta kontakt med Ida Marie Eidem, (Leder i SOT) p\u00e5 leder.sot@so.nord.no, eller studentvert Lise Marie, s\u00e5 hjelper vi deg med \u00e5 n\u00e5 m\u00e5let. <\/p>\n\n\n\n<p><\/p>\n\n\n\n<p>Vi lyser ut studentsosiale midler en gang per semester! Her kan din studentforening, linjeforening eller studenter s\u00f8ke p\u00e5 penger som skal g\u00e5 til \u00e5 skape engasjement ved ditt studiested. S\u00f8knadsfristen for h\u00f8stsemesteret gikk ut 30.September. Frykt ikke, da v\u00e5rsemesteret er like rundt hj\u00f8rnet! Ny frist legges ut her, s\u00e5 raskt denne er satt.<\/p>\n","protected":false},"excerpt":{"rendered":"<p>Har du et brennende engasjement om \u00e5 starte en studentforening, aktiviteter eller noe annet som kan skape et bedre studentmilj\u00f8 p\u00e5 din campus? Vi er her for \u00e5 hjelpe deg \u00e5 gjennomf\u00f8re akkurat dette! Ta kontakt med Ida Marie Eidem, (Leder i SOT) p\u00e5 leder.sot@so.nord.no, eller studentvert Lise Marie, s\u00e5 hjelper vi deg med \u00e5 [&hellip;]<\/p>\n","protected":false},"author":67,"featured_media":0,"parent":213,"menu_order":0,"comment_status":"closed","ping_status":"closed","template":"","meta":{"footnotes":""},"coauthors":[24],"class_list":["post-1905","page","type-page","status-publish","hentry"],"_links":{"self":[{"href":"https:\/\/site.nord.no\/studorg\/wp-json\/wp\/v2\/pages\/1905","targetHints":{"allow":["GET"]}}],"collection":[{"href":"https:\/\/site.nord.no\/studorg\/wp-json\/wp\/v2\/pages"}],"about":[{"href":"https:\/\/site.nord.no\/studorg\/wp-json\/wp\/v2\/types\/page"}],"author":[{"embeddable":true,"href":"https:\/\/site.nord.no\/studorg\/wp-json\/wp\/v2\/users\/67"}],"replies":[{"embeddable":true,"href":"https:\/\/site.nord.no\/studorg\/wp-json\/wp\/v2\/comments?post=1905"}],"version-history":[{"count":4,"href":"https:\/\/site.nord.no\/studorg\/wp-json\/wp\/v2\/pages\/1905\/revisions"}],"predecessor-version":[{"id":3239,"href":"https:\/\/site.nord.no\/studorg\/wp-json\/wp\/v2\/pages\/1905\/revisions\/3239"}],"up":[{"embeddable":true,"href":"https:\/\/site.nord.no\/studorg\/wp-json\/wp\/v2\/pages\/213"}],"wp:attachment":[{"href":"https:\/\/site.nord.no\/studorg\/wp-json\/wp\/v2\/media?parent=1905"}],"wp:term":[{"taxonomy":"author","embeddable":true,"href":"https:\/\/site.nord.no\/studorg\/wp-json\/wp\/v2\/coauthors?post=1905"}],"curies":[{"name":"wp","href":"https:\/\/api.w.org\/{rel}","templated":true}]}}