{"id":1908,"date":"2022-12-12T14:26:54","date_gmt":"2022-12-12T13:26:54","guid":{"rendered":"https:\/\/site.nord.no\/studorg\/?page_id=1908"},"modified":"2023-10-30T12:44:51","modified_gmt":"2023-10-30T11:44:51","slug":"engasjerte","status":"publish","type":"page","link":"https:\/\/site.nord.no\/studorg\/sot\/engasjerte\/","title":{"rendered":"For engasjerte"},"content":{"rendered":"\n<div class=\"wp-block-group is-nowrap is-layout-flex wp-container-core-group-is-layout-6c531013 wp-block-group-is-layout-flex\">\n<div class=\"wp-block-group is-vertical is-layout-flex wp-container-core-group-is-layout-fe9cc265 wp-block-group-is-layout-flex\">\n<h3 class=\"wp-block-heading\">Sakliste fra forrige \u00e5rsm\u00f8te:<\/h3>\n\n\n\n<ol class=\"wp-block-list\" start=\"1\">\n<li><strong>Konstituering<\/strong>&nbsp;<\/li>\n<\/ol>\n\n\n\n<ul class=\"wp-block-list\">\n\n<li>Godkjenning av innkalling.\u00a0<\/li>\n\n<\/ul>\n\n\n\n<ul class=\"wp-block-list\">\n\n<li>Valg av ordstyrer, foresl\u00e5r Ina Solberg.&nbsp;<\/li>\n\n<\/ul>\n\n\n\n<ul class=\"wp-block-list\">\n\n<li>Valg av referent.<\/li>\n\n<\/ul>\n\n\n\n<ul class=\"wp-block-list\">\n\n<li>Valg av protokollunderskriver.\u00a0\u00a0<\/li>\n\n<\/ul>\n\n\n\n<ul class=\"wp-block-list\">\n\n<li>Godkjenning av saksliste.<\/li>\n\n<\/ul>\n\n\n\n<ul class=\"wp-block-list\">\n\n<li>Godkjenning av forretningsorden.\u00a0<\/li>\n\n<\/ul>\n\n\n\n<ol class=\"wp-block-list\" start=\"2\">\n<li><strong>Orientering ved leder<\/strong>&nbsp;<\/li>\n<\/ol>\n\n\n\n<ol class=\"wp-block-list\" start=\"3\">\n<li><strong>Valg<\/strong>&nbsp;<\/li>\n<\/ol>\n\n\n\n<ol class=\"wp-block-list\" start=\"4\">\n<li><strong>\u00d8konomi<\/strong>&nbsp;<\/li>\n<\/ol>\n\n\n\n<ol class=\"wp-block-list\" start=\"5\">\n<li><strong>\u00d8konomireglement<\/strong>&nbsp;<\/li>\n<\/ol>\n\n\n\n<ol class=\"wp-block-list\" start=\"6\">\n<li><strong>Vedtektsendringer<\/strong>&nbsp;<\/li>\n<\/ol>\n\n\n\n<ol class=\"wp-block-list\" start=\"7\">\n<li><strong>Eventuelt<\/strong>&nbsp;<\/li>\n<\/ol>\n<\/div>\n<\/div>\n\n\n\n<h2 class=\"wp-block-heading\">Regionstyrem\u00f8te 22.02.2023<\/h2>\n\n\n\n<div class=\"wp-block-columns is-layout-flex wp-container-core-columns-is-layout-28f84493 wp-block-columns-is-layout-flex\">\n<div class=\"wp-block-column is-layout-flow wp-block-column-is-layout-flow\">\n<p>Regionstyrem\u00f8te Tr\u00f8ndelag.<\/p>\n\n\n\n<p>Hva er regionsstyret sp\u00f8r du? Regionsstyret er et styre som m\u00f8tes regelmessig noen ganger i semesteret. Noen av m\u00f8tene er \u00e5pen for alle studenter, slik at man kan v\u00e6re observat\u00f8r, og komme med innspill. Regionsstyret best\u00e5r av 8 studenter fra hvert studiested i tr\u00f8ndelag. en fra Stj\u00f8rdal, tre fra Levanger, to fra Steinkjer og to fra Namsos. Disse er basert ut fra studenttallet p\u00e5 det enkelte studiested. Studentr\u00e5det velger hvem som stiller i dette utvalget. Det vil variere om m\u00f8tene blir fysisk eller over teams, mulig hybridl\u00f8sning blir tatt i bruk. <\/p>\n<\/div>\n<\/div>\n\n\n\n<h2 class=\"wp-block-heading\">Studentsosiale midler<\/h2>\n\n\n\n<div class=\"wp-block-columns is-layout-flex wp-container-core-columns-is-layout-28f84493 wp-block-columns-is-layout-flex\">\n<div class=\"wp-block-column is-layout-flow wp-block-column-is-layout-flow\">\n<figure class=\"wp-block-gallery has-nested-images columns-default is-cropped wp-block-gallery-1 is-layout-flex wp-block-gallery-is-layout-flex\">\n<figure class=\"wp-block-image size-full\"><img fetchpriority=\"high\" decoding=\"async\" width=\"940\" height=\"788\" data-id=\"3236\" src=\"https:\/\/site.nord.no\/studorg\/wp-content\/uploads\/sites\/28\/2023\/10\/studentsosialemidler-h23.jpg\" alt=\"\" class=\"wp-image-3236\" \/><\/figure>\n<\/figure>\n<\/div>\n\n\n\n<div class=\"wp-block-column has-black-color has-text-color has-small-font-size is-layout-flow wp-block-column-is-layout-flow\">\n<p><\/p>\n\n\n\n<h2 class=\"wp-block-heading\">Her s\u00f8ker du om Studentsosiale midler:<\/h2>\n\n\n\n<p>Alle studentforeninger kan s\u00f8ke om Studentsosiale midler. Ta kontakt med leder for SOT: Ida Marie Eidem for mer informasjon (kontaktinfo ligger under fanen &laquo;Om oss&raquo;.<\/p>\n\n\n\n<p class=\"has-medium-font-size\">S\u00f8knadsfristen for H\u00f8stsemesteret 2023 gikk ut 30.September. Under Regionstyrem\u00f8te ble midlene fordelt mellom de fire studentr\u00e5dene i regionen. Her ble det vedtatt at Studentr\u00e5dene fordeler midlene videre til de foreningene som har s\u00f8kt, per studiested. Vi ber derfor om forst\u00e5else for utsettelse av fordelingen. Ta kontakt med ditt lokale Studentr\u00e5dstyre ved sp\u00f8rsm\u00e5l. <\/p>\n\n\n\n<hr class=\"wp-block-separator has-alpha-channel-opacity\" \/>\n\n\n\n<p class=\"has-medium-font-size\">The application deadline for the Fall semester of 2023 expired on September 30th. During the Regional Board meeting, the funds were allocated among the four student councils in the region. It was resolved that the student councils will further distribute the funds to the associations that have applied, per campus. We kindly request your understanding regarding the delay in the distribution process. For any inquiries, please contact your local Student Council.<\/p>\n\n\n\n<p><\/p>\n\n\n\n<p><\/p>\n\n\n\n<p><\/p>\n\n\n\n<p><\/p>\n<\/div>\n<\/div>\n\n\n\n<h2 class=\"wp-block-heading\"><\/h2>\n\n\n\n<p><\/p>\n","protected":false},"excerpt":{"rendered":"<p>Sakliste fra forrige \u00e5rsm\u00f8te: Regionstyrem\u00f8te 22.02.2023 Regionstyrem\u00f8te Tr\u00f8ndelag. Hva er regionsstyret sp\u00f8r du? Regionsstyret er et styre som m\u00f8tes regelmessig noen ganger i semesteret. Noen av m\u00f8tene er \u00e5pen for alle studenter, slik at man kan v\u00e6re observat\u00f8r, og komme med innspill. Regionsstyret best\u00e5r av 8 studenter fra hvert studiested i tr\u00f8ndelag. en fra Stj\u00f8rdal, [&hellip;]<\/p>\n","protected":false},"author":67,"featured_media":0,"parent":213,"menu_order":0,"comment_status":"closed","ping_status":"closed","template":"","meta":{"footnotes":""},"coauthors":[24],"class_list":["post-1908","page","type-page","status-publish","hentry"],"_links":{"self":[{"href":"https:\/\/site.nord.no\/studorg\/wp-json\/wp\/v2\/pages\/1908","targetHints":{"allow":["GET"]}}],"collection":[{"href":"https:\/\/site.nord.no\/studorg\/wp-json\/wp\/v2\/pages"}],"about":[{"href":"https:\/\/site.nord.no\/studorg\/wp-json\/wp\/v2\/types\/page"}],"author":[{"embeddable":true,"href":"https:\/\/site.nord.no\/studorg\/wp-json\/wp\/v2\/users\/67"}],"replies":[{"embeddable":true,"href":"https:\/\/site.nord.no\/studorg\/wp-json\/wp\/v2\/comments?post=1908"}],"version-history":[{"count":14,"href":"https:\/\/site.nord.no\/studorg\/wp-json\/wp\/v2\/pages\/1908\/revisions"}],"predecessor-version":[{"id":3261,"href":"https:\/\/site.nord.no\/studorg\/wp-json\/wp\/v2\/pages\/1908\/revisions\/3261"}],"up":[{"embeddable":true,"href":"https:\/\/site.nord.no\/studorg\/wp-json\/wp\/v2\/pages\/213"}],"wp:attachment":[{"href":"https:\/\/site.nord.no\/studorg\/wp-json\/wp\/v2\/media?parent=1908"}],"wp:term":[{"taxonomy":"author","embeddable":true,"href":"https:\/\/site.nord.no\/studorg\/wp-json\/wp\/v2\/coauthors?post=1908"}],"curies":[{"name":"wp","href":"https:\/\/api.w.org\/{rel}","templated":true}]}}