{"id":1918,"date":"2022-12-12T14:38:58","date_gmt":"2022-12-12T13:38:58","guid":{"rendered":"https:\/\/site.nord.no\/studorg\/?page_id=1918"},"modified":"2023-01-03T14:16:10","modified_gmt":"2023-01-03T13:16:10","slug":"studentaktiviteter-4","status":"publish","type":"page","link":"https:\/\/site.nord.no\/studorg\/sot\/studentaktiviteter-4\/","title":{"rendered":"Studentr\u00e5d og aktiviteter"},"content":{"rendered":"\n<p>Her p\u00e5 Stj\u00f8rdal er det muligheter for \u00e5 spille fotball og Volleyball i l\u00f8pet av uka. <\/p>\n\n\n\n<p>Det er ogs\u00e5 mange aktiviteter i regi av ulike foreninger p\u00e5 Stj\u00f8rdal. Sjekk det ut <a href=\"https:\/\/site.nord.no\/studorg\/sot\/aktiviteter\/\" data-type=\"URL\" data-id=\"https:\/\/site.nord.no\/studorg\/sot\/aktiviteter\/\">her<\/a>.<\/p>\n","protected":false},"excerpt":{"rendered":"<p>Her p\u00e5 Stj\u00f8rdal er det muligheter for \u00e5 spille fotball og Volleyball i l\u00f8pet av uka. Det er ogs\u00e5 mange aktiviteter i regi av ulike foreninger p\u00e5 Stj\u00f8rdal. Sjekk det ut her.<\/p>\n","protected":false},"author":67,"featured_media":0,"parent":213,"menu_order":0,"comment_status":"closed","ping_status":"closed","template":"","meta":{"footnotes":""},"coauthors":[24],"class_list":["post-1918","page","type-page","status-publish","hentry"],"_links":{"self":[{"href":"https:\/\/site.nord.no\/studorg\/wp-json\/wp\/v2\/pages\/1918","targetHints":{"allow":["GET"]}}],"collection":[{"href":"https:\/\/site.nord.no\/studorg\/wp-json\/wp\/v2\/pages"}],"about":[{"href":"https:\/\/site.nord.no\/studorg\/wp-json\/wp\/v2\/types\/page"}],"author":[{"embeddable":true,"href":"https:\/\/site.nord.no\/studorg\/wp-json\/wp\/v2\/users\/67"}],"replies":[{"embeddable":true,"href":"https:\/\/site.nord.no\/studorg\/wp-json\/wp\/v2\/comments?post=1918"}],"version-history":[{"count":4,"href":"https:\/\/site.nord.no\/studorg\/wp-json\/wp\/v2\/pages\/1918\/revisions"}],"predecessor-version":[{"id":2159,"href":"https:\/\/site.nord.no\/studorg\/wp-json\/wp\/v2\/pages\/1918\/revisions\/2159"}],"up":[{"embeddable":true,"href":"https:\/\/site.nord.no\/studorg\/wp-json\/wp\/v2\/pages\/213"}],"wp:attachment":[{"href":"https:\/\/site.nord.no\/studorg\/wp-json\/wp\/v2\/media?parent=1918"}],"wp:term":[{"taxonomy":"author","embeddable":true,"href":"https:\/\/site.nord.no\/studorg\/wp-json\/wp\/v2\/coauthors?post=1918"}],"curies":[{"name":"wp","href":"https:\/\/api.w.org\/{rel}","templated":true}]}}