{"id":2175,"date":"2023-01-03T14:34:15","date_gmt":"2023-01-03T13:34:15","guid":{"rendered":"https:\/\/site.nord.no\/studorg\/?page_id=2175"},"modified":"2026-02-27T09:11:44","modified_gmt":"2026-02-27T08:11:44","slug":"dokumenter-2","status":"publish","type":"page","link":"https:\/\/site.nord.no\/studorg\/sot\/dokumenter-2\/","title":{"rendered":""},"content":{"rendered":"\n<figure class=\"wp-block-image aligncenter size-full is-resized\"><img fetchpriority=\"high\" decoding=\"async\" width=\"1079\" height=\"289\" src=\"https:\/\/site.nord.no\/studorg\/wp-content\/uploads\/sites\/28\/2023\/01\/DOKUMENTER-1.png\" alt=\"\" class=\"wp-image-2180\" style=\"width:702px;height:187px\" \/><\/figure>\n\n\n\n<p><\/p>\n\n\n\n<p>Her har du mulighet til \u00e5 gj\u00f8re deg kjent med organisasjonens vedtekter, \u00f8konomireglement, samt referater fra \u00e5rsm\u00f8ter, regionstyrem\u00f8ter og studentting.<\/p>\n\n\n\n<p>Vi oppdaterer denne siden fortl\u00f8pende.<\/p>\n\n\n\n<div class=\"wp-block-columns is-layout-flex wp-container-core-columns-is-layout-28f84493 wp-block-columns-is-layout-flex\">\n<div class=\"wp-block-column is-layout-flow wp-block-column-is-layout-flow\">\n<p style=\"font-style:normal;font-weight:600\">SOTs styringsdokumenter<\/p>\n\n\n\n<ul class=\"wp-block-list\">\n<li><a href=\"https:\/\/site.nord.no\/studorg\/wp-content\/uploads\/sites\/28\/2025\/03\/Vedtekter-SOT-vedtatt-11.03.2025.pdf\" data-type=\"link\" data-id=\"https:\/\/site.nord.no\/studorg\/wp-content\/uploads\/sites\/28\/2025\/03\/Vedtekter-SOT-vedtatt-11.03.2025.pdf\">Vedtekter<\/a><\/li>\n\n\n\n<li><a href=\"https:\/\/site.nord.no\/studorg\/wp-content\/uploads\/sites\/28\/2025\/03\/OKONOMREGLEMENT-SOT-vedtatt-11.03.2025-1.pdf\" data-type=\"link\" data-id=\"https:\/\/site.nord.no\/studorg\/wp-content\/uploads\/sites\/28\/2025\/03\/OKONOMREGLEMENT-SOT-vedtatt-11.03.2025-1.pdf\">\u00d8konomireglement<\/a><\/li>\n\n\n\n<li><a href=\"https:\/\/site.nord.no\/studorg\/wp-content\/uploads\/sites\/28\/2025\/03\/Forskrifter-SOT-stillingsinstruks-vedtatt-11.03.2025.pdf\" data-type=\"link\" data-id=\"https:\/\/site.nord.no\/studorg\/wp-content\/uploads\/sites\/28\/2025\/03\/Forskrifter-SOT-stillingsinstruks-vedtatt-11.03.2025.pdf\">Stillingsinstruks styret<\/a><\/li>\n<\/ul>\n<\/div>\n\n\n\n<div class=\"wp-block-column is-layout-flow wp-block-column-is-layout-flow\">\n<p style=\"font-style:normal;font-weight:600\">Referater\/protokoller<\/p>\n\n\n\n<ul class=\"wp-block-list\">\n<li><a href=\"https:\/\/drive.google.com\/file\/d\/1R_N52rdJuC92Zev9byLJgJ7K9zGn2ptk\/view?usp=sharing\">\u00c5rsm\u00f8te<\/a> 15.03.23<\/li>\n\n\n\n<li><a href=\"https:\/\/drive.google.com\/file\/d\/1e8ga3FfY6AYNE1ASTD7QGPLa-mAzz4ue\/view?usp=sharing\">Regionstyrem\u00f8te<\/a> 18.10.23<\/li>\n\n\n\n<li><a href=\"https:\/\/drive.google.com\/file\/d\/1TFv0MgTXRpKRfqVVqbOlVGehG7P_HoWN\/view?usp=sharing\">Regionstyrem\u00f8te<\/a> 22.11.23<\/li>\n\n\n\n<li><a href=\"https:\/\/drive.google.com\/file\/d\/1kxC1xAE_w39M2GWxwjACVf6pQ0PWrjH3\/view?usp=sharing\">Regionstyrem\u00f8te<\/a> 10.01.24<\/li>\n\n\n\n<li><a href=\"https:\/\/drive.google.com\/file\/d\/1bIQCWbMyZVjjzGClXjpkR-OV-_RNQPGO\/view?usp=sharing\">\u00c5rsm\u00f8te<\/a> (innkalling) 28.02.24<\/li>\n\n\n\n<li><a href=\"https:\/\/site.nord.no\/studorg\/wp-content\/uploads\/sites\/28\/2024\/06\/Arsmoteprotokoll-SOT.pdf\" data-type=\"link\" data-id=\"https:\/\/site.nord.no\/studorg\/wp-content\/uploads\/sites\/28\/2024\/06\/Arsmoteprotokoll-SOT.pdf\">\u00c5rsm\u00f8teprotokoll 28.02.2024<\/a><\/li>\n\n\n\n<li><a href=\"https:\/\/site.nord.no\/studorg\/wp-content\/uploads\/sites\/28\/2025\/02\/Innkalling-a\u030arsmote-SOT-2025-samlet-dok.pdf\" data-type=\"link\" data-id=\"https:\/\/site.nord.no\/studorg\/wp-content\/uploads\/sites\/28\/2025\/02\/Innkalling-a\u030arsmote-SOT-2025-samlet-dok.pdf\">\u00c5rsm\u00f8te (innkalling og sakspapirer) 11.03.2025<\/a><\/li>\n\n\n\n<li><a href=\"https:\/\/site.nord.no\/studorg\/wp-content\/uploads\/sites\/28\/2025\/03\/Arsmoteprotokoll-SOT-2025-signert.pdf\" data-type=\"link\" data-id=\"https:\/\/site.nord.no\/studorg\/wp-content\/uploads\/sites\/28\/2025\/03\/Arsmoteprotokoll-SOT-2025-signert.pdf\">\u00c5rsm\u00f8teprotokoll 11.03.2025<\/a><\/li>\n\n\n\n<li><a href=\"https:\/\/site.nord.no\/studorg\/wp-content\/uploads\/sites\/28\/2026\/02\/Arsmotedokumenter-2026-SOT.pdf\" data-type=\"link\" data-id=\"https:\/\/site.nord.no\/studorg\/wp-content\/uploads\/sites\/28\/2026\/02\/Arsmotedokumenter-2026-SOT.pdf\">\u00c5rsm\u00f8te (innkalling og sakspapirer) 11.03.2026<\/a><\/li>\n<\/ul>\n<\/div>\n<\/div>\n\n\n\n<p style=\"font-style:normal;font-weight:600\">Studentting<\/p>\n\n\n\n<ul class=\"wp-block-list\">\n<li><a href=\"https:\/\/drive.google.com\/file\/d\/1TdfRoQk9BgmbqEkfk-D7ftAHBWB6iUIc\/view?usp=sharing\" data-type=\"link\" data-id=\"https:\/\/drive.google.com\/file\/d\/1TdfRoQk9BgmbqEkfk-D7ftAHBWB6iUIc\/view?usp=sharing\">Studentting 1\/24<\/a> sakspapirer<\/li>\n\n\n\n<li><a href=\"https:\/\/site.nord.no\/studorg\/wp-content\/uploads\/sites\/28\/2024\/06\/Studentting-SOT-1_24.pdf\" data-type=\"link\" data-id=\"https:\/\/site.nord.no\/studorg\/wp-content\/uploads\/sites\/28\/2024\/06\/Studentting-SOT-1_24.pdf\">Studentting 1\/24 protokoll<\/a><\/li>\n\n\n\n<li><a href=\"https:\/\/site.nord.no\/studorg\/wp-content\/uploads\/sites\/28\/2024\/09\/Sakspapirer-Studentting-1-24_25.pdf\" data-type=\"link\" data-id=\"https:\/\/site.nord.no\/studorg\/wp-content\/uploads\/sites\/28\/2024\/09\/Sakspapirer-Studentting-1-24_25.pdf\">Studentting 1 24\/25<\/a><\/li>\n\n\n\n<li><a href=\"https:\/\/site.nord.no\/studorg\/wp-content\/uploads\/sites\/28\/2024\/09\/Scanned-from-a-Xerox-Multifunction-Printer6.pdf\" data-type=\"link\" data-id=\"https:\/\/site.nord.no\/studorg\/wp-content\/uploads\/sites\/28\/2024\/09\/Scanned-from-a-Xerox-Multifunction-Printer6.pdf\">Studentting 1 24\/25 protokoll<\/a><\/li>\n\n\n\n<li><a href=\"https:\/\/site.nord.no\/studorg\/wp-content\/uploads\/sites\/28\/2024\/11\/SAKSDOKUMENTER-STUDENTTING-2.pdf\" data-type=\"link\" data-id=\"https:\/\/site.nord.no\/studorg\/wp-content\/uploads\/sites\/28\/2024\/11\/SAKSDOKUMENTER-STUDENTTING-2.pdf\">Studentting 2 24\/25 sakspapirer<\/a><\/li>\n\n\n\n<li><a href=\"https:\/\/site.nord.no\/studorg\/wp-content\/uploads\/sites\/28\/2024\/11\/Protokoll-Studentting-II-24_25-signert.pdf\" data-type=\"link\" data-id=\"https:\/\/site.nord.no\/studorg\/wp-content\/uploads\/sites\/28\/2024\/11\/Protokoll-Studentting-II-24_25-signert.pdf\">Studentting 2 24\/25 protokoll<\/a><\/li>\n\n\n\n<li><a href=\"https:\/\/site.nord.no\/studorg\/wp-content\/uploads\/sites\/28\/2025\/01\/Studentting-3_05_02_25-Sakspapirer.pdf\" data-type=\"link\" data-id=\"https:\/\/site.nord.no\/studorg\/wp-content\/uploads\/sites\/28\/2025\/01\/Studentting-3_05_02_25-Sakspapirer.pdf\">Studentting 3 24\/25 sakspapirer<\/a><\/li>\n\n\n\n<li><a href=\"https:\/\/site.nord.no\/studorg\/wp-content\/uploads\/sites\/28\/2025\/02\/Signert-protokoll-studentting-III.pdf\" data-type=\"link\" data-id=\"https:\/\/site.nord.no\/studorg\/wp-content\/uploads\/sites\/28\/2025\/02\/Signert-protokoll-studentting-III.pdf\">Studentting 3 24\/25 protokoll<\/a><\/li>\n\n\n\n<li><a href=\"https:\/\/site.nord.no\/studorg\/wp-content\/uploads\/sites\/28\/2025\/03\/Sakspapirer-Studentting-4-090425-merged.pdf\" data-type=\"link\" data-id=\"https:\/\/site.nord.no\/studorg\/wp-content\/uploads\/sites\/28\/2025\/03\/Sakspapirer-Studentting-4-090425-merged.pdf\">Studentting 4 24\/25 sakspapirer<\/a><\/li>\n\n\n\n<li><a href=\"https:\/\/site.nord.no\/studorg\/wp-content\/uploads\/sites\/28\/2025\/06\/Protokoll-studentting-4-signert.pdf\" data-type=\"link\" data-id=\"https:\/\/site.nord.no\/studorg\/wp-content\/uploads\/sites\/28\/2025\/06\/Protokoll-studentting-4-signert.pdf\">Studentting 4 24\/25 protokoll<\/a><\/li>\n\n\n\n<li><a href=\"https:\/\/site.nord.no\/studorg\/wp-content\/uploads\/sites\/28\/2025\/09\/Saksdokumenter-Studentting-SOT-1-25_26.pdf\" data-type=\"link\" data-id=\"https:\/\/site.nord.no\/studorg\/wp-content\/uploads\/sites\/28\/2025\/09\/Saksdokumenter-Studentting-SOT-1-25_26.pdf\">Studentting 1 25\/26 sakspapirer<\/a><\/li>\n\n\n\n<li><a href=\"https:\/\/site.nord.no\/studorg\/wp-content\/uploads\/sites\/28\/2025\/10\/Sakspapirer-studentting_2_25.pdf\" data-type=\"link\" data-id=\"https:\/\/site.nord.no\/studorg\/wp-content\/uploads\/sites\/28\/2025\/10\/Sakspapirer-studentting_2_25.pdf\">Studentting 2 25\/26 sakspapirer<\/a><\/li>\n<\/ul>\n\n\n\n<p><\/p>\n","protected":false},"excerpt":{"rendered":"<p>Her har du mulighet til \u00e5 gj\u00f8re deg kjent med organisasjonens vedtekter, \u00f8konomireglement, samt referater fra \u00e5rsm\u00f8ter, regionstyrem\u00f8ter og studentting. Vi oppdaterer denne siden fortl\u00f8pende. SOTs styringsdokumenter Referater\/protokoller Studentting<\/p>\n","protected":false},"author":67,"featured_media":0,"parent":213,"menu_order":0,"comment_status":"closed","ping_status":"closed","template":"","meta":{"footnotes":""},"coauthors":[24],"class_list":["post-2175","page","type-page","status-publish","hentry"],"_links":{"self":[{"href":"https:\/\/site.nord.no\/studorg\/wp-json\/wp\/v2\/pages\/2175","targetHints":{"allow":["GET"]}}],"collection":[{"href":"https:\/\/site.nord.no\/studorg\/wp-json\/wp\/v2\/pages"}],"about":[{"href":"https:\/\/site.nord.no\/studorg\/wp-json\/wp\/v2\/types\/page"}],"author":[{"embeddable":true,"href":"https:\/\/site.nord.no\/studorg\/wp-json\/wp\/v2\/users\/67"}],"replies":[{"embeddable":true,"href":"https:\/\/site.nord.no\/studorg\/wp-json\/wp\/v2\/comments?post=2175"}],"version-history":[{"count":36,"href":"https:\/\/site.nord.no\/studorg\/wp-json\/wp\/v2\/pages\/2175\/revisions"}],"predecessor-version":[{"id":5121,"href":"https:\/\/site.nord.no\/studorg\/wp-json\/wp\/v2\/pages\/2175\/revisions\/5121"}],"up":[{"embeddable":true,"href":"https:\/\/site.nord.no\/studorg\/wp-json\/wp\/v2\/pages\/213"}],"wp:attachment":[{"href":"https:\/\/site.nord.no\/studorg\/wp-json\/wp\/v2\/media?parent=2175"}],"wp:term":[{"taxonomy":"author","embeddable":true,"href":"https:\/\/site.nord.no\/studorg\/wp-json\/wp\/v2\/coauthors?post=2175"}],"curies":[{"name":"wp","href":"https:\/\/api.w.org\/{rel}","templated":true}]}}