{"id":2229,"date":"2023-01-04T14:11:47","date_gmt":"2023-01-04T13:11:47","guid":{"rendered":"https:\/\/site.nord.no\/studorg\/?page_id=2229"},"modified":"2024-02-16T14:40:07","modified_gmt":"2024-02-16T13:40:07","slug":"valg","status":"publish","type":"page","link":"https:\/\/site.nord.no\/studorg\/son\/valg\/","title":{"rendered":"Hvordan fungerer valg?"},"content":{"rendered":"\n<figure class=\"wp-block-image size-full is-resized\"><a href=\"https:\/\/site.nord.no\/studorg\/son\/ledige-verv\/\"><img fetchpriority=\"high\" decoding=\"async\" width=\"1600\" height=\"400\" src=\"https:\/\/site.nord.no\/studorg\/wp-content\/uploads\/sites\/28\/2023\/01\/Valgsoknad-header.png\" alt=\"\" class=\"wp-image-2232\" style=\"width:800px;height:200px\" \/><\/a><figcaption class=\"wp-element-caption\">Trykk p\u00e5 bildet for \u00e5 se ledige verv!<\/figcaption><\/figure>\n\n\n\n<p class=\"has-black-color has-text-color\">Det \u00e5 stille til valg for f\u00f8rste gang kan virke skummelt, enten du vil v\u00e6re med i en forening eller sitte i ett utvalg eller styre. Mye kan handle om at man ikke vet hva det er man kommer til eller hvordan man kan bli med. Vi skal pr\u00f8ve \u00e5 gj\u00f8re dette lettere for deg i denne guiden. <\/p>\n\n\n\n<div style=\"height:20px\" aria-hidden=\"true\" class=\"wp-block-spacer\"><\/div>\n\n\n\n<h3 class=\"wp-block-heading has-black-color has-text-color\">Fra interessert til valgt <\/h3>\n\n\n\n<p class=\"has-black-color has-text-color\">N\u00e5r en studentforening eller organisasjon er p\u00e5 utkikk etter nye engasjerte s\u00e5 vil de ofte legge ut informasjon om dette p\u00e5 sine facebooksider. Noen ganger kan du ogs\u00e5 m\u00f8te de p\u00e5 stand p\u00e5 ditt studiested. Det kan v\u00e6re vanskelig \u00e5 f\u00e5 med seg alt som skjer, men du kan lese mer om hva som finnes p\u00e5 ditt studiested p\u00e5 nettsidene til <a href=\"https:\/\/site.nord.no\/studorg\/son\/om-oss\/\" data-type=\"page\" data-id=\"319\">din studentorganisasjon<\/a>. <\/p>\n\n\n\n<p class=\"has-black-color has-text-color\">I mars vil det v\u00e6re valg til alle styrene i Studentorganisasjonen Nord, Studentorganisasjonen i Bod\u00f8, Studentorganisasjonen Helgeland, Studentorganisasjonen i Tr\u00f8ndelag og alle v\u00e5re <a href=\"https:\/\/site.nord.no\/studorg\/son\/rad-styrer-og-utvalg\/\" data-type=\"page\" data-id=\"802\">r\u00e5d, styrer og utvalg<\/a>.<\/p>\n\n\n\n<div style=\"height:27px\" aria-hidden=\"true\" class=\"wp-block-spacer\"><\/div>\n\n\n\n<p class=\"has-black-color has-text-color\">N\u00e5r du har funnet ett verv som du kunne tenke deg \u00e5 stille til, s\u00e5 har du allerede kommet langt. <\/p>\n\n\n\n<p class=\"has-black-color has-text-color\">Det neste steget vil v\u00e6re \u00e5 finne ut mer og sende inn en s\u00f8knad:<\/p>\n\n\n\n<div style=\"height:27px\" aria-hidden=\"true\" class=\"wp-block-spacer\"><\/div>\n\n\n\n<div class=\"wp-block-columns is-layout-flex wp-container-core-columns-is-layout-28f84493 wp-block-columns-is-layout-flex\">\n<div class=\"wp-block-column is-layout-flow wp-block-column-is-layout-flow\">\n<figure class=\"wp-block-image size-full\"><img decoding=\"async\" width=\"874\" height=\"747\" src=\"https:\/\/site.nord.no\/studorg\/wp-content\/uploads\/sites\/28\/2023\/01\/Screenshot_20230104_030134.png\" alt=\"\" class=\"wp-image-2249\" \/><\/figure>\n<\/div>\n\n\n\n<div class=\"wp-block-column is-layout-flow wp-block-column-is-layout-flow\">\n<p class=\"has-black-color has-text-color\">F\u00f8rst burde du finne ut mer om vervet du s\u00f8ker p\u00e5, som for eksempel hvor lenge det varer, n\u00e5r fristen for \u00e5 s\u00f8ke er og hvor valget foreg\u00e5r. <\/p>\n\n\n\n<p class=\"has-black-color has-text-color\">I v\u00e5rt valgskjema kan du som s\u00f8ker se at vi har en valgkomit\u00e9. De har som oppgave \u00e5 finne ut mer om kandidatene, og komme med en anbefaling p\u00e5 hvem som passer. <\/p>\n\n\n\n<p class=\"has-black-color has-text-color\">Valget foreg\u00e5r p\u00e5 \u00c5rsm\u00f8tet i Steinkjer den 25. mars. Hos oss s\u00e5 best\u00e5r \u00c5rsm\u00f8tet av studenter fra Bod\u00f8, Helgeland og Tr\u00f8ndelag som har blitt valgt som representanter lokalt. \u00c5rsm\u00f8tet er \u00e5pent for alle studenter som \u00f8nsker \u00e5 delta, men det er kun disse representantene som kan stemme. <\/p>\n\n\n\n<p class=\"has-black-color has-text-color\">Du kan ogs\u00e5 se at fristen for \u00e5 sende en s\u00f8knad er 5. mars, og at vervet varer fra 1. juli til 31. juni. For \u00e5 lese mer om vervet du s\u00f8ker p\u00e5 er det ogs\u00e5 en link til mer informasjon. <\/p>\n\n\n\n<p class=\"has-black-color has-text-color\">N\u00e5 vet du det du trenger, s\u00e5 da kan du g\u00e5 videre i s\u00f8knaden. <\/p>\n<\/div>\n<\/div>\n\n\n\n<div class=\"wp-block-columns is-layout-flex wp-container-core-columns-is-layout-28f84493 wp-block-columns-is-layout-flex\">\n<div class=\"wp-block-column is-layout-flow wp-block-column-is-layout-flow\">\n<figure class=\"wp-block-image size-full\"><img decoding=\"async\" width=\"879\" height=\"802\" src=\"https:\/\/site.nord.no\/studorg\/wp-content\/uploads\/sites\/28\/2023\/01\/Screenshot_20230104_023612.png\" alt=\"\" class=\"wp-image-2242\" \/><\/figure>\n<\/div>\n\n\n\n<div class=\"wp-block-column is-layout-flow wp-block-column-is-layout-flow\">\n<div style=\"height:27px\" aria-hidden=\"true\" class=\"wp-block-spacer\"><\/div>\n\n\n\n<p class=\"has-black-color has-text-color\">De fleste s\u00f8knadsskjemaer vil starte med \u00e5 be deg om \u00e5 fylle inn enkel informasjon om deg selv, som hva du heter, kontaktinformasjon og hva du studerer. <\/p>\n\n\n\n<p class=\"has-black-color has-text-color\">Dette er for \u00e5 kunne vite hvem du er og for \u00e5 kunne komme i kontakt med deg om din s\u00f8knad. <\/p>\n<\/div>\n<\/div>\n\n\n\n<div class=\"wp-block-columns is-layout-flex wp-container-core-columns-is-layout-28f84493 wp-block-columns-is-layout-flex\">\n<div class=\"wp-block-column is-layout-flow wp-block-column-is-layout-flow\">\n<figure class=\"wp-block-image size-full\"><img loading=\"lazy\" decoding=\"async\" width=\"877\" height=\"799\" src=\"https:\/\/site.nord.no\/studorg\/wp-content\/uploads\/sites\/28\/2023\/01\/Screenshot_20230104_023645.png\" alt=\"\" class=\"wp-image-2243\" \/><\/figure>\n<\/div>\n\n\n\n<div class=\"wp-block-column is-layout-flow wp-block-column-is-layout-flow\">\n<div style=\"height:27px\" aria-hidden=\"true\" class=\"wp-block-spacer\"><\/div>\n\n\n\n<p class=\"has-black-color has-text-color\">Det vil som regel v\u00e6re flere verv som er ledige n\u00e5r det er valg i studentorganisasjonene. Men det kan v\u00e6re samme s\u00f8knadsskjema for alle verv, som hos oss. <\/p>\n\n\n\n<p class=\"has-black-color has-text-color\">Her m\u00e5 du huke av den eller de vervene du \u00f8nsker \u00e5 stille til. Hvis du stiller til flere enn ett, s\u00e5 kan det v\u00e6re lurt at du enten i s\u00f8kadnen eller i samtale med valgkomit\u00e9en forteller hvilket verv du \u00f8nsker deg mest. <\/p>\n\n\n\n<p class=\"has-black-color has-text-color\">Husk at for \u00e5 finne mer informasjon om de ulike vervene s\u00e5 kan du lese mer om de p\u00e5 <a href=\"https:\/\/site.nord.no\/studorg\/son\/ledige-verv\/\" data-type=\"page\" data-id=\"804\">nettsiden<\/a>. <\/p>\n<\/div>\n<\/div>\n\n\n\n<div class=\"wp-block-columns is-layout-flex wp-container-core-columns-is-layout-28f84493 wp-block-columns-is-layout-flex\">\n<div class=\"wp-block-column is-layout-flow wp-block-column-is-layout-flow\">\n<figure class=\"wp-block-image size-full\"><img loading=\"lazy\" decoding=\"async\" width=\"881\" height=\"598\" src=\"https:\/\/site.nord.no\/studorg\/wp-content\/uploads\/sites\/28\/2023\/01\/Screenshot_20230104_023708-1.png\" alt=\"\" class=\"wp-image-2263\" \/><\/figure>\n<\/div>\n\n\n\n<div class=\"wp-block-column is-layout-flow wp-block-column-is-layout-flow\">\n<div style=\"height:27px\" aria-hidden=\"true\" class=\"wp-block-spacer\"><\/div>\n\n\n\n<p class=\"has-black-color has-text-color\">For \u00e5 bli bedre kjent med deg s\u00e5 vil en s\u00f8knad ofte be deg om \u00e5 fortelle mer om din motivasjon og hvorfor akkurat du passer til dette vervet. Kanskje har du erfaring fra f\u00f8r, eller kanskje har du lyst til \u00e5 l\u00e6re nye ting? <\/p>\n\n\n\n<p class=\"has-black-color has-text-color\">Det finnes ingen fasit p\u00e5 hva som er en god s\u00f8ker, men det viktigste er at du f\u00e5r frem mer om deg selv og at dette er noe du har lyst til \u00e5 f\u00e5 til. <\/p>\n\n\n\n<p class=\"has-black-color has-text-color\">N\u00e5r du har sendt inn ditt s\u00f8knadsskjema, s\u00e5 har du n\u00e5 blitt en kandidat til valget.<\/p>\n<\/div>\n<\/div>\n\n\n\n<p class=\"has-black-color has-text-color\">I valg i studentdemokratiet s\u00e5 vil s\u00f8knaden din bli behandlet av en valgkomit\u00e9. Ofte s\u00e5 vil de g\u00e5 gjennom s\u00f8knaden din, og kalle deg inn til ett intervju. I intervjuet s\u00e5 \u00f8nsker de \u00e5 bli bedre kjent med deg og din motivasjon. I valgkomit\u00e9en sitter det andre studenter som selv har stilt til valg tidligere, og de \u00f8nsker at dette blir en behagelig opplevelse for deg. Lurer du p\u00e5 hvordan valgkomit\u00e9en v\u00e5r arbeider eller stille sp\u00f8rsm\u00e5l om \u00e5 stille til valg? Ta kontakt med de p\u00e5 <a href=\"mailto:valgkomite.son@gmail.com\">valgkomite.son@gmail.com<\/a> <\/p>\n\n\n\n<div style=\"height:27px\" aria-hidden=\"true\" class=\"wp-block-spacer\"><\/div>\n\n\n\n<div class=\"wp-block-columns is-layout-flex wp-container-core-columns-is-layout-28f84493 wp-block-columns-is-layout-flex\">\n<div class=\"wp-block-column is-layout-flow wp-block-column-is-layout-flow\">\n<div style=\"height:27px\" aria-hidden=\"true\" class=\"wp-block-spacer\"><\/div>\n\n\n\n<figure class=\"wp-block-image size-full\"><img loading=\"lazy\" decoding=\"async\" width=\"890\" height=\"121\" src=\"https:\/\/site.nord.no\/studorg\/wp-content\/uploads\/sites\/28\/2023\/01\/Eksempel-innstilling_SON.png\" alt=\"\" class=\"wp-image-2270\" \/><figcaption class=\"wp-element-caption\">Et eksempel p\u00e5 en innstilling<\/figcaption><\/figure>\n<\/div>\n\n\n\n<div class=\"wp-block-column is-layout-flow wp-block-column-is-layout-flow\">\n<p class=\"has-black-color has-text-color\">I forkant av \u00c5rsm\u00f8tet s\u00e5 kommer valgkomit\u00e9en med sin innstilling. Dette er deres anbefaling om hvem som passer best til vervet. Her skriver de litt om hvem de anbefaler og hvorfor denne personen passer. <\/p>\n\n\n\n<p class=\"has-black-color has-text-color\">Husk at det er ikke valgkomit\u00e9en som velger, s\u00e5 selv om du ikke har f\u00e5tt en innstilling kan du likevel bli valgt. <\/p>\n<\/div>\n<\/div>\n\n\n\n<div style=\"height:27px\" aria-hidden=\"true\" class=\"wp-block-spacer\"><\/div>\n\n\n\n<p class=\"has-black-color has-text-color\">Det er p\u00e5 \u00c5rsm\u00f8tet at selve valget foreg\u00e5r. N\u00e5r valget til ditt verv \u00e5pnes, s\u00e5 vil alle kandidater f\u00e5 muligheten til \u00e5 gi en valgtale. Dette er din mulighet til \u00e5 fortelle delegatene hvorfor de burde velge deg. En valgtale beh\u00f8ver ikke \u00e5 v\u00e6re lang, men du kan fortelle litt om hvem du er og hvorfor du \u00f8nsker dette vervet. Husk at delegatene ikke har f\u00e5tt lest s\u00f8knadsskjemaet ditt eller v\u00e6rt med p\u00e5 intervju. <\/p>\n\n\n\n<p class=\"has-black-color has-text-color\">\u00c5rsm\u00f8tet er \u00e5pent for alle studenter ved Nord universitet, s\u00e5 her kan du m\u00f8te opp om du \u00f8nsker det. For \u00e5 kunne f\u00e5 stemmerett s\u00e5 m\u00e5 du v\u00e6re valgt som representant enten hos din studentorganisasjon eller din studentforening. Har du sp\u00f8rsm\u00e5l om hvordan du kan bli delegat p\u00e5 \u00c5rsm\u00f8tet v\u00e5rt? Ta kontakt med leder <a href=\"mailto:leder.sonord@so.nord.no\">leder.sonord@so.nord.no<\/a><\/p>\n\n\n\n<div style=\"height:27px\" aria-hidden=\"true\" class=\"wp-block-spacer\"><\/div>\n\n\n\n<p class=\"has-black-color has-text-color\">Lykke til med valget, vi h\u00e5per \u00e5 se ditt navn p\u00e5 s\u00f8kerlistene i \u00e5r! <\/p>\n\n\n\n<div style=\"height:27px\" aria-hidden=\"true\" class=\"wp-block-spacer\"><\/div>\n\n\n\n<p>Vil du lese enda mer om valg i Studentorganisasjonen Nord? Les v\u00e5rt <a href=\"https:\/\/site.nord.no\/studorg\/wp-content\/uploads\/sites\/28\/2022\/05\/valgreglemenet_for_son_.pdf\" data-type=\"URL\" data-id=\"https:\/\/site.nord.no\/studorg\/wp-content\/uploads\/sites\/28\/2022\/05\/valgreglemenet_for_son_.pdf\">valgreglement <\/a><\/p>\n","protected":false},"excerpt":{"rendered":"<p>Det \u00e5 stille til valg for f\u00f8rste gang kan virke skummelt, enten du vil v\u00e6re med i en forening eller sitte i ett utvalg eller styre. Mye kan handle om at man ikke vet hva det er man kommer til eller hvordan man kan bli med. Vi skal pr\u00f8ve \u00e5 gj\u00f8re dette lettere for deg [&hellip;]<\/p>\n","protected":false},"author":102,"featured_media":0,"parent":221,"menu_order":0,"comment_status":"closed","ping_status":"closed","template":"","meta":{"footnotes":""},"coauthors":[19],"class_list":["post-2229","page","type-page","status-publish","hentry"],"_links":{"self":[{"href":"https:\/\/site.nord.no\/studorg\/wp-json\/wp\/v2\/pages\/2229","targetHints":{"allow":["GET"]}}],"collection":[{"href":"https:\/\/site.nord.no\/studorg\/wp-json\/wp\/v2\/pages"}],"about":[{"href":"https:\/\/site.nord.no\/studorg\/wp-json\/wp\/v2\/types\/page"}],"author":[{"embeddable":true,"href":"https:\/\/site.nord.no\/studorg\/wp-json\/wp\/v2\/users\/102"}],"replies":[{"embeddable":true,"href":"https:\/\/site.nord.no\/studorg\/wp-json\/wp\/v2\/comments?post=2229"}],"version-history":[{"count":42,"href":"https:\/\/site.nord.no\/studorg\/wp-json\/wp\/v2\/pages\/2229\/revisions"}],"predecessor-version":[{"id":3445,"href":"https:\/\/site.nord.no\/studorg\/wp-json\/wp\/v2\/pages\/2229\/revisions\/3445"}],"up":[{"embeddable":true,"href":"https:\/\/site.nord.no\/studorg\/wp-json\/wp\/v2\/pages\/221"}],"wp:attachment":[{"href":"https:\/\/site.nord.no\/studorg\/wp-json\/wp\/v2\/media?parent=2229"}],"wp:term":[{"taxonomy":"author","embeddable":true,"href":"https:\/\/site.nord.no\/studorg\/wp-json\/wp\/v2\/coauthors?post=2229"}],"curies":[{"name":"wp","href":"https:\/\/api.w.org\/{rel}","templated":true}]}}