{"id":2354,"date":"2023-01-06T13:56:27","date_gmt":"2023-01-06T12:56:27","guid":{"rendered":"https:\/\/site.nord.no\/studorg\/?page_id=2354"},"modified":"2023-06-16T14:10:49","modified_gmt":"2023-06-16T12:10:49","slug":"komiteer","status":"publish","type":"page","link":"https:\/\/site.nord.no\/studorg\/son\/komiteer\/","title":{"rendered":"Komit\u00e9er"},"content":{"rendered":"\n<p class=\"has-black-color has-text-color\">Alle verv varer fra 1. juli til 31. juni<\/p>\n\n\n\n<div style=\"height:28px\" aria-hidden=\"true\" class=\"wp-block-spacer\"><\/div>\n\n\n\n<div style=\"height:28px\" aria-hidden=\"true\" class=\"wp-block-spacer\"><\/div>\n\n\n\n<h4 class=\"wp-block-heading has-black-color has-text-color\">Valgkomit\u00e9en<\/h4>\n\n\n\n<p class=\"has-black-color has-text-color\">3 representanter, fra minimum to regioner<\/p>\n\n\n\n<p class=\"has-black-color has-text-color\">Valgkomit\u00e9en til Studentorganisasjonen Nord er med p\u00e5 \u00e5 sikre at organisajonen f\u00e5r gode studenttillitsvalgte i tiden fremover. Som medlem av valgkomit\u00e9en s\u00e5 vil du v\u00e6re med p\u00e5 \u00e5 finne og vurdere kandidater til valg som gjennomf\u00f8res p\u00e5 \u00e5rsm\u00f8tet og suppleringsvalg. Du vil v\u00e6re en viktig del i at organisasjonen utvikler seg. Dette vervet passer for deg som liker \u00e5 komme i kontakt med studenter og som kan se andres egenskaper og vurdere disse opp mot spesifikke krav. Denne erfaringen kan komme godt med dersom du senere i arbeidslivet havner i ansettelsesprosesser, eller kan gj\u00f8re deg klar til ditt eget jobbintervju. <\/p>\n\n\n\n<p>Mer informasjon om <a href=\"https:\/\/site.nord.no\/studorg\/wp-content\/uploads\/sites\/28\/2022\/05\/valgreglemenet_for_son_.pdf\" data-type=\"URL\" data-id=\"https:\/\/site.nord.no\/studorg\/wp-content\/uploads\/sites\/28\/2022\/05\/valgreglemenet_for_son_.pdf\" target=\"_blank\" rel=\"noreferrer noopener\">valgreglementet<\/a><\/p>\n\n\n\n<div style=\"height:28px\" aria-hidden=\"true\" class=\"wp-block-spacer\"><\/div>\n\n\n\n<h4 class=\"wp-block-heading has-black-color has-text-color\">Kontrollkomit\u00e9en<\/h4>\n\n\n\n<p class=\"has-black-color has-text-color\">3 representanter<\/p>\n\n\n\n<p class=\"has-black-color has-text-color\">Kontrollkomit\u00e9en til Studentorganisasjonen Nord er med p\u00e5 \u00e5 sikre at organisajonen f\u00f8lger styringsdokumentene. Som medlem av kontrollkomit\u00e9en s\u00e5 er du en trygghet for sentralstyret, og du kan gi r\u00e5d og tolkninger av styringsdokumenter. Du vil v\u00e6re en viktig del i at organisasjonen opptrer p\u00e5 riktig m\u00e5te. Dette vervet passer for deg som \u00f8nsker en innsikt i organisasjonsarbeid og kan lett kombineres med andre verv. Denne erfaringen kan komme godt med dersom du senere i arbeidslivet skal arbeide med tolkninger av vedtak eller andre offentlige dokumenter. <\/p>\n\n\n\n<div style=\"height:28px\" aria-hidden=\"true\" class=\"wp-block-spacer\"><\/div>\n\n\n\n<div class=\"wp-block-buttons is-layout-flex wp-block-buttons-is-layout-flex\"><\/div>\n","protected":false},"excerpt":{"rendered":"<p>Alle verv varer fra 1. juli til 31. juni Valgkomit\u00e9en 3 representanter, fra minimum to regioner Valgkomit\u00e9en til Studentorganisasjonen Nord er med p\u00e5 \u00e5 sikre at organisajonen f\u00e5r gode studenttillitsvalgte i tiden fremover. Som medlem av valgkomit\u00e9en s\u00e5 vil du v\u00e6re med p\u00e5 \u00e5 finne og vurdere kandidater til valg som gjennomf\u00f8res p\u00e5 \u00e5rsm\u00f8tet og [&hellip;]<\/p>\n","protected":false},"author":102,"featured_media":0,"parent":221,"menu_order":0,"comment_status":"closed","ping_status":"closed","template":"","meta":{"footnotes":""},"coauthors":[19],"class_list":["post-2354","page","type-page","status-publish","hentry"],"_links":{"self":[{"href":"https:\/\/site.nord.no\/studorg\/wp-json\/wp\/v2\/pages\/2354","targetHints":{"allow":["GET"]}}],"collection":[{"href":"https:\/\/site.nord.no\/studorg\/wp-json\/wp\/v2\/pages"}],"about":[{"href":"https:\/\/site.nord.no\/studorg\/wp-json\/wp\/v2\/types\/page"}],"author":[{"embeddable":true,"href":"https:\/\/site.nord.no\/studorg\/wp-json\/wp\/v2\/users\/102"}],"replies":[{"embeddable":true,"href":"https:\/\/site.nord.no\/studorg\/wp-json\/wp\/v2\/comments?post=2354"}],"version-history":[{"count":7,"href":"https:\/\/site.nord.no\/studorg\/wp-json\/wp\/v2\/pages\/2354\/revisions"}],"predecessor-version":[{"id":3062,"href":"https:\/\/site.nord.no\/studorg\/wp-json\/wp\/v2\/pages\/2354\/revisions\/3062"}],"up":[{"embeddable":true,"href":"https:\/\/site.nord.no\/studorg\/wp-json\/wp\/v2\/pages\/221"}],"wp:attachment":[{"href":"https:\/\/site.nord.no\/studorg\/wp-json\/wp\/v2\/media?parent=2354"}],"wp:term":[{"taxonomy":"author","embeddable":true,"href":"https:\/\/site.nord.no\/studorg\/wp-json\/wp\/v2\/coauthors?post=2354"}],"curies":[{"name":"wp","href":"https:\/\/api.w.org\/{rel}","templated":true}]}}