{"id":237,"date":"2022-03-16T14:44:09","date_gmt":"2022-03-16T13:44:09","guid":{"rendered":"https:\/\/blogg.nord.no\/studorg\/?page_id=237"},"modified":"2024-11-29T13:43:41","modified_gmt":"2024-11-29T12:43:41","slug":"om-oss-2","status":"publish","type":"page","link":"https:\/\/site.nord.no\/studorg\/soh\/om-oss-2\/","title":{"rendered":"Om oss"},"content":{"rendered":"\n<div class=\"wp-block-columns is-layout-flex wp-container-core-columns-is-layout-28f84493 wp-block-columns-is-layout-flex\">\n<div class=\"wp-block-column is-layout-flow wp-block-column-is-layout-flow\">\n<figure class=\"wp-block-image alignleft size-full is-resized\"><img fetchpriority=\"high\" decoding=\"async\" src=\"https:\/\/site.nord.no\/studorg\/wp-content\/uploads\/sites\/28\/2022\/11\/SOH-2022-2.jpg\" alt=\"\" class=\"wp-image-1691\" width=\"402\" height=\"545\" \/><\/figure>\n<\/div>\n\n\n\n<div class=\"wp-block-column is-layout-flow wp-block-column-is-layout-flow\">\n<p>Studentorganisasjonen Helgeland (SOH) er det \u00f8verste studentpolitiske organet, under Studentorganisasjonen Nord (SON), for studiested Mo i Rana og studiested Nesna ved Nord Universitet. SOH jobber for \u00e5 ivareta studentenes velferd, rettigheter og interesser. <\/p>\n\n\n\n<div style=\"height:34px\" aria-hidden=\"true\" class=\"wp-block-spacer\"><\/div>\n\n\n\n<h3 class=\"wp-block-heading\">Hva gj\u00f8r vi?<\/h3>\n\n\n\n<p>SOH representerer studentene og taler studentenes sak i deres ulike p\u00e5virkningsorganer opp mot Nord Universitet. Vi arrangerer ogs\u00e5 sosiale aktiviteter og jobber med den daglige studentvelferden p\u00e5 Campus. <\/p>\n<\/div>\n<\/div>\n\n\n\n<h2 class=\"wp-block-heading\">Organisasjonskart<\/h2>\n\n\n\n<figure class=\"wp-block-image size-full is-resized\"><img decoding=\"async\" src=\"https:\/\/site.nord.no\/studorg\/wp-content\/uploads\/sites\/28\/2022\/11\/Org.kart-nedtonet.png\" alt=\"\" class=\"wp-image-1688\" width=\"580\" height=\"406\" \/><\/figure>\n","protected":false},"excerpt":{"rendered":"<p>Studentorganisasjonen Helgeland (SOH) er det \u00f8verste studentpolitiske organet, under Studentorganisasjonen Nord (SON), for studiested Mo i Rana og studiested Nesna ved Nord Universitet. SOH jobber for \u00e5 ivareta studentenes velferd, rettigheter og interesser. Hva gj\u00f8r vi? SOH representerer studentene og taler studentenes sak i deres ulike p\u00e5virkningsorganer opp mot Nord Universitet. Vi arrangerer ogs\u00e5 sosiale [&hellip;]<\/p>\n","protected":false},"author":75,"featured_media":0,"parent":224,"menu_order":0,"comment_status":"closed","ping_status":"closed","template":"","meta":{"footnotes":""},"coauthors":[5],"class_list":["post-237","page","type-page","status-publish","hentry"],"_links":{"self":[{"href":"https:\/\/site.nord.no\/studorg\/wp-json\/wp\/v2\/pages\/237","targetHints":{"allow":["GET"]}}],"collection":[{"href":"https:\/\/site.nord.no\/studorg\/wp-json\/wp\/v2\/pages"}],"about":[{"href":"https:\/\/site.nord.no\/studorg\/wp-json\/wp\/v2\/types\/page"}],"author":[{"embeddable":true,"href":"https:\/\/site.nord.no\/studorg\/wp-json\/wp\/v2\/users\/75"}],"replies":[{"embeddable":true,"href":"https:\/\/site.nord.no\/studorg\/wp-json\/wp\/v2\/comments?post=237"}],"version-history":[{"count":10,"href":"https:\/\/site.nord.no\/studorg\/wp-json\/wp\/v2\/pages\/237\/revisions"}],"predecessor-version":[{"id":1698,"href":"https:\/\/site.nord.no\/studorg\/wp-json\/wp\/v2\/pages\/237\/revisions\/1698"}],"up":[{"embeddable":true,"href":"https:\/\/site.nord.no\/studorg\/wp-json\/wp\/v2\/pages\/224"}],"wp:attachment":[{"href":"https:\/\/site.nord.no\/studorg\/wp-json\/wp\/v2\/media?parent=237"}],"wp:term":[{"taxonomy":"author","embeddable":true,"href":"https:\/\/site.nord.no\/studorg\/wp-json\/wp\/v2\/coauthors?post=237"}],"curies":[{"name":"wp","href":"https:\/\/api.w.org\/{rel}","templated":true}]}}