{"id":2618,"date":"2023-01-30T11:38:53","date_gmt":"2023-01-30T10:38:53","guid":{"rendered":"https:\/\/site.nord.no\/studorg\/?page_id=2618"},"modified":"2023-02-07T13:59:08","modified_gmt":"2023-02-07T12:59:08","slug":"studentting-4","status":"publish","type":"page","link":"https:\/\/site.nord.no\/studorg\/sob\/dokumenter\/studentting-4\/","title":{"rendered":"Studentting 4"},"content":{"rendered":"\n<p class=\"has-black-color has-text-color\">Her ligger sakspapirene for studentting 4:<\/p>\n\n\n\n<p><\/p>\n\n\n\n<div class=\"wp-block-columns is-layout-flex wp-container-core-columns-is-layout-28f84493 wp-block-columns-is-layout-flex\">\n<div class=\"wp-block-column is-layout-flow wp-block-column-is-layout-flow\">\n<h2 class=\"has-black-color has-text-color wp-block-heading\">Sakspapirer:<\/h2>\n\n\n\n<div data-wp-interactive=\"core\/file\" class=\"wp-block-file\"><object data-wp-bind--hidden=\"!state.hasPdfPreview\" hidden class=\"wp-block-file__embed\" data=\"https:\/\/site.nord.no\/studorg\/wp-content\/uploads\/sites\/28\/2023\/02\/SOB_Studentting-4-22-23.pdf\" type=\"application\/pdf\" style=\"width:100%;height:600px\" aria-label=\"Innbygging av SOB_Studentting 4 22-23\"><\/object><a id=\"wp-block-file--media-ab705d8d-4032-41a3-b947-08b9a07b976d\" href=\"https:\/\/site.nord.no\/studorg\/wp-content\/uploads\/sites\/28\/2023\/02\/SOB_Studentting-4-22-23.pdf\">SOB_Studentting 4 22-23<\/a><a href=\"https:\/\/site.nord.no\/studorg\/wp-content\/uploads\/sites\/28\/2023\/02\/SOB_Studentting-4-22-23.pdf\" class=\"wp-block-file__button wp-element-button\" download aria-describedby=\"wp-block-file--media-ab705d8d-4032-41a3-b947-08b9a07b976d\">Last ned<\/a><\/div>\n<\/div>\n\n\n\n<div class=\"wp-block-column is-layout-flow wp-block-column-is-layout-flow\">\n<h2 class=\"has-black-color has-text-color wp-block-heading\">Referat styrem\u00f8te:<\/h2>\n\n\n\n<div data-wp-interactive=\"core\/file\" class=\"wp-block-file\"><object data-wp-bind--hidden=\"!state.hasPdfPreview\" hidden class=\"wp-block-file__embed\" data=\"https:\/\/site.nord.no\/studorg\/wp-content\/uploads\/sites\/28\/2023\/01\/SOB_Referat-styremote-4-22-23-2.pdf\" type=\"application\/pdf\" style=\"width:100%;height:600px\" aria-label=\"Innbygging av SOB_Referat-styremote-4-22-23-2\"><\/object><a id=\"wp-block-file--media-fb709467-3c37-43b5-935e-42f25a66c6d9\" href=\"https:\/\/site.nord.no\/studorg\/wp-content\/uploads\/sites\/28\/2023\/01\/SOB_Referat-styremote-4-22-23-2.pdf\">SOB_Referat-styremote-4-22-23-2<\/a><a href=\"https:\/\/site.nord.no\/studorg\/wp-content\/uploads\/sites\/28\/2023\/01\/SOB_Referat-styremote-4-22-23-2.pdf\" class=\"wp-block-file__button wp-element-button\" download aria-describedby=\"wp-block-file--media-fb709467-3c37-43b5-935e-42f25a66c6d9\">Last ned<\/a><\/div>\n<\/div>\n<\/div>\n\n\n\n<div style=\"height:97px\" aria-hidden=\"true\" class=\"wp-block-spacer\"><\/div>\n\n\n\n<div class=\"wp-block-columns is-layout-flex wp-container-core-columns-is-layout-28f84493 wp-block-columns-is-layout-flex\">\n<div class=\"wp-block-column is-layout-flow wp-block-column-is-layout-flow\">\n<h2 class=\"has-black-color has-text-color wp-block-heading\">Valgkomit\u00e9ens innstilling:<\/h2>\n\n\n\n<div data-wp-interactive=\"core\/file\" class=\"wp-block-file\"><object data-wp-bind--hidden=\"!state.hasPdfPreview\" hidden class=\"wp-block-file__embed\" data=\"https:\/\/site.nord.no\/studorg\/wp-content\/uploads\/sites\/28\/2023\/02\/SOB_Instillinger-UKA-og-Fadderperioden-2.pdf\" type=\"application\/pdf\" style=\"width:100%;height:600px\" aria-label=\"Innbygging av SOB_Instillinger-UKA-og-Fadderperioden-2\"><\/object><a id=\"wp-block-file--media-1a2b87d9-f7ab-48cb-9544-c8814baf259f\" href=\"https:\/\/site.nord.no\/studorg\/wp-content\/uploads\/sites\/28\/2023\/02\/SOB_Instillinger-UKA-og-Fadderperioden-2.pdf\">SOB_Instillinger-UKA-og-Fadderperioden-2<\/a><a href=\"https:\/\/site.nord.no\/studorg\/wp-content\/uploads\/sites\/28\/2023\/02\/SOB_Instillinger-UKA-og-Fadderperioden-2.pdf\" class=\"wp-block-file__button wp-element-button\" download aria-describedby=\"wp-block-file--media-1a2b87d9-f7ab-48cb-9544-c8814baf259f\">Last ned<\/a><\/div>\n<\/div>\n\n\n\n<div class=\"wp-block-column is-layout-flow wp-block-column-is-layout-flow\">\n<h2 class=\"has-black-color has-text-color wp-block-heading\">S\u00f8knad fra BOSI:<\/h2>\n\n\n\n<div data-wp-interactive=\"core\/file\" class=\"wp-block-file\"><object data-wp-bind--hidden=\"!state.hasPdfPreview\" hidden class=\"wp-block-file__embed\" data=\"https:\/\/site.nord.no\/studorg\/wp-content\/uploads\/sites\/28\/2023\/02\/Soknad-om-okonomisk-stotte-Nord-Cup-2023-1.pdf\" type=\"application\/pdf\" style=\"width:100%;height:600px\" aria-label=\"Innbygging av Soknad-om-okonomisk-stotte-Nord-Cup-2023-1\"><\/object><a id=\"wp-block-file--media-0afe0ac7-96b8-4e00-95ca-a036a03f9dba\" href=\"https:\/\/site.nord.no\/studorg\/wp-content\/uploads\/sites\/28\/2023\/02\/Soknad-om-okonomisk-stotte-Nord-Cup-2023-1.pdf\">Soknad-om-okonomisk-stotte-Nord-Cup-2023-1<\/a><a href=\"https:\/\/site.nord.no\/studorg\/wp-content\/uploads\/sites\/28\/2023\/02\/Soknad-om-okonomisk-stotte-Nord-Cup-2023-1.pdf\" class=\"wp-block-file__button wp-element-button\" download aria-describedby=\"wp-block-file--media-0afe0ac7-96b8-4e00-95ca-a036a03f9dba\">Last ned<\/a><\/div>\n<\/div>\n<\/div>\n","protected":false},"excerpt":{"rendered":"<p>Her ligger sakspapirene for studentting 4: Sakspapirer: Referat styrem\u00f8te: Valgkomit\u00e9ens innstilling: S\u00f8knad fra BOSI:<\/p>\n","protected":false},"author":124,"featured_media":975,"parent":1595,"menu_order":0,"comment_status":"closed","ping_status":"closed","template":"","meta":{"footnotes":""},"coauthors":[22],"class_list":["post-2618","page","type-page","status-publish","has-post-thumbnail","hentry"],"_links":{"self":[{"href":"https:\/\/site.nord.no\/studorg\/wp-json\/wp\/v2\/pages\/2618","targetHints":{"allow":["GET"]}}],"collection":[{"href":"https:\/\/site.nord.no\/studorg\/wp-json\/wp\/v2\/pages"}],"about":[{"href":"https:\/\/site.nord.no\/studorg\/wp-json\/wp\/v2\/types\/page"}],"author":[{"embeddable":true,"href":"https:\/\/site.nord.no\/studorg\/wp-json\/wp\/v2\/users\/124"}],"replies":[{"embeddable":true,"href":"https:\/\/site.nord.no\/studorg\/wp-json\/wp\/v2\/comments?post=2618"}],"version-history":[{"count":6,"href":"https:\/\/site.nord.no\/studorg\/wp-json\/wp\/v2\/pages\/2618\/revisions"}],"predecessor-version":[{"id":3731,"href":"https:\/\/site.nord.no\/studorg\/wp-json\/wp\/v2\/pages\/2618\/revisions\/3731"}],"up":[{"embeddable":true,"href":"https:\/\/site.nord.no\/studorg\/wp-json\/wp\/v2\/pages\/1595"}],"wp:featuredmedia":[{"embeddable":true,"href":"https:\/\/site.nord.no\/studorg\/wp-json\/wp\/v2\/media\/975"}],"wp:attachment":[{"href":"https:\/\/site.nord.no\/studorg\/wp-json\/wp\/v2\/media?parent=2618"}],"wp:term":[{"taxonomy":"author","embeddable":true,"href":"https:\/\/site.nord.no\/studorg\/wp-json\/wp\/v2\/coauthors?post=2618"}],"curies":[{"name":"wp","href":"https:\/\/api.w.org\/{rel}","templated":true}]}}