{"id":2776,"date":"2023-03-07T16:10:19","date_gmt":"2023-03-07T15:10:19","guid":{"rendered":"https:\/\/site.nord.no\/studorg\/?page_id=2776"},"modified":"2023-03-14T16:27:03","modified_gmt":"2023-03-14T15:27:03","slug":"arsmote-2023","status":"publish","type":"page","link":"https:\/\/site.nord.no\/studorg\/sob\/dokumenter\/arsmote-2023\/","title":{"rendered":"\u00c5rsm\u00f8te 2023"},"content":{"rendered":"\n<p class=\"has-black-color has-text-color\">Her ligger sakspapirene for \u00e5rsm\u00f8te 2023:<\/p>\n\n\n\n<div class=\"wp-block-columns is-layout-flex wp-container-core-columns-is-layout-28f84493 wp-block-columns-is-layout-flex\">\n<div class=\"wp-block-column is-layout-flow wp-block-column-is-layout-flow\">\n<h2 class=\"has-black-color has-text-color wp-block-heading\">Sakspapirer:<\/h2>\n\n\n\n<div data-wp-interactive=\"core\/file\" class=\"wp-block-file\"><object data-wp-bind--hidden=\"!state.hasPdfPreview\" hidden class=\"wp-block-file__embed\" data=\"https:\/\/site.nord.no\/studorg\/wp-content\/uploads\/sites\/28\/2023\/03\/SOB_Arsmote-2023-Sakspapirer.pdf\" type=\"application\/pdf\" style=\"width:100%;height:600px\" aria-label=\"Innbygging av SOB_Arsmote-2023-Sakspapirer\"><\/object><a id=\"wp-block-file--media-89d0a7c3-0956-4979-85c3-1d669756846e\" href=\"https:\/\/site.nord.no\/studorg\/wp-content\/uploads\/sites\/28\/2023\/03\/SOB_Arsmote-2023-Sakspapirer.pdf\">SOB_Arsmote-2023-Sakspapirer<\/a><a href=\"https:\/\/site.nord.no\/studorg\/wp-content\/uploads\/sites\/28\/2023\/03\/SOB_Arsmote-2023-Sakspapirer.pdf\" class=\"wp-block-file__button wp-element-button\" download aria-describedby=\"wp-block-file--media-89d0a7c3-0956-4979-85c3-1d669756846e\">Last ned<\/a><\/div>\n<\/div>\n\n\n\n<div class=\"wp-block-column is-layout-flow wp-block-column-is-layout-flow\">\n<h2 class=\"has-black-color has-text-color wp-block-heading\">Referat styrem\u00f8te:<\/h2>\n\n\n\n<div data-wp-interactive=\"core\/file\" class=\"wp-block-file\"><object data-wp-bind--hidden=\"!state.hasPdfPreview\" hidden class=\"wp-block-file__embed\" data=\"https:\/\/site.nord.no\/studorg\/wp-content\/uploads\/sites\/28\/2023\/03\/SOB_Referat-styremote-5-22-23-1.pdf\" type=\"application\/pdf\" style=\"width:100%;height:600px\" aria-label=\"Innbygging av SOB_Referat-styremote-5-22-23-1\"><\/object><a id=\"wp-block-file--media-e952cacc-d047-4299-95a6-fcd58357482c\" href=\"https:\/\/site.nord.no\/studorg\/wp-content\/uploads\/sites\/28\/2023\/03\/SOB_Referat-styremote-5-22-23-1.pdf\">SOB_Referat-styremote-5-22-23-1<\/a><a href=\"https:\/\/site.nord.no\/studorg\/wp-content\/uploads\/sites\/28\/2023\/03\/SOB_Referat-styremote-5-22-23-1.pdf\" class=\"wp-block-file__button wp-element-button\" download aria-describedby=\"wp-block-file--media-e952cacc-d047-4299-95a6-fcd58357482c\">Last ned<\/a><\/div>\n<\/div>\n<\/div>\n\n\n\n<div class=\"wp-block-columns is-layout-flex wp-container-core-columns-is-layout-28f84493 wp-block-columns-is-layout-flex\">\n<div class=\"wp-block-column is-layout-flow wp-block-column-is-layout-flow\">\n<h2 class=\"has-black-color has-text-color wp-block-heading\">Forslag til \u00f8konomireglement<\/h2>\n\n\n\n<div data-wp-interactive=\"core\/file\" class=\"wp-block-file\"><object data-wp-bind--hidden=\"!state.hasPdfPreview\" hidden class=\"wp-block-file__embed\" data=\"https:\/\/site.nord.no\/studorg\/wp-content\/uploads\/sites\/28\/2023\/03\/Forslag-til-okonomireglement-2023.pdf\" type=\"application\/pdf\" style=\"width:100%;height:600px\" aria-label=\"Innbygging av Forslag-til-okonomireglement-2023\"><\/object><a id=\"wp-block-file--media-7d394595-5cd6-48f1-ab54-000c05694526\" href=\"https:\/\/site.nord.no\/studorg\/wp-content\/uploads\/sites\/28\/2023\/03\/Forslag-til-okonomireglement-2023.pdf\">Forslag-til-okonomireglement-2023<\/a><a href=\"https:\/\/site.nord.no\/studorg\/wp-content\/uploads\/sites\/28\/2023\/03\/Forslag-til-okonomireglement-2023.pdf\" class=\"wp-block-file__button wp-element-button\" download aria-describedby=\"wp-block-file--media-7d394595-5cd6-48f1-ab54-000c05694526\">Last ned<\/a><\/div>\n<\/div>\n\n\n\n<div class=\"wp-block-column is-layout-flow wp-block-column-is-layout-flow\">\n<h2 class=\"has-black-color has-text-color wp-block-heading\">Valgkomit\u00e9ens innstilling<\/h2>\n\n\n\n<div data-wp-interactive=\"core\/file\" class=\"wp-block-file\"><object data-wp-bind--hidden=\"!state.hasPdfPreview\" hidden class=\"wp-block-file__embed\" data=\"https:\/\/site.nord.no\/studorg\/wp-content\/uploads\/sites\/28\/2023\/03\/Innstillinger-SOB-1-2.pdf\" type=\"application\/pdf\" style=\"width:100%;height:600px\" aria-label=\"Innbygging av Innstillinger-SOB-1-2\"><\/object><a id=\"wp-block-file--media-83812e6e-c9cf-4a62-a0e3-2ba2197dc706\" href=\"https:\/\/site.nord.no\/studorg\/wp-content\/uploads\/sites\/28\/2023\/03\/Innstillinger-SOB-1-2.pdf\">Innstillinger-SOB-1-2<\/a><a href=\"https:\/\/site.nord.no\/studorg\/wp-content\/uploads\/sites\/28\/2023\/03\/Innstillinger-SOB-1-2.pdf\" class=\"wp-block-file__button wp-element-button\" download aria-describedby=\"wp-block-file--media-83812e6e-c9cf-4a62-a0e3-2ba2197dc706\">Last ned<\/a><\/div>\n<\/div>\n<\/div>\n\n\n\n<div class=\"wp-block-columns is-layout-flex wp-container-core-columns-is-layout-28f84493 wp-block-columns-is-layout-flex\">\n<div class=\"wp-block-column is-layout-flow wp-block-column-is-layout-flow\">\n<h2 class=\"has-black-color has-text-color wp-block-heading\">Strategi 2026<\/h2>\n\n\n\n<p>Saken forsl\u00e5s utsatt til Studentting 5<\/p>\n<\/div>\n<\/div>\n","protected":false},"excerpt":{"rendered":"<p>Her ligger sakspapirene for \u00e5rsm\u00f8te 2023: Sakspapirer: Referat styrem\u00f8te: Forslag til \u00f8konomireglement Valgkomit\u00e9ens innstilling Strategi 2026 Saken forsl\u00e5s utsatt til Studentting 5<\/p>\n","protected":false},"author":124,"featured_media":975,"parent":1595,"menu_order":0,"comment_status":"closed","ping_status":"closed","template":"","meta":{"footnotes":""},"coauthors":[22],"class_list":["post-2776","page","type-page","status-publish","has-post-thumbnail","hentry"],"_links":{"self":[{"href":"https:\/\/site.nord.no\/studorg\/wp-json\/wp\/v2\/pages\/2776","targetHints":{"allow":["GET"]}}],"collection":[{"href":"https:\/\/site.nord.no\/studorg\/wp-json\/wp\/v2\/pages"}],"about":[{"href":"https:\/\/site.nord.no\/studorg\/wp-json\/wp\/v2\/types\/page"}],"author":[{"embeddable":true,"href":"https:\/\/site.nord.no\/studorg\/wp-json\/wp\/v2\/users\/124"}],"replies":[{"embeddable":true,"href":"https:\/\/site.nord.no\/studorg\/wp-json\/wp\/v2\/comments?post=2776"}],"version-history":[{"count":5,"href":"https:\/\/site.nord.no\/studorg\/wp-json\/wp\/v2\/pages\/2776\/revisions"}],"predecessor-version":[{"id":2832,"href":"https:\/\/site.nord.no\/studorg\/wp-json\/wp\/v2\/pages\/2776\/revisions\/2832"}],"up":[{"embeddable":true,"href":"https:\/\/site.nord.no\/studorg\/wp-json\/wp\/v2\/pages\/1595"}],"wp:featuredmedia":[{"embeddable":true,"href":"https:\/\/site.nord.no\/studorg\/wp-json\/wp\/v2\/media\/975"}],"wp:attachment":[{"href":"https:\/\/site.nord.no\/studorg\/wp-json\/wp\/v2\/media?parent=2776"}],"wp:term":[{"taxonomy":"author","embeddable":true,"href":"https:\/\/site.nord.no\/studorg\/wp-json\/wp\/v2\/coauthors?post=2776"}],"curies":[{"name":"wp","href":"https:\/\/api.w.org\/{rel}","templated":true}]}}