{"id":2877,"date":"2023-04-25T17:52:52","date_gmt":"2023-04-25T15:52:52","guid":{"rendered":"https:\/\/site.nord.no\/studorg\/?page_id=2877"},"modified":"2023-05-04T09:51:55","modified_gmt":"2023-05-04T07:51:55","slug":"studentting-5","status":"publish","type":"page","link":"https:\/\/site.nord.no\/studorg\/sob\/dokumenter\/studentting-5\/","title":{"rendered":"Studentting 5"},"content":{"rendered":"\n<p class=\"has-black-color has-text-color\">Her ligger sakspapirene for studentting 5:<\/p>\n\n\n\n<div class=\"wp-block-columns is-layout-flex wp-container-core-columns-is-layout-28f84493 wp-block-columns-is-layout-flex\">\n<div class=\"wp-block-column is-layout-flow wp-block-column-is-layout-flow\">\n<h2 class=\"has-black-color has-text-color wp-block-heading\">Sakspapirer:<\/h2>\n\n\n\n<div data-wp-interactive=\"core\/file\" class=\"wp-block-file\"><object data-wp-bind--hidden=\"!state.hasPdfPreview\" hidden class=\"wp-block-file__embed\" data=\"https:\/\/site.nord.no\/studorg\/wp-content\/uploads\/sites\/28\/2023\/05\/SOB_Studentting-5-22-23-1.pdf\" type=\"application\/pdf\" style=\"width:100%;height:600px\" aria-label=\"Innbygging av SOB_Studentting-5-22-23-1\"><\/object><a id=\"wp-block-file--media-2e9614de-87bb-4ed2-b463-72fd40477114\" href=\"https:\/\/site.nord.no\/studorg\/wp-content\/uploads\/sites\/28\/2023\/05\/SOB_Studentting-5-22-23-1.pdf\">SOB_Studentting-5-22-23-1<\/a><a href=\"https:\/\/site.nord.no\/studorg\/wp-content\/uploads\/sites\/28\/2023\/05\/SOB_Studentting-5-22-23-1.pdf\" class=\"wp-block-file__button wp-element-button\" download aria-describedby=\"wp-block-file--media-2e9614de-87bb-4ed2-b463-72fd40477114\"><\/a><\/div>\n<\/div>\n\n\n\n<div class=\"wp-block-column is-layout-flow wp-block-column-is-layout-flow\">\n<h2 class=\"has-black-color has-text-color wp-block-heading\">Referat styrem\u00f8te:<\/h2>\n\n\n\n<div data-wp-interactive=\"core\/file\" class=\"wp-block-file\"><object data-wp-bind--hidden=\"!state.hasPdfPreview\" hidden class=\"wp-block-file__embed\" data=\"https:\/\/site.nord.no\/studorg\/wp-content\/uploads\/sites\/28\/2023\/04\/SOB_Referat-styremote-6-22-23-3.pdf\" type=\"application\/pdf\" style=\"width:100%;height:600px\" aria-label=\"Innbygging av SOB_Referat-styremote-6-22-23-3\"><\/object><a id=\"wp-block-file--media-4054cf39-7e94-4b94-aa98-6a3695717d85\" href=\"https:\/\/site.nord.no\/studorg\/wp-content\/uploads\/sites\/28\/2023\/04\/SOB_Referat-styremote-6-22-23-3.pdf\">SOB_Referat-styremote-6-22-23-3<\/a><a href=\"https:\/\/site.nord.no\/studorg\/wp-content\/uploads\/sites\/28\/2023\/04\/SOB_Referat-styremote-6-22-23-3.pdf\" class=\"wp-block-file__button wp-element-button\" download aria-describedby=\"wp-block-file--media-4054cf39-7e94-4b94-aa98-6a3695717d85\"><\/a><\/div>\n<\/div>\n<\/div>\n\n\n\n<div style=\"height:117px\" aria-hidden=\"true\" class=\"wp-block-spacer\"><\/div>\n\n\n\n<div class=\"wp-block-columns is-layout-flex wp-container-core-columns-is-layout-28f84493 wp-block-columns-is-layout-flex\">\n<div class=\"wp-block-column is-layout-flow wp-block-column-is-layout-flow\">\n<h2 class=\"has-black-color has-text-color wp-block-heading\">Forslag til strategi 2026:<\/h2>\n\n\n\n<div data-wp-interactive=\"core\/file\" class=\"wp-block-file\"><object data-wp-bind--hidden=\"!state.hasPdfPreview\" hidden class=\"wp-block-file__embed\" data=\"https:\/\/site.nord.no\/studorg\/wp-content\/uploads\/sites\/28\/2023\/04\/SOB_Forslag-til-Strategi-2026.pdf\" type=\"application\/pdf\" style=\"width:100%;height:600px\" aria-label=\"Innbygging av SOB_Forslag-til-Strategi-2026\"><\/object><a id=\"wp-block-file--media-8e00d813-81e0-4ccc-b13f-c18a911f1bb6\" href=\"https:\/\/site.nord.no\/studorg\/wp-content\/uploads\/sites\/28\/2023\/04\/SOB_Forslag-til-Strategi-2026.pdf\">SOB_Forslag-til-Strategi-2026<\/a><a href=\"https:\/\/site.nord.no\/studorg\/wp-content\/uploads\/sites\/28\/2023\/04\/SOB_Forslag-til-Strategi-2026.pdf\" class=\"wp-block-file__button wp-element-button\" download aria-describedby=\"wp-block-file--media-8e00d813-81e0-4ccc-b13f-c18a911f1bb6\"><\/a><\/div>\n<\/div>\n\n\n\n<div class=\"wp-block-column is-layout-flow wp-block-column-is-layout-flow\">\n<h2 class=\"has-black-color has-text-color wp-block-heading\">\u00c5rsrapport SOB:<\/h2>\n\n\n\n<div data-wp-interactive=\"core\/file\" class=\"wp-block-file\"><object data-wp-bind--hidden=\"!state.hasPdfPreview\" hidden class=\"wp-block-file__embed\" data=\"https:\/\/site.nord.no\/studorg\/wp-content\/uploads\/sites\/28\/2023\/05\/SOB_Arsrapport-22-23.pdf\" type=\"application\/pdf\" style=\"width:100%;height:600px\" aria-label=\"Innbygging av SOB_Arsrapport-22-23\"><\/object><a id=\"wp-block-file--media-de55573c-3f0d-4a8a-b8e7-7238d4d485b0\" href=\"https:\/\/site.nord.no\/studorg\/wp-content\/uploads\/sites\/28\/2023\/05\/SOB_Arsrapport-22-23.pdf\">SOB_Arsrapport-22-23<\/a><a href=\"https:\/\/site.nord.no\/studorg\/wp-content\/uploads\/sites\/28\/2023\/05\/SOB_Arsrapport-22-23.pdf\" class=\"wp-block-file__button wp-element-button\" download aria-describedby=\"wp-block-file--media-de55573c-3f0d-4a8a-b8e7-7238d4d485b0\"><\/a><\/div>\n<\/div>\n<\/div>\n\n\n\n<div style=\"height:121px\" aria-hidden=\"true\" class=\"wp-block-spacer\"><\/div>\n\n\n\n<div class=\"wp-block-columns is-layout-flex wp-container-core-columns-is-layout-28f84493 wp-block-columns-is-layout-flex\">\n<div class=\"wp-block-column is-layout-flow wp-block-column-is-layout-flow\">\n<h2 class=\"has-black-color has-text-color wp-block-heading\">Kontrollkomit\u00e9ens rapport:<\/h2>\n\n\n\n<div data-wp-interactive=\"core\/file\" class=\"wp-block-file\"><object data-wp-bind--hidden=\"!state.hasPdfPreview\" hidden class=\"wp-block-file__embed\" data=\"https:\/\/site.nord.no\/studorg\/wp-content\/uploads\/sites\/28\/2023\/05\/Dokument.pdf\" type=\"application\/pdf\" style=\"width:100%;height:600px\" aria-label=\"Innbygging av Dokument\"><\/object><a id=\"wp-block-file--media-55ad2743-4104-416e-b9ce-de00eb82e857\" href=\"https:\/\/site.nord.no\/studorg\/wp-content\/uploads\/sites\/28\/2023\/05\/Dokument.pdf\">Dokument<\/a><a href=\"https:\/\/site.nord.no\/studorg\/wp-content\/uploads\/sites\/28\/2023\/05\/Dokument.pdf\" class=\"wp-block-file__button wp-element-button\" download aria-describedby=\"wp-block-file--media-55ad2743-4104-416e-b9ce-de00eb82e857\"><\/a><\/div>\n<\/div>\n\n\n\n<div class=\"wp-block-column is-layout-flow wp-block-column-is-layout-flow\">\n<h2 class=\"has-black-color has-text-color wp-block-heading\">Valgkomit\u00e9ens innstilling:<\/h2>\n\n\n<\/div>\n<\/div>\n","protected":false},"excerpt":{"rendered":"<p>Her ligger sakspapirene for studentting 5: Sakspapirer: Referat styrem\u00f8te: Forslag til strategi 2026: \u00c5rsrapport SOB: Kontrollkomit\u00e9ens rapport: Valgkomit\u00e9ens innstilling:<\/p>\n","protected":false},"author":124,"featured_media":975,"parent":1595,"menu_order":0,"comment_status":"closed","ping_status":"closed","template":"","meta":{"footnotes":""},"coauthors":[22],"class_list":["post-2877","page","type-page","status-publish","has-post-thumbnail","hentry"],"_links":{"self":[{"href":"https:\/\/site.nord.no\/studorg\/wp-json\/wp\/v2\/pages\/2877","targetHints":{"allow":["GET"]}}],"collection":[{"href":"https:\/\/site.nord.no\/studorg\/wp-json\/wp\/v2\/pages"}],"about":[{"href":"https:\/\/site.nord.no\/studorg\/wp-json\/wp\/v2\/types\/page"}],"author":[{"embeddable":true,"href":"https:\/\/site.nord.no\/studorg\/wp-json\/wp\/v2\/users\/124"}],"replies":[{"embeddable":true,"href":"https:\/\/site.nord.no\/studorg\/wp-json\/wp\/v2\/comments?post=2877"}],"version-history":[{"count":7,"href":"https:\/\/site.nord.no\/studorg\/wp-json\/wp\/v2\/pages\/2877\/revisions"}],"predecessor-version":[{"id":2899,"href":"https:\/\/site.nord.no\/studorg\/wp-json\/wp\/v2\/pages\/2877\/revisions\/2899"}],"up":[{"embeddable":true,"href":"https:\/\/site.nord.no\/studorg\/wp-json\/wp\/v2\/pages\/1595"}],"wp:featuredmedia":[{"embeddable":true,"href":"https:\/\/site.nord.no\/studorg\/wp-json\/wp\/v2\/media\/975"}],"wp:attachment":[{"href":"https:\/\/site.nord.no\/studorg\/wp-json\/wp\/v2\/media?parent=2877"}],"wp:term":[{"taxonomy":"author","embeddable":true,"href":"https:\/\/site.nord.no\/studorg\/wp-json\/wp\/v2\/coauthors?post=2877"}],"curies":[{"name":"wp","href":"https:\/\/api.w.org\/{rel}","templated":true}]}}