{"id":319,"date":"2022-03-25T10:16:30","date_gmt":"2022-03-25T09:16:30","guid":{"rendered":"https:\/\/site.nord.no\/studorg\/?page_id=319"},"modified":"2025-11-03T15:12:57","modified_gmt":"2025-11-03T14:12:57","slug":"om-oss","status":"publish","type":"page","link":"https:\/\/site.nord.no\/studorg\/son\/om-oss\/","title":{"rendered":"Om oss"},"content":{"rendered":"\n<p><mark style=\"background-color:#ffffff\" class=\"has-inline-color has-black-color\">Studentorganisasjonen Nord (SON) er det \u00f8verste studentpolitiske organet ved Nord universitet. SON jobber for \u00e5 ivareta v\u00e5re studenters interesser, og skal v\u00e6re deres taler\u00f8r opp mot universitetet, studentsamskipnaden og andre akt\u00f8rer.<\/mark><\/p>\n\n\n\n<h4 class=\"wp-block-heading\"><mark style=\"background-color:#ffffff\" class=\"has-inline-color has-black-color\">Hva gj\u00f8r vi?\u00a0<\/mark><\/h4>\n\n\n\n<p><mark style=\"background-color:#ffffff\" class=\"has-inline-color has-black-color\">Studentorganisasjonen Nord er det \u00f8verste studentdemokratiske leddet p\u00e5 universitetet og jobber for alle v\u00e5re studenter, p\u00e5 tvers av studiestedene. Vi er delt inn i tre regioner: Bod\u00f8, Helgeland og Tr\u00f8ndelag<\/mark><\/p>\n\n\n\n<p><mark style=\"background-color:#ffffff\" class=\"has-inline-color has-black-color\">Vi jobber med alt som har med studietilv\u00e6relsen \u00e5 gj\u00f8re, b\u00e5de studiekvalitet og velferd. Dette gj\u00f8r vi blant annet gjennom kontakt med universitetet og samskipnaden. Vi taler studentenes sak!<\/mark><\/p>\n\n\n\n<p><mark style=\"background-color:#ffffff\" class=\"has-inline-color has-black-color\">Vi samarbeider med regionene og gj\u00f8r arbeid knyttet til fordeling av penger og relevante studentpolitiske saker.\u00a0Vil du se mer om hva vi gj\u00f8r <a href=\"https:\/\/site.nord.no\/studorg\/son\/hendelser\/\">akkurat n\u00e5?<\/a><\/mark> <\/p>\n\n\n\n<h4 class=\"wp-block-heading\"><mark style=\"background-color:#ffffff\" class=\"has-inline-color has-black-color\">\u00c5rsm\u00f8te<\/mark><\/h4>\n\n\n\n<p><mark style=\"background-color:#ffffff\" class=\"has-inline-color has-black-color\">Under v\u00e5rt \u00e5rsm\u00f8te velger vi studenter til ulike verv, b\u00e5de i v\u00e5r organisasjon og <a href=\"https:\/\/site.nord.no\/studorg\/son\/rad-styrer-og-utvalg\/\">r\u00e5d, styrer og utvalg <\/a>knyttet til universitetet og samskipnaden. Her fordeler vi ogs\u00e5 midler til regionene og vedtar v\u00e5r politikk.<\/mark> <\/p>\n\n\n\n<div style=\"height:33px\" aria-hidden=\"true\" class=\"wp-block-spacer\"><\/div>\n\n\n\n<h3 class=\"wp-block-heading\"><mark style=\"background-color:#ffffff\" class=\"has-inline-color has-black-color\">Organisasjonskart \u00a0<\/mark><\/h3>\n\n\n\n<div style=\"height:25px\" aria-hidden=\"true\" class=\"wp-block-spacer\"><\/div>\n\n\n\n<figure class=\"wp-block-image size-full\"><img fetchpriority=\"high\" decoding=\"async\" width=\"1640\" height=\"924\" src=\"https:\/\/site.nord.no\/studorg\/wp-content\/uploads\/sites\/28\/2022\/11\/Org.kart_.png\" alt=\"\" class=\"wp-image-1653\" \/><\/figure>\n\n\n\n<h4 class=\"wp-block-heading\"><mark style=\"background-color:#ffffff\" class=\"has-inline-color has-black-color\">Regionene<\/mark><\/h4>\n\n\n\n<div class=\"wp-block-columns is-layout-flex wp-container-core-columns-is-layout-28f84493 wp-block-columns-is-layout-flex\">\n<div class=\"wp-block-column is-layout-flow wp-block-column-is-layout-flow\">\n<h5 class=\"wp-block-heading\"><a href=\"https:\/\/site.nord.no\/studorg\/sob\/\">Bod\u00f8<\/a><\/h5>\n\n\n\n<ul class=\"wp-block-list\">\n<li><mark style=\"background-color:#ffffff\" class=\"has-inline-color has-black-color\">Bod\u00f8<\/mark><\/li>\n\n\n\n<li><mark style=\"background-color:#ffffff\" class=\"has-inline-color has-black-color\">Vester\u00e5len<\/mark><\/li>\n<\/ul>\n<\/div>\n\n\n\n<div class=\"wp-block-column is-layout-flow wp-block-column-is-layout-flow\">\n<h5 class=\"wp-block-heading\"><a href=\"https:\/\/site.nord.no\/studorg\/soh\/\">Helgeland<\/a><\/h5>\n\n\n\n<ul class=\"wp-block-list\">\n<li><mark style=\"background-color:#ffffff\" class=\"has-inline-color has-black-color\">Mo i Rana<\/mark><\/li>\n\n\n\n<li><mark style=\"background-color:#ffffff\" class=\"has-inline-color has-black-color\">Nesna<\/mark><\/li>\n<\/ul>\n<\/div>\n\n\n\n<div class=\"wp-block-column is-layout-flow wp-block-column-is-layout-flow\">\n<h5 class=\"wp-block-heading\"><a href=\"https:\/\/site.nord.no\/studorg\/sot\/\">Tr\u00f8ndelag<\/a><\/h5>\n\n\n\n<ul class=\"wp-block-list\">\n<li><mark style=\"background-color:#ffffff\" class=\"has-inline-color has-black-color\">Levanger<\/mark><\/li>\n\n\n\n<li><mark style=\"background-color:#ffffff\" class=\"has-inline-color has-black-color\">Steinkjer<\/mark><\/li>\n\n\n\n<li><mark style=\"background-color:#ffffff\" class=\"has-inline-color has-black-color\">Namsos<\/mark><\/li>\n\n\n\n<li><mark style=\"background-color:#ffffff\" class=\"has-inline-color has-black-color\">Stj\u00f8rdal<\/mark><\/li>\n<\/ul>\n<\/div>\n<\/div>\n\n\n\n<p><\/p>\n","protected":false},"excerpt":{"rendered":"<p>Studentorganisasjonen Nord (SON) er det \u00f8verste studentpolitiske organet ved Nord universitet. SON jobber for \u00e5 ivareta v\u00e5re studenters interesser, og skal v\u00e6re deres taler\u00f8r opp mot universitetet, studentsamskipnaden og andre akt\u00f8rer. Hva gj\u00f8r vi?\u00a0 Studentorganisasjonen Nord er det \u00f8verste studentdemokratiske leddet p\u00e5 universitetet og jobber for alle v\u00e5re studenter, p\u00e5 tvers av studiestedene. Vi er [&hellip;]<\/p>\n","protected":false},"author":75,"featured_media":5006,"parent":221,"menu_order":0,"comment_status":"closed","ping_status":"closed","template":"","meta":{"footnotes":""},"coauthors":[5],"class_list":["post-319","page","type-page","status-publish","has-post-thumbnail","hentry"],"_links":{"self":[{"href":"https:\/\/site.nord.no\/studorg\/wp-json\/wp\/v2\/pages\/319","targetHints":{"allow":["GET"]}}],"collection":[{"href":"https:\/\/site.nord.no\/studorg\/wp-json\/wp\/v2\/pages"}],"about":[{"href":"https:\/\/site.nord.no\/studorg\/wp-json\/wp\/v2\/types\/page"}],"author":[{"embeddable":true,"href":"https:\/\/site.nord.no\/studorg\/wp-json\/wp\/v2\/users\/75"}],"replies":[{"embeddable":true,"href":"https:\/\/site.nord.no\/studorg\/wp-json\/wp\/v2\/comments?post=319"}],"version-history":[{"count":30,"href":"https:\/\/site.nord.no\/studorg\/wp-json\/wp\/v2\/pages\/319\/revisions"}],"predecessor-version":[{"id":1654,"href":"https:\/\/site.nord.no\/studorg\/wp-json\/wp\/v2\/pages\/319\/revisions\/1654"}],"up":[{"embeddable":true,"href":"https:\/\/site.nord.no\/studorg\/wp-json\/wp\/v2\/pages\/221"}],"wp:featuredmedia":[{"embeddable":true,"href":"https:\/\/site.nord.no\/studorg\/wp-json\/wp\/v2\/media\/5006"}],"wp:attachment":[{"href":"https:\/\/site.nord.no\/studorg\/wp-json\/wp\/v2\/media?parent=319"}],"wp:term":[{"taxonomy":"author","embeddable":true,"href":"https:\/\/site.nord.no\/studorg\/wp-json\/wp\/v2\/coauthors?post=319"}],"curies":[{"name":"wp","href":"https:\/\/api.w.org\/{rel}","templated":true}]}}