{"id":321,"date":"2022-03-25T10:17:01","date_gmt":"2022-03-25T09:17:01","guid":{"rendered":"https:\/\/site.nord.no\/studorg\/?page_id=321"},"modified":"2025-11-11T11:09:08","modified_gmt":"2025-11-11T10:09:08","slug":"om-oss","status":"publish","type":"page","link":"https:\/\/site.nord.no\/studorg\/sot\/om-oss\/","title":{"rendered":"Om oss"},"content":{"rendered":"\n<h2 class=\"wp-block-heading has-black-color has-text-color has-x-large-font-size\">Regionsstyret SOT<\/h2>\n\n\n\n<h2 class=\"wp-block-heading\">Leder: Kine Der\u00e5s L\u00f8vseth<\/h2>\n\n\n\n<div class=\"wp-block-columns is-layout-flex wp-container-core-columns-is-layout-28f84493 wp-block-columns-is-layout-flex\">\n<div class=\"wp-block-column is-layout-flow wp-block-column-is-layout-flow\">\n<figure class=\"wp-block-image size-full is-resized\"><img fetchpriority=\"high\" decoding=\"async\" width=\"3024\" height=\"4032\" src=\"https:\/\/site.nord.no\/studorg\/wp-content\/uploads\/sites\/28\/2025\/10\/Kine.jpeg\" alt=\"\" class=\"wp-image-4915\" style=\"aspect-ratio:0.7486486486486487;width:352px;height:auto\" \/><\/figure>\n<\/div>\n\n\n\n<div class=\"wp-block-column is-vertically-aligned-top has-black-color has-white-background-color has-text-color has-background is-layout-flow wp-block-column-is-layout-flow\">\n<div class=\"wp-block-columns is-layout-flex wp-container-core-columns-is-layout-28f84493 wp-block-columns-is-layout-flex\">\n<div class=\"wp-block-column is-layout-flow wp-block-column-is-layout-flow\">\n<p><\/p>\n\n\n\n<p class=\"has-pale-cyan-blue-background-color has-background\">Studentorganisasjonen i Tr\u00f8ndelag (SOT) er det \u00f8verste studentpolitiske organ under Studentorganisasjonen nord (SON), for studiestedene ved Nord universitet i Tr\u00f8ndelag; Stj\u00f8rdal, Levanger, Steinkjer og Namsos. <br><br>SOT jobber for \u00e5 ivareta studentenes velferd, rettigheter og interesser.<\/p>\n<\/div>\n<\/div>\n<\/div>\n<\/div>\n\n\n\n<p>Mail: <em><a href=\"mailto:leder.sot@so.nord.no\">leder.sot@so.nord.no<\/a> <\/em><br>Tlf: <em>+47 979 66 845<\/em><\/p>\n\n\n\n<div class=\"wp-block-columns is-layout-flex wp-container-core-columns-is-layout-28f84493 wp-block-columns-is-layout-flex\">\n<div class=\"wp-block-column is-layout-flow wp-block-column-is-layout-flow\">\n<h2 class=\"wp-block-heading\">Nestleder: Lotte Wallum Alstad<\/h2>\n\n\n\n<figure class=\"wp-block-image size-full is-resized\"><img decoding=\"async\" width=\"2672\" height=\"3050\" src=\"https:\/\/site.nord.no\/studorg\/wp-content\/uploads\/sites\/28\/2024\/11\/IMG_0988-2.jpeg\" alt=\"\" class=\"wp-image-4379\" style=\"width:356px;height:auto\" \/><\/figure>\n\n\n\n<p>Mail: <a href=\"mailto:nestleder.sot@so.nord.no\" data-type=\"link\" data-id=\"nestleder.sot@so.nord.no\"><em>nestleder.sot@so.nord.no<\/em><\/a><\/p>\n<\/div>\n\n\n\n<div class=\"wp-block-column is-layout-flow wp-block-column-is-layout-flow\">\n<p><\/p>\n\n\n\n<p><\/p>\n\n\n\n<p class=\"has-pale-cyan-blue-background-color has-background\">Vi jobber for studentenes beste her i Tr\u00f8ndelag! Hvis det er noe du lurer p\u00e5, er det bare \u00e5 ta kontakt via mail eller telefon. Det er ogs\u00e5 mulig \u00e5 komme innom et av v\u00e5re kontorer:<br>&#8211; Levanger, 2. etasje ved lesesalen i Nyl\u00e5na.<br>&#8211; Steinkjer, innenfor servicetorget<\/p>\n<\/div>\n<\/div>\n\n\n\n<h2 class=\"wp-block-heading\">Markeds- og informasjonsansvarlig: Markus Finvold Mikkelsen<\/h2>\n\n\n\n<div class=\"wp-block-group is-layout-constrained wp-block-group-is-layout-constrained\">\n<div class=\"wp-block-columns is-layout-flex wp-container-core-columns-is-layout-28f84493 wp-block-columns-is-layout-flex\">\n<div class=\"wp-block-column is-layout-flow wp-block-column-is-layout-flow\" style=\"flex-basis:50%\">\n<figure class=\"wp-block-image size-full\"><img decoding=\"async\" width=\"3024\" height=\"4032\" src=\"https:\/\/site.nord.no\/studorg\/wp-content\/uploads\/sites\/28\/2025\/10\/Markus.jpeg\" alt=\"\" class=\"wp-image-4917\" \/><\/figure>\n\n\n\n<p>Mail:<a href=\"mailto:markus.f.mikkelsen@student.nord.no\"><em>markus.f.mikkelsen@student.nord.no<\/em><\/a><\/p>\n<\/div>\n\n\n\n<div class=\"wp-block-column is-layout-flow wp-block-column-is-layout-flow\" style=\"flex-basis:100%\">\n<p><\/p>\n\n\n\n<div class=\"wp-block-group is-layout-constrained wp-block-group-is-layout-constrained\">\n<div class=\"wp-block-group is-layout-constrained wp-block-group-is-layout-constrained\">\n<p class=\"has-text-align-left has-pale-cyan-blue-background-color has-background\">Markeds- og informasjonsansvarlig har som <br>oppgave \u00e5 markedsf\u00f8re SOT p\u00e5 v\u00e5re plattformer, <br>samt opprettholde og skape samarbeid med ulike markedsakt\u00f8rer. I tillegg har vervet hovedansvar for kommunikasjon p\u00e5 SOT sine sosiale medier.<\/p>\n<\/div>\n<\/div>\n<\/div>\n<\/div>\n<\/div>\n\n\n\n<div class=\"wp-block-columns is-layout-flex wp-container-core-columns-is-layout-28f84493 wp-block-columns-is-layout-flex\">\n<div class=\"wp-block-column has-pale-cyan-blue-background-color has-background is-layout-flow wp-block-column-is-layout-flow\">\n<p class=\"has-text-align-center\">Regionsstyret per dags dato, best\u00e5r av leder, nestleder og markeds- og informasjonsansvarlig samt valgte representanter fra hvert studiested. <\/p>\n<\/div>\n<\/div>\n\n\n\n<figure class=\"wp-block-image aligncenter size-full is-resized\"><img loading=\"lazy\" decoding=\"async\" width=\"5712\" height=\"4284\" src=\"https:\/\/site.nord.no\/studorg\/wp-content\/uploads\/sites\/28\/2025\/10\/SOTGlenn.jpeg\" alt=\"\" class=\"wp-image-4918\" style=\"width:623px;height:auto\" \/><\/figure>\n\n\n\n<figure class=\"wp-block-image size-full is-resized\"><img loading=\"lazy\" decoding=\"async\" width=\"1280\" height=\"720\" src=\"https:\/\/site.nord.no\/studorg\/wp-content\/uploads\/sites\/28\/2023\/01\/org.kart_.png\" alt=\"\" class=\"wp-image-2188\" style=\"width:835px;height:468px\" \/><\/figure>\n\n\n\n<p><\/p>\n","protected":false},"excerpt":{"rendered":"<p>Regionsstyret SOT Leder: Kine Der\u00e5s L\u00f8vseth Studentorganisasjonen i Tr\u00f8ndelag (SOT) er det \u00f8verste studentpolitiske organ under Studentorganisasjonen nord (SON), for studiestedene ved Nord universitet i Tr\u00f8ndelag; Stj\u00f8rdal, Levanger, Steinkjer og Namsos. SOT jobber for \u00e5 ivareta studentenes velferd, rettigheter og interesser. Mail: leder.sot@so.nord.no Tlf: +47 979 66 845 Nestleder: Lotte Wallum Alstad Mail: nestleder.sot@so.nord.no Vi [&hellip;]<\/p>\n","protected":false},"author":75,"featured_media":0,"parent":213,"menu_order":0,"comment_status":"closed","ping_status":"closed","template":"","meta":{"footnotes":""},"coauthors":[5],"class_list":["post-321","page","type-page","status-publish","hentry"],"_links":{"self":[{"href":"https:\/\/site.nord.no\/studorg\/wp-json\/wp\/v2\/pages\/321","targetHints":{"allow":["GET"]}}],"collection":[{"href":"https:\/\/site.nord.no\/studorg\/wp-json\/wp\/v2\/pages"}],"about":[{"href":"https:\/\/site.nord.no\/studorg\/wp-json\/wp\/v2\/types\/page"}],"author":[{"embeddable":true,"href":"https:\/\/site.nord.no\/studorg\/wp-json\/wp\/v2\/users\/75"}],"replies":[{"embeddable":true,"href":"https:\/\/site.nord.no\/studorg\/wp-json\/wp\/v2\/comments?post=321"}],"version-history":[{"count":24,"href":"https:\/\/site.nord.no\/studorg\/wp-json\/wp\/v2\/pages\/321\/revisions"}],"predecessor-version":[{"id":5023,"href":"https:\/\/site.nord.no\/studorg\/wp-json\/wp\/v2\/pages\/321\/revisions\/5023"}],"up":[{"embeddable":true,"href":"https:\/\/site.nord.no\/studorg\/wp-json\/wp\/v2\/pages\/213"}],"wp:attachment":[{"href":"https:\/\/site.nord.no\/studorg\/wp-json\/wp\/v2\/media?parent=321"}],"wp:term":[{"taxonomy":"author","embeddable":true,"href":"https:\/\/site.nord.no\/studorg\/wp-json\/wp\/v2\/coauthors?post=321"}],"curies":[{"name":"wp","href":"https:\/\/api.w.org\/{rel}","templated":true}]}}