{"id":323,"date":"2022-03-25T10:17:41","date_gmt":"2022-03-25T09:17:41","guid":{"rendered":"https:\/\/site.nord.no\/studorg\/?page_id=323"},"modified":"2025-12-01T14:38:44","modified_gmt":"2025-12-01T13:38:44","slug":"styret","status":"publish","type":"page","link":"https:\/\/site.nord.no\/studorg\/son\/styret\/","title":{"rendered":"Styret (AU)"},"content":{"rendered":"\n<div class=\"wp-block-columns is-layout-flex wp-container-core-columns-is-layout-28f84493 wp-block-columns-is-layout-flex\">\n<div class=\"wp-block-column is-layout-flow wp-block-column-is-layout-flow\">\n<figure class=\"wp-block-image size-full\"><img fetchpriority=\"high\" decoding=\"async\" width=\"3594\" height=\"4493\" src=\"https:\/\/site.nord.no\/studorg\/wp-content\/uploads\/sites\/28\/2025\/11\/Markus-portrett.jpg\" alt=\"\" class=\"wp-image-5013\" \/><\/figure>\n\n\n\n<p><strong><mark style=\"background-color:#ffffff\" class=\"has-inline-color has-black-color\">Studentleder<\/mark><\/strong><\/p>\n\n\n\n<p>Markus A. Moen Furulund<\/p>\n\n\n\n<p><mark style=\"background-color:#ffffff\" class=\"has-inline-color has-black-color\">Kontaktinformasjon:&nbsp;<\/mark><\/p>\n\n\n\n<p><a href=\"mailto:leder.sonord@so.nord.no\">leder.sonord@so.nord.no<\/a><\/p>\n\n\n\n<p><mark style=\"background-color:#ffffff\" class=\"has-inline-color has-black-color\">Tlf:<\/mark><strong><em><mark style=\"background-color:#ffffff\" class=\"has-inline-color has-black-color\"> <\/mark><strong><em>+<\/em><\/strong><\/em><\/strong><em><strong><em>4<\/em><\/strong><em><strong>7<\/strong><\/em><strong> 941 95 478<\/strong><\/em><\/p>\n<\/div>\n\n\n\n<div class=\"wp-block-column is-layout-flow wp-block-column-is-layout-flow\">\n<figure class=\"wp-block-image size-full\"><img decoding=\"async\" width=\"3854\" height=\"4818\" src=\"https:\/\/site.nord.no\/studorg\/wp-content\/uploads\/sites\/28\/2025\/11\/Glennjamin-SON.jpg\" alt=\"\" class=\"wp-image-5007\" \/><\/figure>\n\n\n\n<p><strong><mark style=\"background-color:#ffffff\" class=\"has-inline-color has-black-color\">Nestleder<\/mark><\/strong><\/p>\n\n\n\n<p>Glenn Asbj\u00f8rn B. Ovedal<\/p>\n\n\n\n<p><mark style=\"background-color:#ffffff\" class=\"has-inline-color has-black-color\">Kontaktinformasjon:<\/mark> <\/p>\n\n\n\n<p><a href=\"mailto:nestleder.sonord@so.nord.no\">nestleder.sonord@so.nord.no<\/a><\/p>\n\n\n\n<p><mark style=\"background-color:#ffffff\" class=\"has-inline-color has-black-color\">Tlf: <\/mark><strong><em>+47 908 14 482<\/em><\/strong><\/p>\n<\/div>\n\n\n\n<div class=\"wp-block-column is-vertically-aligned-stretch is-layout-flow wp-block-column-is-layout-flow\">\n<figure class=\"wp-block-image size-full\"><img decoding=\"async\" width=\"4193\" height=\"5241\" src=\"https:\/\/site.nord.no\/studorg\/wp-content\/uploads\/sites\/28\/2025\/11\/Ikke-Kine-men-Julie-SON.jpg\" alt=\"\" class=\"wp-image-5010\" \/><\/figure>\n\n\n\n<p><strong><mark style=\"background-color:#ffffff\" class=\"has-inline-color has-black-color\">Fag- og l\u00e6ringsmilj\u00f8ansvarlig<\/mark><\/strong><\/p>\n\n\n\n<p>Julie Emilie Hoff Antonsen<\/p>\n\n\n\n<p><mark style=\"background-color:#ffffff\" class=\"has-inline-color has-black-color\">Kontaktinformasjon: <\/mark><\/p>\n\n\n\n<p><a href=\"mailto:fagoglm@so.nord.no\" data-type=\"mailto\" data-id=\"mailto:fagoglm@so.nord.no\">fagoglm@so.nord.no<\/a><\/p>\n\n\n\n<p><mark style=\"background-color:#ffffff\" class=\"has-inline-color has-black-color\">Tlf: <em><strong>+47 <\/strong><\/em><\/mark><strong><em>454 81 108<\/em><\/strong><\/p>\n\n\n\n<p><\/p>\n<\/div>\n\n\n\n<div class=\"wp-block-column is-vertically-aligned-center is-layout-flow wp-block-column-is-layout-flow\">\n<p><\/p>\n<\/div>\n<\/div>\n\n\n","protected":false},"excerpt":{"rendered":"<p>Studentleder Markus A. Moen Furulund Kontaktinformasjon:&nbsp; leder.sonord@so.nord.no Tlf: +47 941 95 478 Nestleder Glenn Asbj\u00f8rn B. Ovedal Kontaktinformasjon: nestleder.sonord@so.nord.no Tlf: +47 908 14 482 Fag- og l\u00e6ringsmilj\u00f8ansvarlig Julie Emilie Hoff Antonsen Kontaktinformasjon: fagoglm@so.nord.no Tlf: +47 454 81 108<\/p>\n","protected":false},"author":75,"featured_media":0,"parent":221,"menu_order":0,"comment_status":"closed","ping_status":"closed","template":"","meta":{"footnotes":""},"coauthors":[5],"class_list":["post-323","page","type-page","status-publish","hentry"],"_links":{"self":[{"href":"https:\/\/site.nord.no\/studorg\/wp-json\/wp\/v2\/pages\/323","targetHints":{"allow":["GET"]}}],"collection":[{"href":"https:\/\/site.nord.no\/studorg\/wp-json\/wp\/v2\/pages"}],"about":[{"href":"https:\/\/site.nord.no\/studorg\/wp-json\/wp\/v2\/types\/page"}],"author":[{"embeddable":true,"href":"https:\/\/site.nord.no\/studorg\/wp-json\/wp\/v2\/users\/75"}],"replies":[{"embeddable":true,"href":"https:\/\/site.nord.no\/studorg\/wp-json\/wp\/v2\/comments?post=323"}],"version-history":[{"count":35,"href":"https:\/\/site.nord.no\/studorg\/wp-json\/wp\/v2\/pages\/323\/revisions"}],"predecessor-version":[{"id":5050,"href":"https:\/\/site.nord.no\/studorg\/wp-json\/wp\/v2\/pages\/323\/revisions\/5050"}],"up":[{"embeddable":true,"href":"https:\/\/site.nord.no\/studorg\/wp-json\/wp\/v2\/pages\/221"}],"wp:attachment":[{"href":"https:\/\/site.nord.no\/studorg\/wp-json\/wp\/v2\/media?parent=323"}],"wp:term":[{"taxonomy":"author","embeddable":true,"href":"https:\/\/site.nord.no\/studorg\/wp-json\/wp\/v2\/coauthors?post=323"}],"curies":[{"name":"wp","href":"https:\/\/api.w.org\/{rel}","templated":true}]}}