{"id":329,"date":"2022-03-25T10:19:02","date_gmt":"2022-03-25T09:19:02","guid":{"rendered":"https:\/\/site.nord.no\/studorg\/?page_id=329"},"modified":"2025-10-20T17:12:14","modified_gmt":"2025-10-20T15:12:14","slug":"styret","status":"publish","type":"page","link":"https:\/\/site.nord.no\/studorg\/soh\/styret\/","title":{"rendered":"STYRET"},"content":{"rendered":"\n<div class=\"wp-block-columns is-layout-flex wp-container-core-columns-is-layout-28f84493 wp-block-columns-is-layout-flex\">\n<div class=\"wp-block-column is-layout-flow wp-block-column-is-layout-flow\">\n<figure class=\"wp-block-image alignleft size-full is-resized\"><img fetchpriority=\"high\" decoding=\"async\" width=\"1177\" height=\"1569\" src=\"https:\/\/site.nord.no\/studorg\/wp-content\/uploads\/sites\/28\/2025\/09\/IMG_4832.jpeg\" alt=\"\" class=\"wp-image-4899\" style=\"width:138px;height:auto\" \/><\/figure>\n\n\n\n<p><strong>Leander Bottolfsen Aalbotsjord, Leder<br><\/strong>Tlf: 954 01 123<br> E-post: leder.soh@so.nord.no<\/p>\n<\/div>\n<\/div>\n\n\n\n<div class=\"wp-block-columns is-layout-flex wp-container-core-columns-is-layout-28f84493 wp-block-columns-is-layout-flex\">\n<div class=\"wp-block-column is-layout-flow wp-block-column-is-layout-flow\">\n\n\n<p><strong>Martin Aag Albrigtsen, Nestleder<br><\/strong>Tlf: 974 06 899<br> E-post: nestleder.soh@so.nord.no<\/p>\n<\/div>\n<\/div>\n\n\n\n<div class=\"wp-block-columns is-layout-flex wp-container-core-columns-is-layout-28f84493 wp-block-columns-is-layout-flex\">\n<div class=\"wp-block-column is-layout-flow wp-block-column-is-layout-flow\">\n<figure class=\"wp-block-image alignleft size-full is-resized\"><img decoding=\"async\" width=\"1492\" height=\"1989\" src=\"https:\/\/site.nord.no\/studorg\/wp-content\/uploads\/sites\/28\/2025\/09\/IMG_4848.jpeg\" alt=\"\" class=\"wp-image-4901\" style=\"width:140px;height:auto\" \/><\/figure>\n\n\n\n<p><strong>Ann-Kristin \u00d8deg\u00e5rd, \u00d8konomiansvarlig<br><\/strong>Tlf: 993 56 088<br> E-post: okonomi.soh@so.nord.no<\/p>\n<\/div>\n<\/div>\n\n\n\n<div class=\"wp-block-columns is-layout-flex wp-container-core-columns-is-layout-28f84493 wp-block-columns-is-layout-flex\">\n<div class=\"wp-block-column is-layout-flow wp-block-column-is-layout-flow\">\n<figure class=\"wp-block-image alignleft size-full is-resized\"><img decoding=\"async\" width=\"1562\" height=\"2082\" src=\"https:\/\/site.nord.no\/studorg\/wp-content\/uploads\/sites\/28\/2025\/09\/IMG_41281-1.jpeg\" alt=\"\" class=\"wp-image-4898\" style=\"width:140px;height:auto\" \/><\/figure>\n\n\n\n<p><strong>Isak Lindsetmo Johansen, Informasjon og kommunikasjonsansvarlig<br><\/strong>Tlf: 992 36 015<br> E-post: info.soh@so.nord.no<\/p>\n<\/div>\n<\/div>\n\n\n\n<div class=\"wp-block-columns is-layout-flex wp-container-core-columns-is-layout-28f84493 wp-block-columns-is-layout-flex\">\n<div class=\"wp-block-column is-layout-flow wp-block-column-is-layout-flow\">\n<figure class=\"wp-block-image alignleft size-full is-resized\"><img loading=\"lazy\" decoding=\"async\" width=\"1331\" height=\"1775\" src=\"https:\/\/site.nord.no\/studorg\/wp-content\/uploads\/sites\/28\/2025\/09\/34-Astrid.jpeg\" alt=\"\" class=\"wp-image-4895\" style=\"width:140px;height:auto\" \/><\/figure>\n\n\n\n<p><strong>Astrid Osen Reinfjell, Velferdsansvarlig<br><\/strong>Tlf: 904 02 644<br> E-post: velferd.soh@so.nord.no<\/p>\n<\/div>\n<\/div>\n","protected":false},"excerpt":{"rendered":"<p>Leander Bottolfsen Aalbotsjord, LederTlf: 954 01 123 E-post: leder.soh@so.nord.no Martin Aag Albrigtsen, NestlederTlf: 974 06 899 E-post: nestleder.soh@so.nord.no Ann-Kristin \u00d8deg\u00e5rd, \u00d8konomiansvarligTlf: 993 56 088 E-post: okonomi.soh@so.nord.no Isak Lindsetmo Johansen, Informasjon og kommunikasjonsansvarligTlf: 992 36 015 E-post: info.soh@so.nord.no Astrid Osen Reinfjell, VelferdsansvarligTlf: 904 02 644 E-post: velferd.soh@so.nord.no<\/p>\n","protected":false},"author":75,"featured_media":0,"parent":224,"menu_order":0,"comment_status":"closed","ping_status":"closed","template":"","meta":{"footnotes":""},"coauthors":[5],"class_list":["post-329","page","type-page","status-publish","hentry"],"_links":{"self":[{"href":"https:\/\/site.nord.no\/studorg\/wp-json\/wp\/v2\/pages\/329","targetHints":{"allow":["GET"]}}],"collection":[{"href":"https:\/\/site.nord.no\/studorg\/wp-json\/wp\/v2\/pages"}],"about":[{"href":"https:\/\/site.nord.no\/studorg\/wp-json\/wp\/v2\/types\/page"}],"author":[{"embeddable":true,"href":"https:\/\/site.nord.no\/studorg\/wp-json\/wp\/v2\/users\/75"}],"replies":[{"embeddable":true,"href":"https:\/\/site.nord.no\/studorg\/wp-json\/wp\/v2\/comments?post=329"}],"version-history":[{"count":23,"href":"https:\/\/site.nord.no\/studorg\/wp-json\/wp\/v2\/pages\/329\/revisions"}],"predecessor-version":[{"id":4957,"href":"https:\/\/site.nord.no\/studorg\/wp-json\/wp\/v2\/pages\/329\/revisions\/4957"}],"up":[{"embeddable":true,"href":"https:\/\/site.nord.no\/studorg\/wp-json\/wp\/v2\/pages\/224"}],"wp:attachment":[{"href":"https:\/\/site.nord.no\/studorg\/wp-json\/wp\/v2\/media?parent=329"}],"wp:term":[{"taxonomy":"author","embeddable":true,"href":"https:\/\/site.nord.no\/studorg\/wp-json\/wp\/v2\/coauthors?post=329"}],"curies":[{"name":"wp","href":"https:\/\/api.w.org\/{rel}","templated":true}]}}