{"id":3667,"date":"2024-08-28T02:20:13","date_gmt":"2024-08-28T00:20:13","guid":{"rendered":"https:\/\/site.nord.no\/studorg\/?page_id=3667"},"modified":"2026-03-11T17:44:31","modified_gmt":"2026-03-11T16:44:31","slug":"jobb","status":"publish","type":"page","link":"https:\/\/site.nord.no\/studorg\/jobb\/","title":{"rendered":"Jobbportal"},"content":{"rendered":"\n<p>Har din bedrift knalltilbud for studenter? Da kan dere registrere dere i skjemaet ved \u00e5 trykke p\u00e5 knappen, og s\u00e5 oppdaterer vi oversikten fortl\u00f8pende!<\/p>\n\n\n\n<p><\/p>\n\n\n\n<div class=\"wp-block-buttons is-layout-flex wp-block-buttons-is-layout-flex\">\n<div class=\"wp-block-button\"><a class=\"wp-block-button__link wp-element-button\" href=\"https:\/\/forms.gle\/iJjUQs69ZfBHwmps9\">Skjema for registrering<\/a><\/div>\n<\/div>\n\n\n\n<h2 class=\"wp-block-heading\">Ledige Stillinger<\/h2>\n\n\n\n<hr class=\"wp-block-separator has-alpha-channel-opacity\" \/>\n\n\n\n<div class=\"wp-block-columns is-layout-flex wp-container-core-columns-is-layout-28f84493 wp-block-columns-is-layout-flex\">\n<div class=\"wp-block-column is-layout-flow wp-block-column-is-layout-flow\" style=\"flex-basis:100%\">\n<div class=\"wp-block-group is-layout-constrained wp-block-group-is-layout-constrained\">\n<div class=\"wp-block-columns is-layout-flex wp-container-core-columns-is-layout-28f84493 wp-block-columns-is-layout-flex\">\n<div class=\"wp-block-column is-layout-flow wp-block-column-is-layout-flow\" style=\"flex-basis:25%\">\n<figure class=\"wp-block-gallery aligncenter has-nested-images columns-default is-cropped wp-block-gallery-1 is-layout-flex wp-block-gallery-is-layout-flex\">\n<figure class=\"wp-block-image size-full\"><img fetchpriority=\"high\" decoding=\"async\" width=\"1500\" height=\"1126\" data-id=\"5073\" src=\"https:\/\/site.nord.no\/studorg\/wp-content\/uploads\/sites\/28\/2026\/02\/2024_LookNorth_logotype_rod_transparent.png\" alt=\"\" class=\"wp-image-5073\" srcset=\"https:\/\/site.nord.no\/studorg\/wp-content\/uploads\/sites\/28\/2026\/02\/2024_LookNorth_logotype_rod_transparent.png 1500w, https:\/\/site.nord.no\/studorg\/wp-content\/uploads\/sites\/28\/2026\/02\/2024_LookNorth_logotype_rod_transparent-300x225.png 300w, https:\/\/site.nord.no\/studorg\/wp-content\/uploads\/sites\/28\/2026\/02\/2024_LookNorth_logotype_rod_transparent-1024x769.png 1024w, https:\/\/site.nord.no\/studorg\/wp-content\/uploads\/sites\/28\/2026\/02\/2024_LookNorth_logotype_rod_transparent-768x577.png 768w\" sizes=\"(max-width: 1500px) 100vw, 1500px\" \/><\/figure>\n<\/figure>\n<\/div>\n\n\n\n<div class=\"wp-block-column is-vertically-aligned-center is-layout-flow wp-block-column-is-layout-flow\" style=\"flex-basis:50%\">\n<p><strong>Ledige trainee stillinger<\/strong><\/p>\n\n\n\n<p>Se hjemmesiden til <a href=\"https:\/\/www.look-north.net\/ledige-stillinger\">Look North<\/a> for mer informasjon.<br><\/p>\n<\/div>\n\n\n\n<div class=\"wp-block-column is-vertically-aligned-center is-layout-flow wp-block-column-is-layout-flow\" style=\"flex-basis:25%\">\n<p>S\u00f8knadsfrist: \u00e5pen<\/p>\n\n\n\n<div class=\"wp-block-buttons is-layout-flex wp-block-buttons-is-layout-flex\">\n<div class=\"wp-block-button\"><a class=\"wp-block-button__link wp-element-button\" href=\"https:\/\/www.look-north.net\/ledige-stillinger\">Les mer&#8230;<\/a><\/div>\n<\/div>\n<\/div>\n<\/div>\n<\/div>\n<\/div>\n<\/div>\n\n\n\n<hr class=\"wp-block-separator has-alpha-channel-opacity\" \/>\n\n\n\n<div class=\"wp-block-columns is-layout-flex wp-container-core-columns-is-layout-28f84493 wp-block-columns-is-layout-flex\">\n<div class=\"wp-block-column is-layout-flow wp-block-column-is-layout-flow\" style=\"flex-basis:100%\"><\/div>\n<\/div>\n\n\n\n<hr class=\"wp-block-separator has-alpha-channel-opacity\" \/>\n\n\n\n<figure class=\"wp-block-image size-full\"><img decoding=\"async\" width=\"313\" height=\"98\" src=\"https:\/\/site.nord.no\/studorg\/wp-content\/uploads\/sites\/28\/2026\/03\/North.png\" alt=\"\" class=\"wp-image-5201\" srcset=\"https:\/\/site.nord.no\/studorg\/wp-content\/uploads\/sites\/28\/2026\/03\/North.png 313w, https:\/\/site.nord.no\/studorg\/wp-content\/uploads\/sites\/28\/2026\/03\/North-300x94.png 300w\" sizes=\"(max-width: 313px) 100vw, 313px\" \/><\/figure>\n\n\n\n<div class=\"wp-block-columns is-layout-flex wp-container-core-columns-is-layout-28f84493 wp-block-columns-is-layout-flex\">\n<div class=\"wp-block-column is-layout-flow wp-block-column-is-layout-flow\" style=\"flex-basis:100%\">\n<p>Nord-Norges Europakontor i Brussel s\u00f8ker studentpraktikant<\/p>\n<\/div>\n<\/div>\n\n\n\n<div class=\"wp-block-buttons is-layout-flex wp-block-buttons-is-layout-flex\">\n<div class=\"wp-block-button\"><a class=\"wp-block-button__link wp-element-button\" href=\"https:\/\/www.northnorway.org\/aktuelt-northnorway\/?readAll=true\">Les mer &#8230;<\/a><\/div>\n<\/div>\n","protected":false},"excerpt":{"rendered":"<p>Har din bedrift knalltilbud for studenter? Da kan dere registrere dere i skjemaet ved \u00e5 trykke p\u00e5 knappen, og s\u00e5 oppdaterer vi oversikten fortl\u00f8pende! Ledige Stillinger Ledige trainee stillinger Se hjemmesiden til Look North for mer informasjon. S\u00f8knadsfrist: \u00e5pen Nord-Norges Europakontor i Brussel s\u00f8ker studentpraktikant<\/p>\n","protected":false},"author":124,"featured_media":0,"parent":0,"menu_order":0,"comment_status":"closed","ping_status":"closed","template":"","meta":{"footnotes":""},"coauthors":[22],"class_list":["post-3667","page","type-page","status-publish","hentry"],"_links":{"self":[{"href":"https:\/\/site.nord.no\/studorg\/wp-json\/wp\/v2\/pages\/3667","targetHints":{"allow":["GET"]}}],"collection":[{"href":"https:\/\/site.nord.no\/studorg\/wp-json\/wp\/v2\/pages"}],"about":[{"href":"https:\/\/site.nord.no\/studorg\/wp-json\/wp\/v2\/types\/page"}],"author":[{"embeddable":true,"href":"https:\/\/site.nord.no\/studorg\/wp-json\/wp\/v2\/users\/124"}],"replies":[{"embeddable":true,"href":"https:\/\/site.nord.no\/studorg\/wp-json\/wp\/v2\/comments?post=3667"}],"version-history":[{"count":13,"href":"https:\/\/site.nord.no\/studorg\/wp-json\/wp\/v2\/pages\/3667\/revisions"}],"predecessor-version":[{"id":5202,"href":"https:\/\/site.nord.no\/studorg\/wp-json\/wp\/v2\/pages\/3667\/revisions\/5202"}],"wp:attachment":[{"href":"https:\/\/site.nord.no\/studorg\/wp-json\/wp\/v2\/media?parent=3667"}],"wp:term":[{"taxonomy":"author","embeddable":true,"href":"https:\/\/site.nord.no\/studorg\/wp-json\/wp\/v2\/coauthors?post=3667"}],"curies":[{"name":"wp","href":"https:\/\/api.w.org\/{rel}","templated":true}]}}