{"id":4987,"date":"2025-10-27T09:53:26","date_gmt":"2025-10-27T08:53:26","guid":{"rendered":"https:\/\/site.nord.no\/studorg\/?page_id=4987"},"modified":"2025-10-27T10:24:18","modified_gmt":"2025-10-27T09:24:18","slug":"hva-skjer","status":"publish","type":"page","link":"https:\/\/site.nord.no\/studorg\/sob\/hva-skjer\/","title":{"rendered":"Hva skjer?"},"content":{"rendered":"\t\t<div data-elementor-type=\"wp-page\" data-elementor-id=\"4987\" class=\"elementor elementor-4987\" data-elementor-post-type=\"page\">\n\t\t\t\t\t\t<section class=\"elementor-section elementor-top-section elementor-element elementor-element-871fb8a elementor-section-boxed elementor-section-height-default elementor-section-height-default\" data-id=\"871fb8a\" data-element_type=\"section\" data-e-type=\"section\" data-settings=\"{&quot;background_background&quot;:&quot;classic&quot;}\">\n\t\t\t\t\t\t<div class=\"elementor-container elementor-column-gap-default\">\n\t\t\t\t\t<div class=\"elementor-column elementor-col-100 elementor-top-column elementor-element elementor-element-e65e471\" data-id=\"e65e471\" data-element_type=\"column\" data-e-type=\"column\">\n\t\t\t<div class=\"elementor-widget-wrap elementor-element-populated\">\n\t\t\t\t\t\t<div class=\"elementor-element elementor-element-0331bac elementor-widget elementor-widget-heading\" data-id=\"0331bac\" data-element_type=\"widget\" data-e-type=\"widget\" data-widget_type=\"heading.default\">\n\t\t\t\t<div class=\"elementor-widget-container\">\n\t\t\t\t\t<h1 class=\"elementor-heading-title elementor-size-default\">Hva skjer?<\/h1>\t\t\t\t<\/div>\n\t\t\t\t<\/div>\n\t\t\t\t<div class=\"elementor-element elementor-element-817074c elementor-grid-3 elementor-grid-tablet-2 elementor-grid-mobile-1 elementor-posts--thumbnail-top elementor-card-shadow-yes elementor-posts__hover-gradient elementor-widget elementor-widget-posts\" data-id=\"817074c\" data-element_type=\"widget\" data-e-type=\"widget\" data-settings=\"{&quot;cards_columns&quot;:&quot;3&quot;,&quot;cards_columns_tablet&quot;:&quot;2&quot;,&quot;cards_columns_mobile&quot;:&quot;1&quot;,&quot;cards_row_gap&quot;:{&quot;unit&quot;:&quot;px&quot;,&quot;size&quot;:35,&quot;sizes&quot;:[]},&quot;cards_row_gap_tablet&quot;:{&quot;unit&quot;:&quot;px&quot;,&quot;size&quot;:&quot;&quot;,&quot;sizes&quot;:[]},&quot;cards_row_gap_mobile&quot;:{&quot;unit&quot;:&quot;px&quot;,&quot;size&quot;:&quot;&quot;,&quot;sizes&quot;:[]}}\" data-widget_type=\"posts.cards\">\n\t\t\t\t<div class=\"elementor-widget-container\">\n\t\t\t\t\t\t\t<div class=\"elementor-posts-container elementor-posts elementor-posts--skin-cards elementor-grid\" role=\"list\">\n\t\t\t\t<article class=\"elementor-post elementor-grid-item post-4198 post type-post status-publish format-standard has-post-thumbnail hentry category-ledige-verv\" role=\"listitem\">\n\t\t\t<div class=\"elementor-post__card\">\n\t\t\t\t<a class=\"elementor-post__thumbnail__link\" href=\"https:\/\/site.nord.no\/studorg\/ledige-verv\/fadderstyret-ledig-verv\/\" tabindex=\"-1\" ><div class=\"elementor-post__thumbnail\"><img fetchpriority=\"high\" decoding=\"async\" width=\"500\" height=\"500\" src=\"https:\/\/site.nord.no\/studorg\/wp-content\/uploads\/sites\/28\/2024\/09\/Faddder-bjorn.png\" class=\"attachment-medium_large size-medium_large wp-image-4013\" alt=\"\" \/><\/div><\/a>\n\t\t\t\t<div class=\"elementor-post__text\">\n\t\t\t\t<h3 class=\"elementor-post__title\">\n\t\t\t<a href=\"https:\/\/site.nord.no\/studorg\/ledige-verv\/fadderstyret-ledig-verv\/\" >\n\t\t\t\tVI S\u00d8KER ETTER ENGASJERTE STUDENTER TIL FADDERSTYRET!\t\t\t<\/a>\n\t\t<\/h3>\n\t\t\t\t<div class=\"elementor-post__excerpt\">\n\t\t\t<p>Fadderperioden er\u00a0oppstarten til nye studenter! Tiden fylles med mange forskjellige aktiviteter som er arrangert av Fadderstyret. De samarbeider med studentforeningene, undergruppene og Samfunnet for at<\/p>\n\t\t<\/div>\n\t\t\n\t\t<a class=\"elementor-post__read-more\" href=\"https:\/\/site.nord.no\/studorg\/ledige-verv\/fadderstyret-ledig-verv\/\" aria-label=\"Read more about VI S\u00d8KER ETTER ENGASJERTE STUDENTER TIL FADDERSTYRET!\" tabindex=\"-1\" >\n\t\t\tLes mer \u00bb\t\t<\/a>\n\n\t\t\t\t<\/div>\n\t\t\t\t<div class=\"elementor-post__meta-data\">\n\t\t\t\t\t<span class=\"elementor-post-date\">\n\t\t\t27. oktober 2025\t\t<\/span>\n\t\t\t\t<\/div>\n\t\t\t\t\t<\/div>\n\t\t<\/article>\n\t\t\t\t<article class=\"elementor-post elementor-grid-item post-3870 post type-post status-publish format-standard has-post-thumbnail hentry category-sob-engasjer-deg category-ledige-verv category-sob\" role=\"listitem\">\n\t\t\t<div class=\"elementor-post__card\">\n\t\t\t\t<a class=\"elementor-post__thumbnail__link\" href=\"https:\/\/site.nord.no\/studorg\/sob\/vi-utlyser-verv\/\" tabindex=\"-1\" ><div class=\"elementor-post__thumbnail\"><img decoding=\"async\" width=\"768\" height=\"432\" src=\"https:\/\/site.nord.no\/studorg\/wp-content\/uploads\/sites\/28\/2024\/09\/fadderperioden-uka-sob.no_.png\" class=\"attachment-medium_large size-medium_large wp-image-4864\" alt=\"\" \/><\/div><\/a>\n\t\t\t\t<div class=\"elementor-post__text\">\n\t\t\t\t<h3 class=\"elementor-post__title\">\n\t\t\t<a href=\"https:\/\/site.nord.no\/studorg\/sob\/vi-utlyser-verv\/\" >\n\t\t\t\tVI S\u00d8KER ETTER ENGASJERTE STUDENTER TIL UKA OG FADDERPERIODEN 2026!\u200b\t\t\t<\/a>\n\t\t<\/h3>\n\t\t\t\t<div class=\"elementor-post__excerpt\">\n\t\t\t<p>\u00d8nsker du \u00e5 v\u00e6re en del av fadderstyret eller UKA styret \u00e5 bidra til spennende arrangementer i 2026?<br \/>\nLes mer om de ulike vervene nedenfor.<\/p>\n\t\t<\/div>\n\t\t\n\t\t<a class=\"elementor-post__read-more\" href=\"https:\/\/site.nord.no\/studorg\/sob\/vi-utlyser-verv\/\" aria-label=\"Read more about VI S\u00d8KER ETTER ENGASJERTE STUDENTER TIL UKA OG FADDERPERIODEN 2026!\u200b\" tabindex=\"-1\" >\n\t\t\tLes mer \u00bb\t\t<\/a>\n\n\t\t\t\t<\/div>\n\t\t\t\t<div class=\"elementor-post__meta-data\">\n\t\t\t\t\t<span class=\"elementor-post-date\">\n\t\t\t27. oktober 2025\t\t<\/span>\n\t\t\t\t<\/div>\n\t\t\t\t\t<\/div>\n\t\t<\/article>\n\t\t\t\t<article class=\"elementor-post elementor-grid-item post-4447 post type-post status-publish format-standard has-post-thumbnail hentry category-sob category-sobs-hostsemester category-ukategorisert\" role=\"listitem\">\n\t\t\t<div class=\"elementor-post__card\">\n\t\t\t\t<a class=\"elementor-post__thumbnail__link\" href=\"https:\/\/site.nord.no\/studorg\/ukategorisert\/sobs-hostsemester-2024\/\" tabindex=\"-1\" ><div class=\"elementor-post__thumbnail\"><img decoding=\"async\" width=\"768\" height=\"576\" src=\"https:\/\/site.nord.no\/studorg\/wp-content\/uploads\/sites\/28\/2025\/01\/471573464_613524737724797_6247788044029540936_n.jpg\" class=\"attachment-medium_large size-medium_large wp-image-4451\" alt=\"\" \/><\/div><\/a>\n\t\t\t\t<div class=\"elementor-post__text\">\n\t\t\t\t<h3 class=\"elementor-post__title\">\n\t\t\t<a href=\"https:\/\/site.nord.no\/studorg\/ukategorisert\/sobs-hostsemester-2024\/\" >\n\t\t\t\tSOB&#8217;s h\u00f8stsemester 2024\t\t\t<\/a>\n\t\t<\/h3>\n\t\t\t\t<div class=\"elementor-post__excerpt\">\n\t\t\t<p>Kj\u00e6re Bod\u00f8studenter!&nbsp; Studentorganisasjonen i Bod\u00f8 (SOB) ser tilbake p\u00e5 et spennende h\u00f8stsemester, som har v\u00e6rt engasjerende, minneverdig og givende for studenter og engasjerte p\u00e5 Nord<\/p>\n\t\t<\/div>\n\t\t\n\t\t<a class=\"elementor-post__read-more\" href=\"https:\/\/site.nord.no\/studorg\/ukategorisert\/sobs-hostsemester-2024\/\" aria-label=\"Read more about SOB&#8217;s h\u00f8stsemester 2024\" tabindex=\"-1\" >\n\t\t\tLes mer \u00bb\t\t<\/a>\n\n\t\t\t\t<\/div>\n\t\t\t\t<div class=\"elementor-post__meta-data\">\n\t\t\t\t\t<span class=\"elementor-post-date\">\n\t\t\t14. januar 2025\t\t<\/span>\n\t\t\t\t<\/div>\n\t\t\t\t\t<\/div>\n\t\t<\/article>\n\t\t\t\t<article class=\"elementor-post elementor-grid-item post-4329 post type-post status-publish format-standard has-post-thumbnail hentry category-sob category-studentting20242025 category-studentting\" role=\"listitem\">\n\t\t\t<div class=\"elementor-post__card\">\n\t\t\t\t<a class=\"elementor-post__thumbnail__link\" href=\"https:\/\/site.nord.no\/studorg\/sob\/studentting-3\/\" tabindex=\"-1\" ><div class=\"elementor-post__thumbnail\"><img loading=\"lazy\" decoding=\"async\" width=\"768\" height=\"432\" src=\"https:\/\/site.nord.no\/studorg\/wp-content\/uploads\/sites\/28\/2024\/10\/3-1.png\" class=\"attachment-medium_large size-medium_large wp-image-4336\" alt=\"\" \/><\/div><\/a>\n\t\t\t\t<div class=\"elementor-post__text\">\n\t\t\t\t<h3 class=\"elementor-post__title\">\n\t\t\t<a href=\"https:\/\/site.nord.no\/studorg\/sob\/studentting-3\/\" >\n\t\t\t\tStudentting 3\t\t\t<\/a>\n\t\t<\/h3>\n\t\t\t\t<div class=\"elementor-post__excerpt\">\n\t\t\t<p>Her ligger sakspapirene for Studentting 3 \u2013 2024\/2025: Saksapirer: Referat: Styrem\u00f8te 4 Innstilling fadderstyret Engelsk: Studentparlament 3 Boardmeeting protocoll<\/p>\n\t\t<\/div>\n\t\t\n\t\t<a class=\"elementor-post__read-more\" href=\"https:\/\/site.nord.no\/studorg\/sob\/studentting-3\/\" aria-label=\"Read more about Studentting 3\" tabindex=\"-1\" >\n\t\t\tLes mer \u00bb\t\t<\/a>\n\n\t\t\t\t<\/div>\n\t\t\t\t<div class=\"elementor-post__meta-data\">\n\t\t\t\t\t<span class=\"elementor-post-date\">\n\t\t\t31. oktober 2024\t\t<\/span>\n\t\t\t\t<\/div>\n\t\t\t\t\t<\/div>\n\t\t<\/article>\n\t\t\t\t<article class=\"elementor-post elementor-grid-item post-4142 post type-post status-publish format-standard has-post-thumbnail hentry category-ledige-verv\" role=\"listitem\">\n\t\t\t<div class=\"elementor-post__card\">\n\t\t\t\t<a class=\"elementor-post__thumbnail__link\" href=\"https:\/\/site.nord.no\/studorg\/ledige-verv\/ledig-verv\/\" tabindex=\"-1\" ><div class=\"elementor-post__thumbnail\"><img loading=\"lazy\" decoding=\"async\" width=\"768\" height=\"768\" src=\"https:\/\/site.nord.no\/studorg\/wp-content\/uploads\/sites\/28\/2024\/09\/Insta-1.png\" class=\"attachment-medium_large size-medium_large wp-image-4027\" alt=\"\" \/><\/div><\/a>\n\t\t\t\t<div class=\"elementor-post__text\">\n\t\t\t\t<h3 class=\"elementor-post__title\">\n\t\t\t<a href=\"https:\/\/site.nord.no\/studorg\/ledige-verv\/ledig-verv\/\" >\n\t\t\t\tLedig verv som Marked- og Informasjonsansvarlig\t\t\t<\/a>\n\t\t<\/h3>\n\t\t\t\t<div class=\"elementor-post__excerpt\">\n\t\t\t<p>Vi utlyser verv i SOB-styret<br \/>\nLes mer om vervet som maked og informasjonsanvarlig<\/p>\n\t\t<\/div>\n\t\t\n\t\t<a class=\"elementor-post__read-more\" href=\"https:\/\/site.nord.no\/studorg\/ledige-verv\/ledig-verv\/\" aria-label=\"Read more about Ledig verv som Marked- og Informasjonsansvarlig\" tabindex=\"-1\" >\n\t\t\tLes mer \u00bb\t\t<\/a>\n\n\t\t\t\t<\/div>\n\t\t\t\t<div class=\"elementor-post__meta-data\">\n\t\t\t\t\t<span class=\"elementor-post-date\">\n\t\t\t18. oktober 2024\t\t<\/span>\n\t\t\t\t<\/div>\n\t\t\t\t\t<\/div>\n\t\t<\/article>\n\t\t\t\t<article class=\"elementor-post elementor-grid-item post-3626 post type-post status-publish format-standard has-post-thumbnail hentry category-sob category-sobs-varsemester\" role=\"listitem\">\n\t\t\t<div class=\"elementor-post__card\">\n\t\t\t\t<a class=\"elementor-post__thumbnail__link\" href=\"https:\/\/site.nord.no\/studorg\/sob\/sobs-varsemester-2024\/\" tabindex=\"-1\" ><div class=\"elementor-post__thumbnail\"><img loading=\"lazy\" decoding=\"async\" width=\"768\" height=\"877\" src=\"https:\/\/site.nord.no\/studorg\/wp-content\/uploads\/sites\/28\/2024\/07\/IMG_9356.jpg\" class=\"attachment-medium_large size-medium_large wp-image-3627\" alt=\"\" \/><\/div><\/a>\n\t\t\t\t<div class=\"elementor-post__text\">\n\t\t\t\t<h3 class=\"elementor-post__title\">\n\t\t\t<a href=\"https:\/\/site.nord.no\/studorg\/sob\/sobs-varsemester-2024\/\" >\n\t\t\t\tSOB&#8217;s v\u00e5rsemester 2024\t\t\t<\/a>\n\t\t<\/h3>\n\t\t\t\t<div class=\"elementor-post__excerpt\">\n\t\t\t<p>Kj\u00e6re Bod\u00f8studenter, Studentorganisasjonen i Bod\u00f8 reflekterer over et fantastisk semester preget av engasjement, fellesskap og minneverdige \u00f8yeblikk. V\u00e5ren 2024 har v\u00e6rt en reise full av<\/p>\n\t\t<\/div>\n\t\t\n\t\t<a class=\"elementor-post__read-more\" href=\"https:\/\/site.nord.no\/studorg\/sob\/sobs-varsemester-2024\/\" aria-label=\"Read more about SOB&#8217;s v\u00e5rsemester 2024\" tabindex=\"-1\" >\n\t\t\tLes mer \u00bb\t\t<\/a>\n\n\t\t\t\t<\/div>\n\t\t\t\t<div class=\"elementor-post__meta-data\">\n\t\t\t\t\t<span class=\"elementor-post-date\">\n\t\t\t17. juli 2024\t\t<\/span>\n\t\t\t\t<\/div>\n\t\t\t\t\t<\/div>\n\t\t<\/article>\n\t\t\t\t<article class=\"elementor-post elementor-grid-item post-3367 post type-post status-publish format-standard has-post-thumbnail hentry category-sob category-sobs-hostsemester\" role=\"listitem\">\n\t\t\t<div class=\"elementor-post__card\">\n\t\t\t\t<a class=\"elementor-post__thumbnail__link\" href=\"https:\/\/site.nord.no\/studorg\/sob\/sobs-hostsemester-2023\/\" tabindex=\"-1\" ><div class=\"elementor-post__thumbnail\"><img loading=\"lazy\" decoding=\"async\" width=\"768\" height=\"960\" src=\"https:\/\/site.nord.no\/studorg\/wp-content\/uploads\/sites\/28\/2024\/01\/SOBs-bilde.jpeg\" class=\"attachment-medium_large size-medium_large wp-image-3368\" alt=\"\" \/><\/div><\/a>\n\t\t\t\t<div class=\"elementor-post__text\">\n\t\t\t\t<h3 class=\"elementor-post__title\">\n\t\t\t<a href=\"https:\/\/site.nord.no\/studorg\/sob\/sobs-hostsemester-2023\/\" >\n\t\t\t\tSOB&#8217;s h\u00f8stsemester 2023\t\t\t<\/a>\n\t\t<\/h3>\n\t\t\t\t<div class=\"elementor-post__excerpt\">\n\t\t\t<p>Kj\u00e6re Bod\u00f8studenter, Studentorganisasjonen i Bod\u00f8 ser tilbake p\u00e5 et fantastisk semester fylt med engasjement, fellesskap og minneverdige \u00f8yeblikk. H\u00f8sten 2023 har v\u00e6rt en reise preget<\/p>\n\t\t<\/div>\n\t\t\n\t\t<a class=\"elementor-post__read-more\" href=\"https:\/\/site.nord.no\/studorg\/sob\/sobs-hostsemester-2023\/\" aria-label=\"Read more about SOB&#8217;s h\u00f8stsemester 2023\" tabindex=\"-1\" >\n\t\t\tLes mer \u00bb\t\t<\/a>\n\n\t\t\t\t<\/div>\n\t\t\t\t<div class=\"elementor-post__meta-data\">\n\t\t\t\t\t<span class=\"elementor-post-date\">\n\t\t\t24. januar 2024\t\t<\/span>\n\t\t\t\t<\/div>\n\t\t\t\t\t<\/div>\n\t\t<\/article>\n\t\t\t\t<article class=\"elementor-post elementor-grid-item post-3139 post type-post status-publish format-standard hentry category-ledige-verv category-sob\" role=\"listitem\">\n\t\t\t<div class=\"elementor-post__card\">\n\t\t\t\t<div class=\"elementor-post__text\">\n\t\t\t\t<h3 class=\"elementor-post__title\">\n\t\t\t<a href=\"https:\/\/site.nord.no\/studorg\/sob\/fadderperioden-er-i-gang\/\" >\n\t\t\t\tVI S\u00d8KER ETTER ENGASJERTE STUDENTER TIL FADDERSTYRET!FADDERPERIODEN ER I GANG\t\t\t<\/a>\n\t\t<\/h3>\n\t\t\t\t<div class=\"elementor-post__excerpt\">\n\t\t\t<p>Fadderperioden er\u00a0to uker fylt med mange forskjellige aktiviteter arrangert av Fadderstyret. De samarbeider med studentforeningene, undergruppene og Samfunnet for at nye studenter ved Nord Universitet<\/p>\n\t\t<\/div>\n\t\t\n\t\t<a class=\"elementor-post__read-more\" href=\"https:\/\/site.nord.no\/studorg\/sob\/fadderperioden-er-i-gang\/\" aria-label=\"Read more about VI S\u00d8KER ETTER ENGASJERTE STUDENTER TIL FADDERSTYRET!FADDERPERIODEN ER I GANG\" tabindex=\"-1\" >\n\t\t\tLes mer \u00bb\t\t<\/a>\n\n\t\t\t\t<\/div>\n\t\t\t\t<div class=\"elementor-post__meta-data\">\n\t\t\t\t\t<span class=\"elementor-post-date\">\n\t\t\t14. august 2023\t\t<\/span>\n\t\t\t\t<\/div>\n\t\t\t\t\t<\/div>\n\t\t<\/article>\n\t\t\t\t<article class=\"elementor-post elementor-grid-item post-2704 post type-post status-publish format-standard has-post-thumbnail hentry category-sob\" role=\"listitem\">\n\t\t\t<div class=\"elementor-post__card\">\n\t\t\t\t<a class=\"elementor-post__thumbnail__link\" href=\"https:\/\/site.nord.no\/studorg\/sob\/nord-cup-2023\/\" tabindex=\"-1\" ><div class=\"elementor-post__thumbnail\"><img loading=\"lazy\" decoding=\"async\" width=\"768\" height=\"768\" src=\"https:\/\/site.nord.no\/studorg\/wp-content\/uploads\/sites\/28\/2023\/02\/NordCup-digital2.jpg\" class=\"attachment-medium_large size-medium_large wp-image-2707\" alt=\"\" \/><\/div><\/a>\n\t\t\t\t<div class=\"elementor-post__text\">\n\t\t\t\t<h3 class=\"elementor-post__title\">\n\t\t\t<a href=\"https:\/\/site.nord.no\/studorg\/sob\/nord-cup-2023\/\" >\n\t\t\t\tNord Cup 2023\t\t\t<\/a>\n\t\t<\/h3>\n\t\t\t\t<div class=\"elementor-post__excerpt\">\n\t\t\t<p>Vil du v\u00e6re med p\u00e5 Nord universitets f\u00f8rste Nord-cup? \u200bFor f\u00f8rste gang i Nord universitets historie arrangeres Nord Cup, 28.-30. april i Bod\u00f8. Dette skal<\/p>\n\t\t<\/div>\n\t\t\n\t\t<a class=\"elementor-post__read-more\" href=\"https:\/\/site.nord.no\/studorg\/sob\/nord-cup-2023\/\" aria-label=\"Read more about Nord Cup 2023\" tabindex=\"-1\" >\n\t\t\tLes mer \u00bb\t\t<\/a>\n\n\t\t\t\t<\/div>\n\t\t\t\t<div class=\"elementor-post__meta-data\">\n\t\t\t\t\t<span class=\"elementor-post-date\">\n\t\t\t16. februar 2023\t\t<\/span>\n\t\t\t\t<\/div>\n\t\t\t\t\t<\/div>\n\t\t<\/article>\n\t\t\t\t<article class=\"elementor-post elementor-grid-item post-2606 post type-post status-publish format-standard has-post-thumbnail hentry category-sob\" role=\"listitem\">\n\t\t\t<div class=\"elementor-post__card\">\n\t\t\t\t<a class=\"elementor-post__thumbnail__link\" href=\"https:\/\/site.nord.no\/studorg\/sob\/bodo-hoyre-pa-besok\/\" tabindex=\"-1\" ><div class=\"elementor-post__thumbnail\"><img loading=\"lazy\" decoding=\"async\" width=\"768\" height=\"576\" src=\"https:\/\/site.nord.no\/studorg\/wp-content\/uploads\/sites\/28\/2023\/01\/IMG_1899.jpg\" class=\"attachment-medium_large size-medium_large wp-image-2607\" alt=\"\" \/><\/div><\/a>\n\t\t\t\t<div class=\"elementor-post__text\">\n\t\t\t\t<h3 class=\"elementor-post__title\">\n\t\t\t<a href=\"https:\/\/site.nord.no\/studorg\/sob\/bodo-hoyre-pa-besok\/\" >\n\t\t\t\tBod\u00f8 H\u00f8yre p\u00e5 bes\u00f8k\t\t\t<\/a>\n\t\t<\/h3>\n\t\t\t\t<div class=\"elementor-post__excerpt\">\n\t\t\t<p>Vi har hatt bes\u00f8k av Bod\u00f8 H\u00f8yres ordf\u00f8rerkandidat, Odd Emil Ingebrigtsen. Her fikk vi i Studentorganisasjonen i Bod\u00f8 kommet med innspill p\u00e5 vegne av studentene<\/p>\n\t\t<\/div>\n\t\t\n\t\t<a class=\"elementor-post__read-more\" href=\"https:\/\/site.nord.no\/studorg\/sob\/bodo-hoyre-pa-besok\/\" aria-label=\"Read more about Bod\u00f8 H\u00f8yre p\u00e5 bes\u00f8k\" tabindex=\"-1\" >\n\t\t\tLes mer \u00bb\t\t<\/a>\n\n\t\t\t\t<\/div>\n\t\t\t\t<div class=\"elementor-post__meta-data\">\n\t\t\t\t\t<span class=\"elementor-post-date\">\n\t\t\t20. januar 2023\t\t<\/span>\n\t\t\t\t<\/div>\n\t\t\t\t\t<\/div>\n\t\t<\/article>\n\t\t\t\t<article class=\"elementor-post elementor-grid-item post-2394 post type-post status-publish format-standard has-post-thumbnail hentry category-sob category-ukategorisert\" role=\"listitem\">\n\t\t\t<div class=\"elementor-post__card\">\n\t\t\t\t<a class=\"elementor-post__thumbnail__link\" href=\"https:\/\/site.nord.no\/studorg\/ukategorisert\/back-to-school-2023\/\" tabindex=\"-1\" ><div class=\"elementor-post__thumbnail\"><img loading=\"lazy\" decoding=\"async\" width=\"768\" height=\"1086\" src=\"https:\/\/site.nord.no\/studorg\/wp-content\/uploads\/sites\/28\/2023\/01\/Back-to-school-norsk-program.png\" class=\"attachment-medium_large size-medium_large wp-image-2386\" alt=\"\" \/><\/div><\/a>\n\t\t\t\t<div class=\"elementor-post__text\">\n\t\t\t\t<h3 class=\"elementor-post__title\">\n\t\t\t<a href=\"https:\/\/site.nord.no\/studorg\/ukategorisert\/back-to-school-2023\/\" >\n\t\t\t\tBACK TO SCHOOL 2023\t\t\t<\/a>\n\t\t<\/h3>\n\t\t\t\t<div class=\"elementor-post__excerpt\">\n\t\t\t<p>Vi feirer det nye \u00e5ret med to uker med BACK TO SCHOOL! Vi h\u00e5per at DU deltar! Se program her:<\/p>\n\t\t<\/div>\n\t\t\n\t\t<a class=\"elementor-post__read-more\" href=\"https:\/\/site.nord.no\/studorg\/ukategorisert\/back-to-school-2023\/\" aria-label=\"Read more about BACK TO SCHOOL 2023\" tabindex=\"-1\" >\n\t\t\tLes mer \u00bb\t\t<\/a>\n\n\t\t\t\t<\/div>\n\t\t\t\t<div class=\"elementor-post__meta-data\">\n\t\t\t\t\t<span class=\"elementor-post-date\">\n\t\t\t6. januar 2023\t\t<\/span>\n\t\t\t\t<\/div>\n\t\t\t\t\t<\/div>\n\t\t<\/article>\n\t\t\t\t<\/div>\n\t\t\n\t\t\t\t\t\t<\/div>\n\t\t\t\t<\/div>\n\t\t\t\t\t<\/div>\n\t\t<\/div>\n\t\t\t\t\t<\/div>\n\t\t<\/section>\n\t\t\t\t<\/div>\n\t\t","protected":false},"excerpt":{"rendered":"","protected":false},"author":75,"featured_media":0,"parent":215,"menu_order":0,"comment_status":"closed","ping_status":"closed","template":"elementor_header_footer","meta":{"footnotes":""},"coauthors":[5],"class_list":["post-4987","page","type-page","status-publish","hentry"],"_links":{"self":[{"href":"https:\/\/site.nord.no\/studorg\/wp-json\/wp\/v2\/pages\/4987","targetHints":{"allow":["GET"]}}],"collection":[{"href":"https:\/\/site.nord.no\/studorg\/wp-json\/wp\/v2\/pages"}],"about":[{"href":"https:\/\/site.nord.no\/studorg\/wp-json\/wp\/v2\/types\/page"}],"author":[{"embeddable":true,"href":"https:\/\/site.nord.no\/studorg\/wp-json\/wp\/v2\/users\/75"}],"replies":[{"embeddable":true,"href":"https:\/\/site.nord.no\/studorg\/wp-json\/wp\/v2\/comments?post=4987"}],"version-history":[{"count":4,"href":"https:\/\/site.nord.no\/studorg\/wp-json\/wp\/v2\/pages\/4987\/revisions"}],"predecessor-version":[{"id":4992,"href":"https:\/\/site.nord.no\/studorg\/wp-json\/wp\/v2\/pages\/4987\/revisions\/4992"}],"up":[{"embeddable":true,"href":"https:\/\/site.nord.no\/studorg\/wp-json\/wp\/v2\/pages\/215"}],"wp:attachment":[{"href":"https:\/\/site.nord.no\/studorg\/wp-json\/wp\/v2\/media?parent=4987"}],"wp:term":[{"taxonomy":"author","embeddable":true,"href":"https:\/\/site.nord.no\/studorg\/wp-json\/wp\/v2\/coauthors?post=4987"}],"curies":[{"name":"wp","href":"https:\/\/api.w.org\/{rel}","templated":true}]}}