{"id":788,"date":"2022-05-11T13:37:19","date_gmt":"2022-05-11T11:37:19","guid":{"rendered":"https:\/\/site.nord.no\/studorg\/?page_id=788"},"modified":"2026-03-26T15:00:13","modified_gmt":"2026-03-26T14:00:13","slug":"arsmoteprotokoller","status":"publish","type":"page","link":"https:\/\/site.nord.no\/studorg\/son\/dokumenter\/arsmoteprotokoller\/","title":{"rendered":"\u00c5rsm\u00f8teprotokoller"},"content":{"rendered":"\n<div style=\"height:0px\" aria-hidden=\"true\" class=\"wp-block-spacer\"><\/div>\n\n\n\n<p><strong><mark style=\"background-color:#ffffff\" class=\"has-inline-color has-black-color\">\u00c5rsm\u00f8tet 202<\/mark>6<\/strong><\/p>\n\n\n\n<ul class=\"wp-block-list\">\n<li><a href=\"https:\/\/site.nord.no\/studorg\/wp-content\/uploads\/sites\/28\/2026\/03\/Utkast-til-protokoll-AM-SON-26.pdf\" data-type=\"link\" data-id=\"https:\/\/site.nord.no\/studorg\/wp-content\/uploads\/sites\/28\/2026\/03\/Utkast-til-protokoll-AM-SON-26.pdf\" target=\"_blank\" rel=\"noreferrer noopener\">\u00c5rsm\u00f8teprotokoll<\/a><\/li>\n<\/ul>\n\n\n\n<p><\/p>\n\n\n\n<p><strong><mark style=\"background-color:#ffffff\" class=\"has-inline-color has-black-color\">\u00c5rsm\u00f8tet 202<\/mark>5<\/strong><\/p>\n\n\n\n<ul class=\"wp-block-list\">\n<li><a href=\"https:\/\/site.nord.no\/studorg\/wp-content\/uploads\/sites\/28\/2025\/07\/Singert-Protokoll-2025.pdf\">\u00c5rsm\u00f8teprotokoll<\/a><\/li>\n<\/ul>\n\n\n\n<p><\/p>\n\n\n\n<p><strong>\u00c5rsm\u00f8tet 2024<\/strong><\/p>\n\n\n\n<ul class=\"wp-block-list\">\n<li><a href=\"https:\/\/site.nord.no\/studorg\/wp-content\/uploads\/sites\/28\/2024\/04\/Protokoll-arsmote-SON-2024.pdf\">\u00c5rsm\u00f8teprotokoll<\/a><\/li>\n<\/ul>\n\n\n\n<p><\/p>\n\n\n\n<p class=\"has-black-color has-text-color\"><strong><mark style=\"background-color:#ffffff\" class=\"has-inline-color has-black-color\">\u00c5rsm\u00f8tet 202<\/mark>3<\/strong><\/p>\n\n\n\n<ul class=\"wp-block-list\">\n<li><a rel=\"noreferrer noopener\" href=\"https:\/\/site.nord.no\/studorg\/wp-content\/uploads\/sites\/28\/2023\/03\/Protokoll-A\u030arsmote-2023-SON-signert-av-Ha\u030avard-og-Lise-Marie.pdf\" data-type=\"attachment\" data-id=\"2854\" target=\"_blank\">\u00c5rsm\u00f8teprotokoll<\/a><\/li>\n<\/ul>\n\n\n\n<div style=\"height:25px\" aria-hidden=\"true\" class=\"wp-block-spacer\"><\/div>\n\n\n\n<p><strong><mark style=\"background-color:#ffffff\" class=\"has-inline-color has-black-color\">\u00c5rsm\u00f8tet 2022<\/mark><\/strong><\/p>\n\n\n\n<ul class=\"wp-block-list\">\n<li><a rel=\"noreferrer noopener\" href=\"https:\/\/site.nord.no\/studorg\/wp-content\/uploads\/sites\/28\/2022\/05\/Protokollunderskrift.pdf\" target=\"_blank\">\u00c5rsm\u00f8teprotokoll<\/a><\/li>\n<\/ul>\n\n\n\n<div style=\"height:25px\" aria-hidden=\"true\" class=\"wp-block-spacer\"><\/div>\n\n\n\n<p><strong><mark style=\"background-color:#ffffff\" class=\"has-inline-color has-black-color\">\u00c5rsm\u00f8tet 2021<\/mark><\/strong><\/p>\n\n\n\n<ul class=\"wp-block-list\">\n<li><a href=\"https:\/\/site.nord.no\/studorg\/wp-content\/uploads\/sites\/28\/2022\/05\/arsmoeteprotokoll_2021_signert.pdf\" data-type=\"URL\" data-id=\"https:\/\/site.nord.no\/studorg\/wp-content\/uploads\/sites\/28\/2022\/05\/arsmoeteprotokoll_2021_signert.pdf\" target=\"_blank\" rel=\"noreferrer noopener\">\u00c5rsm\u00f8teprotokoll<\/a> <\/li>\n<\/ul>\n\n\n\n<div style=\"height:25px\" aria-hidden=\"true\" class=\"wp-block-spacer\"><\/div>\n\n\n\n<p><strong><mark style=\"background-color:#ffffff\" class=\"has-inline-color has-black-color\">\u00c5rsm\u00f8tet 2020<\/mark><\/strong><\/p>\n\n\n\n<ul class=\"wp-block-list\">\n<li><a href=\"https:\/\/site.nord.no\/studorg\/wp-content\/uploads\/sites\/28\/2022\/05\/protokoll_arsmoete_studentorganisasjonen_nord_2020_1.pdf\" data-type=\"URL\" data-id=\"https:\/\/site.nord.no\/studorg\/wp-content\/uploads\/sites\/28\/2022\/05\/protokoll_arsmoete_studentorganisasjonen_nord_2020_1.pdf\" target=\"_blank\" rel=\"noreferrer noopener\">\u00c5rsm\u00f8teprotokoll<\/a><\/li>\n<\/ul>\n\n\n\n<p><\/p>\n","protected":false},"excerpt":{"rendered":"<p>\u00c5rsm\u00f8tet 2026 \u00c5rsm\u00f8tet 2025 \u00c5rsm\u00f8tet 2024 \u00c5rsm\u00f8tet 2023 \u00c5rsm\u00f8tet 2022 \u00c5rsm\u00f8tet 2021 \u00c5rsm\u00f8tet 2020<\/p>\n","protected":false},"author":102,"featured_media":0,"parent":690,"menu_order":0,"comment_status":"closed","ping_status":"closed","template":"","meta":{"footnotes":""},"coauthors":[19],"class_list":["post-788","page","type-page","status-publish","hentry"],"_links":{"self":[{"href":"https:\/\/site.nord.no\/studorg\/wp-json\/wp\/v2\/pages\/788","targetHints":{"allow":["GET"]}}],"collection":[{"href":"https:\/\/site.nord.no\/studorg\/wp-json\/wp\/v2\/pages"}],"about":[{"href":"https:\/\/site.nord.no\/studorg\/wp-json\/wp\/v2\/types\/page"}],"author":[{"embeddable":true,"href":"https:\/\/site.nord.no\/studorg\/wp-json\/wp\/v2\/users\/102"}],"replies":[{"embeddable":true,"href":"https:\/\/site.nord.no\/studorg\/wp-json\/wp\/v2\/comments?post=788"}],"version-history":[{"count":16,"href":"https:\/\/site.nord.no\/studorg\/wp-json\/wp\/v2\/pages\/788\/revisions"}],"predecessor-version":[{"id":5241,"href":"https:\/\/site.nord.no\/studorg\/wp-json\/wp\/v2\/pages\/788\/revisions\/5241"}],"up":[{"embeddable":true,"href":"https:\/\/site.nord.no\/studorg\/wp-json\/wp\/v2\/pages\/690"}],"wp:attachment":[{"href":"https:\/\/site.nord.no\/studorg\/wp-json\/wp\/v2\/media?parent=788"}],"wp:term":[{"taxonomy":"author","embeddable":true,"href":"https:\/\/site.nord.no\/studorg\/wp-json\/wp\/v2\/coauthors?post=788"}],"curies":[{"name":"wp","href":"https:\/\/api.w.org\/{rel}","templated":true}]}}