{"id":183,"date":"2023-08-23T08:53:05","date_gmt":"2023-08-23T06:53:05","guid":{"rendered":"https:\/\/site.nord.no\/sustainable-arctic-cruise-communities\/?page_id=183"},"modified":"2023-11-24T12:18:02","modified_gmt":"2023-11-24T11:18:02","slug":"report-isafjordur-iceland","status":"publish","type":"page","link":"https:\/\/site.nord.no\/sustainable-arctic-cruise-communities\/report-isafjordur-iceland\/","title":{"rendered":"Report \u00cdsafj\u00f6r\u00f0ur, Iceland"},"content":{"rendered":"\n<p>By: \u00c1sa Marta Sveinsd\u00f3ttir and Ulrika Persson-Fischier<\/p>\n\n\n\n<p>Web version: <a href=\"https:\/\/nordlandsforskning.wrep.it\/cruise-destination-isafjordur\">https:\/\/nordlandsforskning.wrep.it\/cruise-destination-isafjordur<\/a><\/p>\n\n\n\n<p>Report in English: <a href=\"https:\/\/www.rmf.is\/static\/research\/files\/case-report-published.pdf\">https:\/\/www.rmf.is\/static\/research\/files\/case-report-published.pdf<\/a><\/p>\n\n\n\n<p>Report in Icelandic: <a href=\"https:\/\/eur01.safelinks.protection.outlook.com\/?url=https%3A%2F%2Fwww.rmf.is%2Fstatic%2Fresearch%2Ffiles%2Fskemmtiskipa-ferdamennska-a-isafirdi-avinningur-og-askoranir.pdf&amp;data=05%7C01%7Chin.h.heemstra%40nord.no%7Ca26e11c127274dcc0fcf08db9fe0edb9%7Cfed13d9f21df485d909a231f3c6d16f0%7C1%7C1%7C638279560635064788%7CUnknown%7CTWFpbGZsb3d8eyJWIjoiMC4wLjAwMDAiLCJQIjoiV2luMzIiLCJBTiI6Ik1haWwiLCJXVCI6Mn0%3D%7C3000%7C%7C%7C&amp;sdata=FaWgf9MOxFuvKND6FKZZOhMUhSqZeocbqv1XTZtf12E%3D&amp;reserved=0\">https:\/\/eur01.safelinks.protection.outlook.com\/?url=https%3A%2F%2Fwww.rmf.is%2Fstatic%2Fresearch%2Ffiles%2Fskemmtiskipa-ferdamennska-a-isafirdi-avinningur-og-askoranir.pdf&amp;data=05%7C01%7Chin.h.heemstra%40nord.no%7Ca26e11c127274dcc0fcf08db9fe0edb9%7Cfed13d9f21df485d909a231f3c6d16f0%7C1%7C1%7C638279560635064788%7CUnknown%7CTWFpbGZsb3d8eyJWIjoiMC4wLjAwMDAiLCJQIjoiV2luMzIiLCJBTiI6Ik1haWwiLCJXVCI6Mn0%3D%7C3000%7C%7C%7C&amp;sdata=FaWgf9MOxFuvKND6FKZZOhMUhSqZeocbqv1XTZtf12E%3D&amp;reserved=0<\/a><\/p>\n\n\n\n<figure class=\"wp-block-image size-full\"><img fetchpriority=\"high\" decoding=\"async\" width=\"4624\" height=\"3468\" src=\"https:\/\/site.nord.no\/sustainable-arctic-cruise-communities\/wp-content\/uploads\/sites\/63\/2023\/08\/20220713_135219.jpg\" alt=\"\" class=\"wp-image-187\" \/><\/figure>\n\n\n\n<h2 class=\"wp-block-heading\">Summary of the report in English<\/h2>\n\n\n\n<p>This report regards the cruise destination&nbsp;\u00cdsafj\u00f6r\u00f0ur in the Westfjords in Iceland.&nbsp;\u00cdsafj\u00f6r\u00f0ur is located on the Westfjords peninsula, in the northwest of Iceland, in the fjord Skutulsfj\u00f6r\u00f0ur surrounded by steep mountains. The municipality of \u00cdsafj\u00f6r\u00f0ur is \u00cdsafjar\u00f0arb\u00e6r. It consists of five towns and villages, \u00cdsafj\u00f6r\u00f0ur being the largest town with around 2750 inhabitants.<\/p>\n\n\n\n<p>In this area, the fishing industry has dominated the economy for centuries. However, the current situation is characterized by a contraction in the fishing sector, such as in fisheries and fish processing.&nbsp;<\/p>\n\n\n\n<p>The tourism and service industry are growing rapidly and is today one of the main industries. Due to its location, transportation to \u00cdsafj\u00f6r\u00f0ur is challenging, especially during the winter months, as the town is remote and the roads in the Westfjords have not been developed at the same pace as in other parts of the country. Transportation costs are, therefore, high within and to other parts of the country. \u00cdsafj\u00f6r\u00f0ur has one operating airport that operates flights to and from Reykjav\u00edk.&nbsp;<\/p>\n\n\n\n<p>According to the Icelandic Tourist Board, only 10% of international tourists that arrived via Keflav\u00edk airport in the year 2019 visited Westfjords, and only 14% of domestic tourists visited the peninsula that year.&nbsp;&nbsp;Land-based tourists are therefore not a substantial part of tourism in \u00cdsafj\u00f6r\u00f0ur, and cruise tourism is all the more important for the local tourism industry. Due to hard winters and road conditions, the majority of tourists visit \u00cdsafj\u00f6r\u00f0ur over the summer months, June, July, August. The destination thus deals with high fluctuations in seasonality.<\/p>\n\n\n\n<figure class=\"wp-block-image size-full\"><img decoding=\"async\" width=\"4624\" height=\"3468\" src=\"https:\/\/site.nord.no\/sustainable-arctic-cruise-communities\/wp-content\/uploads\/sites\/63\/2023\/08\/20220713_142119.jpg\" alt=\"\" class=\"wp-image-188\" \/><\/figure>\n\n\n\n<p>Cruise ships began sailing to \u00cdsafj\u00f6r\u00f0ur around 1990 and in 1994 the first organized cruise excursions were established for cruise passengers by a local tour operator. Since 2014 the number of cruise tourists has risen steadily, with nearly 100&nbsp;000 visitors in 2019, the year before the Covid-19 pandemic. The majority of cruise ship passengers are from Germany, North America or the United Kingdom.&nbsp;Most of the ships are small luxurious expedition cruise vessels with less than 500 passengers on board, and many are members of AECO. Both so-called expedition ships and larger, so-called overseas cruise ships come to&nbsp;\u00cdsafj\u00f6r\u00f0ur. It is interesting to note that practices on land regarding these two different types of cruise vessels do not differ in \u00cdsafj\u00f6r\u00f0ur. These types of cruise ships use the same port facilities, cruise passengers are offered the same cruise excursions on land and local tour operators work with both types of cruise lines the same way.<\/p>\n\n\n\n<p>The cruise ships usually tour around the whole of Iceland, and \u00cdsafj\u00f6r\u00f0ur is only one of the stops around the country. \u00cdsafj\u00f6r\u00f0ur port is the third busiest cruise port after the two largest cruise ports in Iceland, Reykjav\u00edk and Akureyri ports. \u00cdsafj\u00f6r\u00f0ur is conveniently situated between these two major cruise destinations, which is one reason why cruise ships choose to do a stopover in \u00cdsafj\u00f6r\u00f0ur.&nbsp;The cruise ships spend on average 8-10 hours in port, arriving early morning and leaving in the afternoon.&nbsp;In 2020 and 2021 there were hardly any cruise calls to \u00cdsafj\u00f6r\u00f0ur due to the global pandemic, but the industry was quick to recover. In 2022 passenger numbers had nearly reached the same number as before the pandemic, with 85 000 passengers arriving, and 260 000 passengers expected in 2023 (Figure 2), which is a major increase.<\/p>\n\n\n\n<p>\u00cdsafj\u00f6r\u00f0ur port has four accessible piers for cruise ships, but ships can also drop their anchor at a designated anchorage area at the entrance point to the port when all piers are occupied. The port does not contain a terminal building for cruise passengers and transportation possibilities are limited, with no shuttle service or public transportation on site. The town is however easily accessible by foot, only 300 meters away from the cruise piers. Rental cars and taxis are available for passengers at the port area and excursion bus pickups are available at the port, only a few meters from where passengers disembark.&nbsp;<\/p>\n\n\n\n<p>The tourist information office, which is run by the municipality, operates a booth at the port and welcomes and guides cruise guests that have chosen to walk around town independently, without tour operators\u2019 involvement.&nbsp;<\/p>\n\n\n\n<p>Each cruise guest receives a map of the area, figure 4. In town, cruise ship passengers can visit the old town, local shops, museums and caf\u00e9s.&nbsp;<\/p>\n\n\n\n<p>There are various options to choose from for cruise visitors while on land. Many cruise tourists join pre-booked cruise excursions, and the main local tour operator is West Tours. The majority of cruise excursion bookings from cruise lines are managed by two major tour agents in Iceland, that is Atlantik and Iceland travel,&nbsp;which collaborate with local tour operators and tourism businesses. The tour agents recruit a local staff member for every cruise season to make sure tours run smoothly. The tour agents and the major tour operators in \u00cdsafj\u00f6r\u00f0ur work closely together.&nbsp;There are also few independent tourism businesses that operate outside of the pre-booked excursions or guided walking tours without the cruise lines\u2019 or tour agents\u2019 involvement. Those businesses skip the middleman and avoid paying extra commission.&nbsp;<\/p>\n\n\n\n<p>Local tour operators greet cruise passengers that have pre-booked an excursion, where to go, which group to follow or which bus to join.&nbsp;&nbsp;Many cruise passengers hop on a bus right after disembarking and are driven outside of the town to neighbouring towns or nature attractions. Others that join a guided tour without joining a pre-booked activity, join some of the local companies who advertise their tours at the disembarkation area, and leave as soon as enough tourists have joined their tour.<\/p>\n\n\n\n<p>Popular attractions for cruise visitors are \u00cdsafj\u00f6r\u00f0ur downtown area which cruise passengers can reach by foot, \u00d3sv\u00f6r museum and Dynjandi waterfall, which the majority of cruise passengers visit by bus, Hornstrandir nature reserve and Vigur Island, which cruise passengers can access with a local boat transfer company from the port of \u00cdsafj\u00f6r\u00f0ur, and more.&nbsp;<\/p>\n\n\n\n<p>For excursions in nature areas surrounding town, it is necessary for tour operators to consult with landowners regarding the traffic of people on private land and are expected to treat nature and wildlife with respect. All cruise ship masters receive a guideline on regulations and environmental conservation acts developed by the Environmental agency, Icelandic transport authority and the Icelandic coast guard who have the authority to make sure all laws and regulations are followed.&nbsp;Specific rules apply to the Hornstrandir nature reserve which is located north of \u00cdsafj\u00f6r\u00f0ur. All vessels are prohibited to go any closer than 115 meters in order to protect seabird habitation areas and no vessels with more than 51 people on board are allowed to go ashore. However, there are no rules on the limit of people allowed at the reserve at the same time.&nbsp;This prevents passenger ships with more than 51 persons on board to go directly to the nature reserve, as was the previous practice, and they must now anchor in \u00cdsafj\u00f6r\u00f0ur and use the local boat transportation to the reserve. However, since the limit on 51 passanger regards the transportation to and from Hornstrandir, and not how many tourists can be there at the same time, the practice is on busy days to have several groups of 51 people at Hornstrandir simultaneously, and the local boat transportation must go back and forth a lot. This local boat transportation is also used by locals to reach their cabins and summer houses on the peninsula and by hikers and campers.<\/p>\n\n\n\n<p>The port of \u00cdsafj\u00f6r\u00f0ur is currently under construction, to build a 300 m extension of the existing pier Sundabakki, to a total of 500 m. The total cost of this project is estimated to be 1 billion Icelandic kr\u00f3nur. This project was launched to meet the needs of the cruise ship industry and to increase the port&#8217;s revenue. With the extension, the port will be able to welcome large cruise ships that have up till now not been able to dock at \u00cdsafj\u00f6r\u00f0ur port and also more cruise ships at the same time. Cruise lines pay a higher docking fee to the port if they dock at the pier instead of anchoring out in the bay. The port\u2019s revenue is expected to increase by 40 million a year with the extension. Today,&nbsp;a bit more than 50% of the port\u2019s revenue comes from the cruise ship industry. This project is funded by the port of \u00cdsafj\u00f6r\u00f0ur with subsidies from the Icelandic government.&nbsp;There is a plan to invest in electrification infrastructure for small and medium-sized cruise ships with the extension which will reduce emissions while cruise ships are docked at port. The core businesses located at the port area are related to fishing activities. Other type of businesses and institutions are the University of Westfjords, educational centres, tourism businesses, tourist information office, museums, shops, restaurants and bar, car rentals and car repair shops.<\/p>\n","protected":false},"excerpt":{"rendered":"<p>By: \u00c1sa Marta Sveinsd\u00f3ttir and Ulrika Persson-Fischier Web version: https:\/\/nordlandsforskning.wrep.it\/cruise-destination-isafjordur Report in English: https:\/\/www.rmf.is\/static\/research\/files\/case-report-published.pdf Report in Icelandic: https:\/\/eur01.safelinks.protection.outlook.com\/?url=https%3A%2F%2Fwww.rmf.is%2Fstatic%2Fresearch%2Ffiles%2Fskemmtiskipa-ferdamennska-a-isafirdi-avinningur-og-askoranir.pdf&amp;data=05%7C01%7Chin.h.heemstra%40nord.no%7Ca26e11c127274dcc0fcf08db9fe0edb9%7Cfed13d9f21df485d909a231f3c6d16f0%7C1%7C1%7C638279560635064788%7CUnknown%7CTWFpbGZsb3d8eyJWIjoiMC4wLjAwMDAiLCJQIjoiV2luMzIiLCJBTiI6Ik1haWwiLCJXVCI6Mn0%3D%7C3000%7C%7C%7C&amp;sdata=FaWgf9MOxFuvKND6FKZZOhMUhSqZeocbqv1XTZtf12E%3D&amp;reserved=0 Summary of the report in English This report regards the cruise destination&nbsp;\u00cdsafj\u00f6r\u00f0ur &hellip; <a href=\"https:\/\/site.nord.no\/sustainable-arctic-cruise-communities\/report-isafjordur-iceland\/\" class=\"more-link\">Continue reading<span class=\"screen-reader-text\"> &#8220;Report \u00cdsafj\u00f6r\u00f0ur, Iceland&#8221;<\/span><\/a><\/p>\n","protected":false},"author":130,"featured_media":0,"parent":0,"menu_order":0,"comment_status":"closed","ping_status":"closed","template":"","meta":{"footnotes":""},"coauthors":[11],"class_list":["post-183","page","type-page","status-publish","hentry"],"_links":{"self":[{"href":"https:\/\/site.nord.no\/sustainable-arctic-cruise-communities\/wp-json\/wp\/v2\/pages\/183","targetHints":{"allow":["GET"]}}],"collection":[{"href":"https:\/\/site.nord.no\/sustainable-arctic-cruise-communities\/wp-json\/wp\/v2\/pages"}],"about":[{"href":"https:\/\/site.nord.no\/sustainable-arctic-cruise-communities\/wp-json\/wp\/v2\/types\/page"}],"author":[{"embeddable":true,"href":"https:\/\/site.nord.no\/sustainable-arctic-cruise-communities\/wp-json\/wp\/v2\/users\/130"}],"replies":[{"embeddable":true,"href":"https:\/\/site.nord.no\/sustainable-arctic-cruise-communities\/wp-json\/wp\/v2\/comments?post=183"}],"version-history":[{"count":4,"href":"https:\/\/site.nord.no\/sustainable-arctic-cruise-communities\/wp-json\/wp\/v2\/pages\/183\/revisions"}],"predecessor-version":[{"id":305,"href":"https:\/\/site.nord.no\/sustainable-arctic-cruise-communities\/wp-json\/wp\/v2\/pages\/183\/revisions\/305"}],"wp:attachment":[{"href":"https:\/\/site.nord.no\/sustainable-arctic-cruise-communities\/wp-json\/wp\/v2\/media?parent=183"}],"wp:term":[{"taxonomy":"author","embeddable":true,"href":"https:\/\/site.nord.no\/sustainable-arctic-cruise-communities\/wp-json\/wp\/v2\/coauthors?post=183"}],"curies":[{"name":"wp","href":"https:\/\/api.w.org\/{rel}","templated":true}]}}