{"id":190,"date":"2023-08-23T09:20:06","date_gmt":"2023-08-23T07:20:06","guid":{"rendered":"https:\/\/site.nord.no\/sustainable-arctic-cruise-communities\/?page_id=190"},"modified":"2023-08-23T09:23:26","modified_gmt":"2023-08-23T07:23:26","slug":"project-partners","status":"publish","type":"page","link":"https:\/\/site.nord.no\/sustainable-arctic-cruise-communities\/project-partners\/","title":{"rendered":"Project partners"},"content":{"rendered":"\n<p>This project is the result of the international collaboration between 7 institutions, and 12 researchers.<\/p>\n\n\n\n<figure class=\"wp-block-table\"><table><tbody><tr><td><strong>Name<\/strong><\/td><td><strong>Affiliation<\/strong><\/td><td><strong>Roles<\/strong><\/td><td><strong>Email<\/strong><\/td><\/tr><tr><td>Hin H. Heemstra<\/td><td>Nord University<\/td><td>Project leader (PI), researcher Case Alta and Honningsv\u00e5g<\/td><td><a href=\"mailto:hin.h.heemstra@nord.no\">hin.h.heemstra@nord.no<\/a><\/td><\/tr><tr><td>Carina Ren<\/td><td>Aalborg University<\/td><td>Leader&nbsp;WP 2&nbsp;(Conceptual framework),&nbsp;Case responsible Nuuk,&nbsp;Researcher&nbsp;case Nuuk<\/td><td>ren@hum.aau<\/td><\/tr><tr><td>Albina Pashkevich<\/td><td>H\u00f6gskolen Dalarna<\/td><td>Leader&nbsp;WP 3&nbsp;(Case studies), Data Steward, Researchercase Honningsv\u00e5g and Alta<\/td><td>alp@du.se<\/td><\/tr><tr><td>Julia Olsen<\/td><td>Nordland Research Institute, Nord University<\/td><td>Leader&nbsp;WP 4&nbsp;(Cross case Analysis), researcher&nbsp;case Lofoten<\/td><td><a href=\"mailto:jol@nforsk.no\">jol@nforsk.no, julia.olsen@nord.no<\/a><\/td><\/tr><tr><td>Helena Gonzales Lindberg<\/td><td>Nordland Research Institute<\/td><td>WP 4, researcher<\/td><td><a href=\"mailto:hgl@nforsk.no\">hgl@nforsk.no<\/a><\/td><\/tr><tr><td>Karin Wigger<\/td><td>Nord University<\/td><td>Case responsible&nbsp;Lofoten, researcher<\/td><td><a href=\"mailto:karin.a.wigger@nord.no\">karin.a.wigger@nord.no<\/a><\/td><\/tr><tr><td>Laura James<\/td><td>Aalborg University<\/td><td>Researcher&nbsp;Nuuk<\/td><td>leja@hum.aau.dk<\/td><\/tr><tr><td>Henrik Halkier<\/td><td>Aalborg University<\/td><td>Researcher&nbsp;Nuuk<\/td><td><a href=\"mailto:halkier@ikl.aau.dk\">halkier@ikl.aau.dk<\/a><\/td><\/tr><tr><td>Marina Nenasheva<\/td><td>Northern Arctic Federal University<\/td><td>Case responsible, researcher<\/td><td>m.nenasheva@narfu.ru<\/td><\/tr><tr><td>\u00c1sa Marta Sveinsd\u00f3ttir<\/td><td>Icelandic Tourism Research Center<\/td><td>Case responsible&nbsp;\u00cdsafj\u00f6r\u00f0ur, researcher<\/td><td><a href=\"mailto:asamarta@rmf.is\">asamarta@rmf.is<\/a><\/td><\/tr><tr><td>Gu\u00f0r\u00fan \u00de\u00f3ra&nbsp;&nbsp;Gunnarsd\u00f3ttir&nbsp;<\/td><td>Icelandic Tourism Research Center<\/td><td>Researcher \u00cdsafj\u00f6r\u00f0ur<\/td><td><a href=\"mailto:gudrunthora@rmf.is\">gudrunthora@rmf.is<\/a><\/td><\/tr><tr><td>Ulrika Persson-Fischier<\/td><td>Uppsala University<\/td><td>Researcher \u00cdsafj\u00f6r\u00f0ur<\/td><td>ulrika.persson-fischier@angstrom.uu.se<\/td><\/tr><\/tbody><\/table><\/figure>\n\n\n\n<p><\/p>\n","protected":false},"excerpt":{"rendered":"<p>This project is the result of the international collaboration between 7 institutions, and 12 researchers. Name Affiliation Roles Email Hin H. Heemstra Nord University Project leader (PI), researcher Case Alta &hellip; <a href=\"https:\/\/site.nord.no\/sustainable-arctic-cruise-communities\/project-partners\/\" class=\"more-link\">Continue reading<span class=\"screen-reader-text\"> &#8220;Project partners&#8221;<\/span><\/a><\/p>\n","protected":false},"author":130,"featured_media":0,"parent":0,"menu_order":0,"comment_status":"closed","ping_status":"closed","template":"","meta":{"footnotes":""},"coauthors":[11],"class_list":["post-190","page","type-page","status-publish","hentry"],"_links":{"self":[{"href":"https:\/\/site.nord.no\/sustainable-arctic-cruise-communities\/wp-json\/wp\/v2\/pages\/190","targetHints":{"allow":["GET"]}}],"collection":[{"href":"https:\/\/site.nord.no\/sustainable-arctic-cruise-communities\/wp-json\/wp\/v2\/pages"}],"about":[{"href":"https:\/\/site.nord.no\/sustainable-arctic-cruise-communities\/wp-json\/wp\/v2\/types\/page"}],"author":[{"embeddable":true,"href":"https:\/\/site.nord.no\/sustainable-arctic-cruise-communities\/wp-json\/wp\/v2\/users\/130"}],"replies":[{"embeddable":true,"href":"https:\/\/site.nord.no\/sustainable-arctic-cruise-communities\/wp-json\/wp\/v2\/comments?post=190"}],"version-history":[{"count":2,"href":"https:\/\/site.nord.no\/sustainable-arctic-cruise-communities\/wp-json\/wp\/v2\/pages\/190\/revisions"}],"predecessor-version":[{"id":193,"href":"https:\/\/site.nord.no\/sustainable-arctic-cruise-communities\/wp-json\/wp\/v2\/pages\/190\/revisions\/193"}],"wp:attachment":[{"href":"https:\/\/site.nord.no\/sustainable-arctic-cruise-communities\/wp-json\/wp\/v2\/media?parent=190"}],"wp:term":[{"taxonomy":"author","embeddable":true,"href":"https:\/\/site.nord.no\/sustainable-arctic-cruise-communities\/wp-json\/wp\/v2\/coauthors?post=190"}],"curies":[{"name":"wp","href":"https:\/\/api.w.org\/{rel}","templated":true}]}}