{"id":30,"date":"2015-08-25T10:49:52","date_gmt":"2015-08-25T08:49:52","guid":{"rendered":"http:\/\/teater.nord.no\/?page_id=30"},"modified":"2026-02-01T13:44:03","modified_gmt":"2026-02-01T12:44:03","slug":"education","status":"publish","type":"page","link":"https:\/\/site.nord.no\/teater\/education\/","title":{"rendered":"Education"},"content":{"rendered":"\t\t<div data-elementor-type=\"wp-page\" data-elementor-id=\"30\" class=\"elementor elementor-30\" data-elementor-post-type=\"page\">\n\t\t\t\t<div class=\"elementor-element elementor-element-2531fdfc e-flex e-con-boxed e-con e-parent\" data-id=\"2531fdfc\" data-element_type=\"container\" data-e-type=\"container\">\n\t\t\t\t\t<div class=\"e-con-inner\">\n\t\t\t\t<div class=\"elementor-element elementor-element-a49dbb4 elementor-widget elementor-widget-text-editor\" data-id=\"a49dbb4\" data-element_type=\"widget\" data-e-type=\"widget\" data-widget_type=\"text-editor.default\">\n\t\t\t\t<div class=\"elementor-widget-container\">\n\t\t\t\t\t\t\t\t\t<h3><a href=\"https:\/\/www.nord.no\/en\/studies\/acting-and-artistic-production-bachelors-programme\" target=\"_blank\" rel=\"noopener\"><strong>Acting and Artistic Production<\/strong><\/a><\/h3><p>The <strong>BA Acting &amp; Artistic Production<\/strong> is a leading international training programme for creative actors. The three-year practical course develops actors with the skills to push the boundaries of theatrical performance and to take charge of their artistic careers. Former students from the school have professionally active within every part of the performance industry as actors, playwrights, directors, scenographers, and composers. They work within many of Norway&#8217;s main theatre venues as well as for national and international theatre companies and film production companies. Independent <a href=\"https:\/\/site.nord.no\/teater\/artistic-companies\/\">production companies<\/a> have been founded by former students and gained recognition, awards and critical acclaim.<\/p><p><strong><img fetchpriority=\"high\" decoding=\"async\" class=\"alignleft wp-image-1793\" src=\"https:\/\/site.nord.no\/teater\/wp-content\/uploads\/sites\/97\/2024\/10\/img_2923.png\" alt=\"\" width=\"700\" height=\"462\" \/><\/strong><\/p><p><strong>Theatre Pedagogy<\/strong><br \/>The journey of the education grows out of the pedagogy developed by Jacques Lecoq at his school <em>\u00c9cole Internationale de Th\u00e9\u00e2tre Jacques Lecoq<\/em> where many of our teachers were trained. This pedagogy, built on exploring and renewing foundational theatre traditions, aims to rediscover and explore humanity and the world through a process of observation, re-enactment and creation. The course is a highly structured journey where the importance of body, space and play are emphasised through work in movement, improvisation, and creation. This is allied to work on text, voice, film, music, singing, and professional development.<\/p><p><strong>The Journey<\/strong><\/p><p><strong>First year<\/strong><br \/>The first year explores and develops the actor\u2019s body as an instrument. The goal is to increase the student&#8217;s awareness and flexibility, open new paths for movement, and experience the world and others in play. Students receive instruction in improvisation, movement, acrobatics, stage combat, mask work, text, voice, singing, and music. Each week, students create their own work to build creative skills and put into practice what they are learning.<\/p><p><strong>Second year : Style Work and Creation<\/strong><br \/>Students explore acting and creation through different genres and stylistic directions. Students devise original performances developed by exploring specific genres and styles: \u00a0gestural theatre, physical storytelling, mask work (commedia del&#8217;arte), tragedy, bouffon, myst\u00e9re, grotesque realism, drama, absurdist theatre, text work, comedy, and theatre-clowning.<\/p><p><strong>Third year : Creative Actors<\/strong><br \/>The course focuses on developing students as creative actors through workshop-based work in diverse artistic directions. Students work with text, both classical and contemporary, with object theatre, film, and their own productions. They are challenged to figure out what they want to say and how they can express this in an artistic form. The third year concludes with a graduation performances. In recent years, it has been performed for audiences in Trondheim, and Oslo.<\/p><p><strong> Music<\/strong><br \/>The programme includes various music subjects as an important part of the curriculum. Instruction is given in ensemble singing, solo singing, collaboration, and composition. Musical work is also integrated into parts of the theatre training<\/p><p><strong>Industry Collaborations<\/strong><br \/>We are in contact with academic environments in the Nordic countries, Europe, and beyond. We host visits from professionals as guest lecturers and theatre companies with extensive international experience. In 2019, we started a partnership with the Lecoq school in France, where 3rd-year students participate in a workshops.<\/p><p>As part of the 3rd year of study our we invite outside professional artists to collaborate with the students to create a full scale production. Some of the artists we have collaborated with are Simon T. Rann and French company Compagnie de L&#8217;\u00c9tre (2020 &amp; 2024), American\/Norwegian company Wakka Wakka Productions (2023), British company Theatre Ad Infinitum (2019), and New International Encounter &#8211; NIE (2017 &amp; 2018), Figurteatret I Nordland, and France&#8217;s Compagnie Philippe Genty (no longer active).<\/p>\t\t\t\t\t\t\t\t<\/div>\n\t\t\t\t<\/div>\n\t\t\t\t<div class=\"elementor-element elementor-element-aeae702 elementor-widget elementor-widget-image\" data-id=\"aeae702\" data-element_type=\"widget\" data-e-type=\"widget\" data-widget_type=\"image.default\">\n\t\t\t\t<div class=\"elementor-widget-container\">\n\t\t\t\t\t\t\t\t\t\t\t\t\t\t\t<img decoding=\"async\" width=\"800\" height=\"449\" src=\"https:\/\/site.nord.no\/teater\/wp-content\/uploads\/sites\/97\/2024\/10\/lone_sittende.jpg\" class=\"attachment-large size-large wp-image-1773\" alt=\"\" \/>\t\t\t\t\t\t\t\t\t\t\t\t\t\t\t<\/div>\n\t\t\t\t<\/div>\n\t\t\t\t\t<\/div>\n\t\t\t\t<\/div>\n\t\t<div class=\"elementor-element elementor-element-f881cb8 e-flex e-con-boxed e-con e-parent\" data-id=\"f881cb8\" data-element_type=\"container\" data-e-type=\"container\">\n\t\t\t\t\t<div class=\"e-con-inner\">\n\t\t\t\t\t<\/div>\n\t\t\t\t<\/div>\n\t\t<div class=\"elementor-element elementor-element-4e09d64 e-flex e-con-boxed e-con e-parent\" data-id=\"4e09d64\" data-element_type=\"container\" data-e-type=\"container\">\n\t\t\t\t\t<div class=\"e-con-inner\">\n\t\t<div class=\"elementor-element elementor-element-c8c4990 e-con-full e-flex e-con e-child\" data-id=\"c8c4990\" data-element_type=\"container\" data-e-type=\"container\">\n\t\t\t\t<\/div>\n\t\t<div class=\"elementor-element elementor-element-a37bd72 e-con-full e-flex e-con e-child\" data-id=\"a37bd72\" data-element_type=\"container\" data-e-type=\"container\">\n\t\t\t\t<\/div>\n\t\t<div class=\"elementor-element elementor-element-5e97d9b e-con-full e-flex e-con e-child\" data-id=\"5e97d9b\" data-element_type=\"container\" data-e-type=\"container\">\n\t\t\t\t<\/div>\n\t\t<div class=\"elementor-element elementor-element-aeb31f8 e-con-full e-flex e-con e-child\" data-id=\"aeb31f8\" data-element_type=\"container\" data-e-type=\"container\">\n\t\t\t\t<\/div>\n\t\t\t\t\t<\/div>\n\t\t\t\t<\/div>\n\t\t\t\t<\/div>\n\t\t","protected":false},"excerpt":{"rendered":"<p>Acting and Artistic Production The BA Acting &amp; Artistic Production is a leading international training programme for creative actors. The three-year practical course develops actors with the skills to push the boundaries of theatrical performance and to take charge of their artistic careers. Former students from the school have professionally active within every part of [&hellip;]<\/p>\n","protected":false},"author":192,"featured_media":1902,"parent":0,"menu_order":0,"comment_status":"closed","ping_status":"closed","template":"","meta":{"footnotes":""},"categories":[],"tags":[],"coauthors":[10],"class_list":["post-30","page","type-page","status-publish","has-post-thumbnail","hentry"],"_links":{"self":[{"href":"https:\/\/site.nord.no\/teater\/wp-json\/wp\/v2\/pages\/30","targetHints":{"allow":["GET"]}}],"collection":[{"href":"https:\/\/site.nord.no\/teater\/wp-json\/wp\/v2\/pages"}],"about":[{"href":"https:\/\/site.nord.no\/teater\/wp-json\/wp\/v2\/types\/page"}],"author":[{"embeddable":true,"href":"https:\/\/site.nord.no\/teater\/wp-json\/wp\/v2\/users\/192"}],"replies":[{"embeddable":true,"href":"https:\/\/site.nord.no\/teater\/wp-json\/wp\/v2\/comments?post=30"}],"version-history":[{"count":53,"href":"https:\/\/site.nord.no\/teater\/wp-json\/wp\/v2\/pages\/30\/revisions"}],"predecessor-version":[{"id":2678,"href":"https:\/\/site.nord.no\/teater\/wp-json\/wp\/v2\/pages\/30\/revisions\/2678"}],"wp:featuredmedia":[{"embeddable":true,"href":"https:\/\/site.nord.no\/teater\/wp-json\/wp\/v2\/media\/1902"}],"wp:attachment":[{"href":"https:\/\/site.nord.no\/teater\/wp-json\/wp\/v2\/media?parent=30"}],"wp:term":[{"taxonomy":"category","embeddable":true,"href":"https:\/\/site.nord.no\/teater\/wp-json\/wp\/v2\/categories?post=30"},{"taxonomy":"post_tag","embeddable":true,"href":"https:\/\/site.nord.no\/teater\/wp-json\/wp\/v2\/tags?post=30"},{"taxonomy":"author","embeddable":true,"href":"https:\/\/site.nord.no\/teater\/wp-json\/wp\/v2\/coauthors?post=30"}],"curies":[{"name":"wp","href":"https:\/\/api.w.org\/{rel}","templated":true}]}}