{"id":64,"date":"2015-08-26T08:50:58","date_gmt":"2015-08-26T06:50:58","guid":{"rendered":"http:\/\/teater.nord.no\/?page_id=64"},"modified":"2026-03-18T13:12:06","modified_gmt":"2026-03-18T12:12:06","slug":"opptak","status":"publish","type":"page","link":"https:\/\/site.nord.no\/teater\/opptak\/","title":{"rendered":"OPPTAK"},"content":{"rendered":"\t\t<div data-elementor-type=\"wp-page\" data-elementor-id=\"64\" class=\"elementor elementor-64\" data-elementor-post-type=\"page\">\n\t\t\t\t<div class=\"elementor-element elementor-element-300a8771 e-flex e-con-boxed e-con e-parent\" data-id=\"300a8771\" data-element_type=\"container\" data-e-type=\"container\">\n\t\t\t\t\t<div class=\"e-con-inner\">\n\t\t\t\t<div class=\"elementor-element elementor-element-4639a78 elementor-widget elementor-widget-text-editor\" data-id=\"4639a78\" data-element_type=\"widget\" data-e-type=\"widget\" data-widget_type=\"text-editor.default\">\n\t\t\t\t<div class=\"elementor-widget-container\">\n\t\t\t\t\t\t\t\t\t<p><strong>S\u00f8knadsfrist: 15. Mars, 2026 (23:59)<\/strong><\/p><p><em>Offisiell studieplan og opptakskrav finner du p\u00e5 www.nord.no ved \u00e5 g\u00e5 inn p\u00e5 f\u00f8lgende lenker:<\/em><\/p><p style=\"padding-left: 40px\"><strong>Bachelorkurs:<\/strong><br \/>3 \u00e5r p\u00e5 heltid: <strong><a href=\"https:\/\/www.nord.no\/studier\/skuespill-og-scenekunstproduksjon-bachelor\" target=\"_blank\" rel=\"noopener\">BA Skuespill og scenekunstproduksjon<\/a><\/strong><br \/><strong>S\u00f8knadsportalen:<\/strong> <a href=\"https:\/\/fsweb.no\/soknadsweb\/login.jsf?inst=nord\" target=\"_blank\" rel=\"noopener noreferrer\"><strong>S\u00d8KNADSWEB<\/strong><\/a><br \/><strong>S\u00f8knadsskjema (last ned):<\/strong><\/p><p style=\"padding-left: 40px\"><strong>S\u00f8knadsfrist:<\/strong> 15. Mars, 2026 (23:59)<\/p><h3>S\u00d8K STUDIEPLASS<\/h3><p>Last ned og fyll ut s\u00f8knadsskjema (s\u00f8knadsskjemaet legges ut i god tid f\u00f8r opptaket \u00e5pnes).<\/p><p>Laste ned og fylle ut f\u00f8lgende dokument: <br \/>Laste det opp med all n\u00f8dvendig informasjon via s\u00f8knadsportalen: <a href=\"https:\/\/fsweb.no\/soknadsweb\/login.jsf?inst=nord\" target=\"_blank\" rel=\"noopener noreferrer\"><strong>S\u00d8KNADSWEB<\/strong><\/a><br \/>S\u00f8knadsskjemaet skal inneholde f\u00f8lgende informasjon:<\/p><p style=\"padding-left: 40px\"><strong>1. Personlige opplysninger<br \/>2. Foto:<\/strong> 1 bilde<br \/><strong>3. CV<br \/>4. Motivasjon<br \/>5. Lenke til<\/strong><strong> 1. Opptakspr\u00f8ve: Self-tapes Monologer<\/strong><br \/><strong>6. Merk av hvor du \u00f8nsker \u00e5 delta til 2. opptakspr\u00f8ve<\/strong><\/p><p>S\u00f8knaden m\u00e5 sendes innen fristen: <strong>15. mars 2026 (23:59)<\/strong><\/p><h3>OPPTAKSPR\u00d8VER<\/h3><p>Opptakspr\u00f8vene best\u00e5r av tre separate trinn ledet av pedagogene v\u00e5re.<\/p><p><strong>1. OPPTAKSPR\u00d8VE: Self-tapes Monologer<\/strong><br \/>Velg to kontrasterende tekster som viser ulike sider av ditt talent. Du f\u00e5r ikke forslag til tekster fra oss, men du skal selv velge to ulike tekster. Du kan spille p\u00e5 hvilket som helst spr\u00e5k du foretrekker.\u00a0<\/p><p><strong>SELF-TAPES &#8211; RETNINGSLINJER<\/strong><br \/>Innhold:<br \/>\u2022 Personlig introduksjon (\u2264 1 min): Oppgi navn, alder, hvor du kommer fra og hvorfor du s\u00f8ker.<br \/>\u2022 2 Monologer: Spill inn 2 kontrasterende monologer (\u2264 2 min hver).<br \/>F\u00f8r du fremf\u00f8rer monologen, gi en kort introduksjon (karakter, tekst og forfatter). N\u00e5r du har introdusert monologen, fortsett \u00e5 filme uten kutt eller redigering, og s\u00f8rg for at du er klar f\u00f8r du begynner \u00e5 spille. N\u00e5r du kommer til slutten av monologen, m\u00e5 du vise en klar slutt f\u00f8r du avslutter og kutter opptaket. Du kan spille p\u00e5 hvilket som helst spr\u00e5k du foretrekker.<br \/>Hvordan filme:<br \/>\u2022 Hver monolog m\u00e5 filmes i ett opptak uten kutt eller redigering.<br \/>\u2022 Hvert opptak b\u00f8r spilles i MAX 3 minutter (tekst-introduksjon og monolog).<br \/>\u2022 Kameraet b\u00f8r v\u00e6re stabilt og plassert slik at hele kroppen er synlig.<br \/>\u2022 S\u00f8rg for god belysning, bruk et n\u00f8ytralt rom og sjekk at lyden p\u00e5 videoene kommer tydelig frem.<br \/>\u2022 Dobbeltsjekk at vi f\u00e5r se og h\u00f8re deg tydelig p\u00e5 skjermen.<br \/>\u2022 Vi vurderer kvaliteten p\u00e5 skuespillet, ikke det tekniske niv\u00e5et p\u00e5 videoen.<br \/>\u2022 Bruk ditt fulle navn p\u00e5 alle filene\/linkene du laster opp.<\/p><p><strong>2. OPPTAKSPR\u00d8VE: Halvdags workshop<\/strong><br \/>De som g\u00e5r videre fra f\u00f8rste runde, deltar p\u00e5 en halvdags workshop med fokus p\u00e5 bevegelse og improvisasjon. Ta p\u00e5 kl\u00e6r egnet for bevegelse, fjern alle smykker og v\u00e6r klar til \u00e5 utforske med lekenhet og samspill. Du kan velge hvor du \u00f8nsker \u00e5 delta i denne runden:<\/p><p style=\"padding-left: 40px\"><strong>Oslo: 20-24 April 2026.<br \/>Levanger: 8-9 mai 2026.<\/strong><\/p><p><strong>3. OPPTAKSPR\u00d8VE: 4-dagers workshop. \u00a0<\/strong><\/p><p><strong>Levanger: 10- 13 mai 2026.<\/strong><br \/>De utvalgte kandidatene inviteres til Campus R\u00f8stad i Levanger for \u00e5 delta p\u00e5 en intensiv workshop som kan sammenlignes med en typisk arbeidsuke p\u00e5 Nord. Du vil oppleve hvordan det er \u00e5 studere hos oss, og l\u00e6rerne vil vurdere hvordan du passer inn b\u00e5de faglig og sosialt. Her f\u00e5r vi pr\u00f8vd deg ut i undervisning gjennom improvisasjon, bevegelse, musikk, sang og ensemblearbeid. P\u00e5 starten av workshopen f\u00e5r dere en oppgave som dere m\u00e5 utf\u00f8re gjennom kreativt gruppearbeid med fremvisning av resultatet siste dag. Kom i bevegelseskl\u00e6r og ta av smykker, klokker, osv.<\/p><h3>UTVELGELSE<\/h3><p>Den endelige utvelgelsen tas av en jury best\u00e5ende av v\u00e5re pedagoger ved Nord universitet. Juryen kan gi tilbud om studieplass, plass p\u00e5 venteliste, eller avslag.<\/p><p><strong>Hva vi ser etter:<\/strong><br \/>Vi ser etter kandidater med sterkt skuespillertalent, gode samarbeidsevner og en tydelig motivasjon for utdanningen. Kandidater som viser et potensial for \u00e5 trives med v\u00e5re arbeidsmetoder, er mest aktuelle.<br \/>Vi ser etter studenter som er:<br \/>\u2022 Dedikerte, lekne og gener\u00f8se.<br \/>\u2022 Ambisi\u00f8se, nysgjerrige og \u00e5pne for nye utfordringer.<br \/>\u2022 Villige til \u00e5 utvikle seg og ta imot konstruktiv tilbakemelding.<br \/>V\u00e5rt undervisningsopplegg er basert p\u00e5 ensemblearbeid. Derfor er det viktig for oss \u00e5 skape en balansert og variert klassedynamikk med ulike typer skuespillertalenter. Samarbeid mellom l\u00e6rere og studenter er ogs\u00e5 avgj\u00f8rende, og vi \u00f8nsker studenter som kan bidra p\u00e5 en konstruktiv m\u00e5te, samt bruke tilbakemeldinger aktivt for \u00e5 utvikle seg p\u00e5 en effektiv m\u00e5te.<\/p><p><strong>Antall studieplasser:<\/strong><br \/>Bachelorprogrammet har totalt 60 studieplasser, fordelt p\u00e5 tre \u00e5rskull, med omtrent 20 studenter i hver klasse.<br \/>Beskjed om utfallet sendes ut senest: <strong>30. mai 2026<\/strong><\/p><p><strong>Semesterkurs* (1. \u00e5rs bachelor):<\/strong><br \/>\u2022 H\u00f8stsemester: <a href=\"https:\/\/www.nord.no\/en\/studies\/courses\/tea1008\" target=\"_blank\" rel=\"noopener\"><strong>Acting and devising 1<\/strong><\/a><br \/>\u2022 V\u00e5rsemester: <a href=\"https:\/\/www.nord.no\/en\/studies\/courses\/tea1009\" target=\"_blank\" rel=\"noopener\"><strong>Acting and devising 2<\/strong><\/a><br \/><em>*Det er forel\u00f8pig ingen frister for de som \u00f8nsker \u00e5 s\u00f8ke p\u00e5 semesterkursene. Studieplass tilbys etter vellykket gjennomf\u00f8ring og utvelgelse basert p\u00e5 opptakspr\u00f8ven.<\/em><\/p><div><strong>Ved sp\u00f8rsm\u00e5l ang\u00e5ende opptakspr\u00f8ver:<\/strong><\/div><div><em>\u2022 Jason Turner (Studieprogramansvarlig)<br \/><\/em><\/div><div><em>Email: <\/em><em><a href=\"mailto:jason.turner@nord.no\">jason.turner@nord.no<\/a><\/em><\/div><p><em>\u2022 Michael Sharman (l\u00e6rer)<\/em><br \/><em>E-post: <\/em><em><a href=\"mailto:michael.a.sharman@nord.no\">michael.a.sharman@nord.no<\/a><\/em><\/p><div><strong>Ved sp\u00f8rsm\u00e5l ang\u00e5ende opptak:<\/strong><\/div><div><em><a href=\"https:\/\/www.nord.no\/studier\/opptak\/opptak-til-bachelorstudier\" target=\"_blank\" rel=\"noopener\">Opptakskontor<\/a><\/em><\/div><div><em>Tlf: 75 51 76 99<br \/>Mandag &#8211; fredag<br \/>12.00 &#8211; 14.00<\/em><\/div><div><em>E-post: <\/em><em><a href=\"mailto:opptak@nord.no\">opptak@nord.no<\/a><\/em><\/div>\t\t\t\t\t\t\t\t<\/div>\n\t\t\t\t<\/div>\n\t\t\t\t\t<\/div>\n\t\t\t\t<\/div>\n\t\t\t\t<\/div>\n\t\t","protected":false},"excerpt":{"rendered":"<p>S\u00f8knadsfrist: 15. Mars, 2026 (23:59) Offisiell studieplan og opptakskrav finner du p\u00e5 www.nord.no ved \u00e5 g\u00e5 inn p\u00e5 f\u00f8lgende lenker: Bachelorkurs:3 \u00e5r p\u00e5 heltid: BA Skuespill og scenekunstproduksjonS\u00f8knadsportalen: S\u00d8KNADSWEBS\u00f8knadsskjema (last ned): S\u00f8knadsfrist: 15. Mars, 2026 (23:59) S\u00d8K STUDIEPLASS Last ned og fyll ut s\u00f8knadsskjema (s\u00f8knadsskjemaet legges ut i god tid f\u00f8r opptaket \u00e5pnes). Laste ned [&hellip;]<\/p>\n","protected":false},"author":192,"featured_media":0,"parent":0,"menu_order":0,"comment_status":"closed","ping_status":"closed","template":"","meta":{"footnotes":""},"categories":[],"tags":[],"coauthors":[10,33],"class_list":["post-64","page","type-page","status-publish","hentry"],"_links":{"self":[{"href":"https:\/\/site.nord.no\/teater\/wp-json\/wp\/v2\/pages\/64","targetHints":{"allow":["GET"]}}],"collection":[{"href":"https:\/\/site.nord.no\/teater\/wp-json\/wp\/v2\/pages"}],"about":[{"href":"https:\/\/site.nord.no\/teater\/wp-json\/wp\/v2\/types\/page"}],"author":[{"embeddable":true,"href":"https:\/\/site.nord.no\/teater\/wp-json\/wp\/v2\/users\/192"}],"replies":[{"embeddable":true,"href":"https:\/\/site.nord.no\/teater\/wp-json\/wp\/v2\/comments?post=64"}],"version-history":[{"count":60,"href":"https:\/\/site.nord.no\/teater\/wp-json\/wp\/v2\/pages\/64\/revisions"}],"predecessor-version":[{"id":2703,"href":"https:\/\/site.nord.no\/teater\/wp-json\/wp\/v2\/pages\/64\/revisions\/2703"}],"wp:attachment":[{"href":"https:\/\/site.nord.no\/teater\/wp-json\/wp\/v2\/media?parent=64"}],"wp:term":[{"taxonomy":"category","embeddable":true,"href":"https:\/\/site.nord.no\/teater\/wp-json\/wp\/v2\/categories?post=64"},{"taxonomy":"post_tag","embeddable":true,"href":"https:\/\/site.nord.no\/teater\/wp-json\/wp\/v2\/tags?post=64"},{"taxonomy":"author","embeddable":true,"href":"https:\/\/site.nord.no\/teater\/wp-json\/wp\/v2\/coauthors?post=64"}],"curies":[{"name":"wp","href":"https:\/\/api.w.org\/{rel}","templated":true}]}}