{"id":94,"date":"2022-04-27T10:20:23","date_gmt":"2022-04-27T08:20:23","guid":{"rendered":"https:\/\/site.nord.no\/words-and-violence\/?page_id=94"},"modified":"2025-12-10T11:11:26","modified_gmt":"2025-12-10T10:11:26","slug":"publications","status":"publish","type":"page","link":"https:\/\/site.nord.no\/words-and-violence\/publications\/","title":{"rendered":"Publications"},"content":{"rendered":"<ul class=\"wp-block-latest-posts__list has-dates has-author wp-block-latest-posts\"><\/ul>\n\n\n<p style=\"font-size:18px\">April 2025: <a href=\"https:\/\/www.sciencedirect.com\/science\/article\/pii\/S0304422X25000117\">Literary practices, capital structures and political position-taking: The Norwegian writers during World War II<br><\/a><\/p>\n\n\n\n<p style=\"font-size:18px\">Mai 2024: <a href=\"https:\/\/www.idunn.no\/doi\/full\/10.18261\/nlvt.27.1.4\">I hvilken grad b\u00f8r kunsten v\u00e6re et moralsk og politisk frirom? Kjetil Jakobsen om moralens kunst, Gis\u00e8le Sapiro og debatten om ytringsansvar og litteratur.<\/a><\/p>\n\n\n\n<p><\/p>\n","protected":false},"excerpt":{"rendered":"<p>April 2025: Literary practices, capital structures and political position-taking: The Norwegian writers during World War II Mai 2024: I hvilken grad b\u00f8r kunsten v\u00e6re et moralsk og politisk frirom? Kjetil Jakobsen om moralens kunst, Gis\u00e8le Sapiro og debatten om ytringsansvar og litteratur.<\/p>\n","protected":false},"author":75,"featured_media":0,"parent":0,"menu_order":0,"comment_status":"closed","ping_status":"closed","template":"","meta":{"footnotes":""},"coauthors":[3],"class_list":["post-94","page","type-page","status-publish","hentry"],"_links":{"self":[{"href":"https:\/\/site.nord.no\/words-and-violence\/wp-json\/wp\/v2\/pages\/94","targetHints":{"allow":["GET"]}}],"collection":[{"href":"https:\/\/site.nord.no\/words-and-violence\/wp-json\/wp\/v2\/pages"}],"about":[{"href":"https:\/\/site.nord.no\/words-and-violence\/wp-json\/wp\/v2\/types\/page"}],"author":[{"embeddable":true,"href":"https:\/\/site.nord.no\/words-and-violence\/wp-json\/wp\/v2\/users\/75"}],"replies":[{"embeddable":true,"href":"https:\/\/site.nord.no\/words-and-violence\/wp-json\/wp\/v2\/comments?post=94"}],"version-history":[{"count":6,"href":"https:\/\/site.nord.no\/words-and-violence\/wp-json\/wp\/v2\/pages\/94\/revisions"}],"predecessor-version":[{"id":863,"href":"https:\/\/site.nord.no\/words-and-violence\/wp-json\/wp\/v2\/pages\/94\/revisions\/863"}],"wp:attachment":[{"href":"https:\/\/site.nord.no\/words-and-violence\/wp-json\/wp\/v2\/media?parent=94"}],"wp:term":[{"taxonomy":"author","embeddable":true,"href":"https:\/\/site.nord.no\/words-and-violence\/wp-json\/wp\/v2\/coauthors?post=94"}],"curies":[{"name":"wp","href":"https:\/\/api.w.org\/{rel}","templated":true}]}}